{"id":1221,"date":"2015-02-24T18:46:54","date_gmt":"2015-02-24T16:46:54","guid":{"rendered":"https:\/\/atlasreflex.com\/glossary\/dup-atlas\/"},"modified":"2020-01-22T13:22:39","modified_gmt":"2020-01-22T11:22:39","slug":"axis","status":"publish","type":"page","link":"https:\/\/atlasreflex.com\/atlastherapie\/axis\/","title":{"rendered":"Axis"},"content":{"rendered":"<p>[feature_box style=\u201c1\u2033 only_advanced=\u201cThere%20are%20no%20title%20options%20for%20the%20choosen%20style\u201c alignment=\u201ccenter\u201c]<\/p>\n<p>Bei dem Axis handelt es sich um den zweiten Halswirbel. Dieser bildet zusammen mit dem ersten<\/p>\n<p>Halswirbel, dem Atals, ein Radgelenk. In diesem Gelenk kann eine longitudinale Achse Drehungen<\/p>\n<p>von etwa 30\u00b0 zu beiden Seiten ausf\u00fchren. Auf diese Weise sind dann eben auch Drehungen des<\/p>\n<p>Kopfes m\u00f6glich.\u00a0 Das Wort \u201eAxis\u201c stammt aus dem Griechischen und bedeutet so viel, wie Achse. Der<\/p>\n<p>Wirbelk\u00f6rper des Axis ist sehr gro\u00df und massiv. Als besonderes Merkmal bei diesem Wirbel kann der<\/p>\n<p>Dorn oder Zahn des Axis bezeichnet werden. Dieses besondere Kennzeichen findet sich vorne an der<\/p>\n<p>Oberseite des Wirbelk\u00f6rpers.<\/p>\n<p>\u00a0<\/p>\n<p>[\/feature_box]<\/p>\n","protected":false},"excerpt":{"rendered":"<p>[feature_box style=\u201c1\u2033 only_advanced=\u201cThere%20are%20no%20title%20options%20for%20the%20choosen%20style\u201c alignment=\u201ccenter\u201c] Bei dem Axis handelt es sich um den zweiten Halswirbel. Dieser bildet zusammen mit dem ersten Halswirbel, dem Atals, ein Radgelenk. In diesem Gelenk kann eine longitudinale Achse Drehungen von etwa 30\u00b0 zu beiden Seiten ausf\u00fchren. Auf diese Weise sind dann eben auch Drehungen des Kopfes m\u00f6glich.\u00a0 Das Wort \u201eAxis\u201c stammt <a href=\"https:\/\/atlasreflex.com\/atlastherapie\/axis\/\"> [&#8230;]<\/a><\/p>\n","protected":false},"author":2,"featured_media":0,"parent":0,"menu_order":0,"comment_status":"open","ping_status":"open","template":"","meta":{"om_disable_all_campaigns":false,"footnotes":""},"class_list":["post-1221","page","type-page","status-publish","hentry"],"yoast_head":"<!-- This site is optimized with the Yoast SEO Premium plugin v27.4 (Yoast SEO v27.5) - https:\/\/yoast.com\/product\/yoast-seo-premium-wordpress\/ -->\n<title>Axis ist der zweite Halswirbel direkt unter dem Atlas | Atlastherapie<\/title>\n<meta name=\"description\" content=\"Bei dem Axis handelt es sich um den zweiten Halswirbel. Dieser bildet zusammen mit dem ersten Halswirbel, dem Atals, ein Radgelenk.\" \/>\n<meta name=\"robots\" content=\"index, follow, max-snippet:-1, max-image-preview:large, max-video-preview:-1\" \/>\n<link rel=\"canonical\" href=\"https:\/\/atlasreflex.com\/atlastherapie\/axis\/\" \/>\n<meta property=\"og:locale\" content=\"de_DE\" \/>\n<meta property=\"og:type\" content=\"article\" \/>\n<meta property=\"og:title\" content=\"Axis\" \/>\n<meta property=\"og:description\" content=\"Bei dem Axis handelt es sich um den zweiten Halswirbel. Dieser bildet zusammen mit dem ersten Halswirbel, dem Atals, ein Radgelenk.\" \/>\n<meta property=\"og:url\" content=\"https:\/\/atlasreflex.com\/atlastherapie\/axis\/\" \/>\n<meta property=\"og:site_name\" content=\"Atlastherapie Atlaskorrektur\" \/>\n<meta property=\"article:publisher\" content=\"https:\/\/de-de.facebook.com\/www.atlasreflex.de\/\" \/>\n<meta property=\"article:modified_time\" content=\"2020-01-22T11:22:39+00:00\" \/>\n<meta property=\"og:image\" content=\"https:\/\/atlasreflex.com\/wp-content\/uploads\/2021\/10\/Atlastherapie-Atlaskorrektur-Logo-e1633541341545.jpg\" \/>\n\t<meta property=\"og:image:width\" content=\"550\" \/>\n\t<meta property=\"og:image:height\" content=\"157\" \/>\n\t<meta property=\"og:image:type\" content=\"image\/jpeg\" \/>\n<meta name=\"twitter:card\" content=\"summary_large_image\" \/>\n<meta name=\"twitter:site\" content=\"@atlasreflex\" \/>\n<meta name=\"twitter:label1\" content=\"Gesch\u00e4tzte Lesezeit\" \/>\n\t<meta name=\"twitter:data1\" content=\"1\u00a0Minute\" \/>\n<script type=\"application\/ld+json\" class=\"yoast-schema-graph\">{\"@context\":\"https:\\\/\\\/schema.org\",\"@graph\":[{\"@type\":\"WebPage\",\"@id\":\"https:\\\/\\\/atlasreflex.com\\\/atlastherapie\\\/axis\\\/\",\"url\":\"https:\\\/\\\/atlasreflex.com\\\/atlastherapie\\\/axis\\\/\",\"name\":\"Axis ist der zweite Halswirbel direkt unter dem Atlas | Atlastherapie\",\"isPartOf\":{\"@id\":\"https:\\\/\\\/atlasreflex.com\\\/atlastherapie\\\/#website\"},\"datePublished\":\"2015-02-24T16:46:54+00:00\",\"dateModified\":\"2020-01-22T11:22:39+00:00\",\"description\":\"Bei dem Axis handelt es sich um den zweiten Halswirbel. Dieser bildet zusammen mit dem ersten Halswirbel, dem Atals, ein Radgelenk.\",\"breadcrumb\":{\"@id\":\"https:\\\/\\\/atlasreflex.com\\\/atlastherapie\\\/axis\\\/#breadcrumb\"},\"inLanguage\":\"de\",\"potentialAction\":[{\"@type\":\"ReadAction\",\"target\":[\"https:\\\/\\\/atlasreflex.com\\\/atlastherapie\\\/axis\\\/\"]}]},{\"@type\":\"BreadcrumbList\",\"@id\":\"https:\\\/\\\/atlasreflex.com\\\/atlastherapie\\\/axis\\\/#breadcrumb\",\"itemListElement\":[{\"@type\":\"ListItem\",\"position\":1,\"name\":\"Atlastherapie Atlaskorrektur\",\"item\":\"https:\\\/\\\/atlasreflex.com\\\/atlastherapie\\\/\"},{\"@type\":\"ListItem\",\"position\":2,\"name\":\"Axis\"}]},{\"@type\":\"WebSite\",\"@id\":\"https:\\\/\\\/atlasreflex.com\\\/atlastherapie\\\/#website\",\"url\":\"https:\\\/\\\/atlasreflex.com\\\/atlastherapie\\\/\",\"name\":\"www.atlasreflex.com\\\/atlastherapie\\\/\",\"description\":\"Atlastherapie- Atlastherapeuten suchen u. finden - mit allen Infos u. Fragen zur Atlaskorrektur\",\"publisher\":{\"@id\":\"https:\\\/\\\/atlasreflex.com\\\/atlastherapie\\\/#organization\"},\"alternateName\":\"www.atlasreflex.com\",\"potentialAction\":[{\"@type\":\"SearchAction\",\"target\":{\"@type\":\"EntryPoint\",\"urlTemplate\":\"https:\\\/\\\/atlasreflex.com\\\/atlastherapie\\\/?s={search_term_string}\"},\"query-input\":{\"@type\":\"PropertyValueSpecification\",\"valueRequired\":true,\"valueName\":\"search_term_string\"}}],\"inLanguage\":\"de\"},{\"@type\":[\"Organization\",\"Place\",\"Physiotherapy\"],\"@id\":\"https:\\\/\\\/atlasreflex.com\\\/atlastherapie\\\/#organization\",\"name\":\"AtlasreflexTh. Netzwerk der Atlastherapeuten f\u00fcr die Atlastherapie \\\/ Atlaskorrektur Alle Infos u. die Beantwortung aller Fragen\",\"alternateName\":\"Atlastherapeuten f\u00fcr die Atlastherapie suchen u.finden\",\"url\":\"https:\\\/\\\/atlasreflex.com\\\/atlastherapie\\\/\",\"logo\":{\"@id\":\"https:\\\/\\\/atlasreflex.com\\\/atlastherapie\\\/axis\\\/#local-main-organization-logo\"},\"image\":{\"@id\":\"https:\\\/\\\/atlasreflex.com\\\/atlastherapie\\\/axis\\\/#local-main-organization-logo\"},\"sameAs\":[\"https:\\\/\\\/de-de.facebook.com\\\/www.atlasreflex.de\\\/\",\"https:\\\/\\\/x.com\\\/atlasreflex\",\"https:\\\/\\\/www.instagram.com\\\/atlasreflexdeutschland\\\/\",\"https:\\\/\\\/de.linkedin.com\\\/in\\\/atlasreflex-atlastherapie-410a1795?trk=pub-pbmap\",\"https:\\\/\\\/www.pinterest.de\\\/atlasreflexTh\\\/\",\"https:\\\/\\\/www.youtube.com\\\/channel\\\/UC2GiX5XuIzbx8wJWZJkf8MQ\"],\"description\":\"Die atlasreflexTh.\u00ae \u2013 Atlastherapie ist eine einmalige Anwendung, die den Atlas (1.Halswirbel) dauerhaft, v\u00f6llig schmerzfrei und ohne Risiko in seine nat\u00fcrliche Position zur\u00fcck bringt. Eingesetzt werden kann die Atlastherapie vielf\u00e4ltig. Sie ist als neurophysiologisches Konzept auch eine ganzheitliche Behandlungsmethode. Die hier ausgebildeten Atlastherapeuten setzen die Atlastherapie bei allen stress- und verspannungsbedingten Beschwerden, wie Kopfschmerzen, Hals- Nacken- und R\u00fcckenbeschwerden, Migr\u00e4ne, Schwindel mit Gleichgewichtsst\u00f6rungen ein. Positiv beeinflussen lassen sich beispielsweise auch neuromotorische St\u00f6rungen, die verschiedene Ursachen haben k\u00f6nnen. Sie wird auch bei Schmerzzust\u00e4nden des Bewegungssystems eingesetzt. Die Atlastherapie wirkt auf das Gleichgewicht, den Muskeltonus, die Eigenwahrnehmung, das Schmerzempfinden sowie auf die vegetativen Funktionen. Zudem ist diese Art der Atlaskorrektur auch eine hervorragende M\u00f6glichkeit, verschiedene Blockierungen der Wirbel zu l\u00f6sen. Das Netzwerk der Atlastherapeuten informiert \u00fcber alle Standorte der Atlas Spezialisten. Die Suchfunktion listet alle Atlas Therapeuten f\u00fcr alle Regionen in Deutschland auf. Alle Infos zu Kosten, Dauer und Vorgehensweise. Alle Fragen zur Methode werden beantwortet.\",\"legalName\":\"atlasreflexTh.\",\"publishingPrinciples\":\"https:\\\/\\\/atlasreflex.com\\\/atlastherapie\\\/\",\"ownershipFundingInfo\":\"https:\\\/\\\/atlasreflex.com\\\/atlastherapie\\\/impressum\\\/\",\"actionableFeedbackPolicy\":\"https:\\\/\\\/atlasreflex.com\\\/atlastherapie\\\/atlas-wirbel-durch-erfahrene-therapeuten-korrigieren-lassen\\\/\",\"correctionsPolicy\":\"https:\\\/\\\/atlasreflex.com\\\/atlastherapie\\\/atlas-behandlung\\\/\",\"geo\":{\"@type\":\"GeoCoordinates\",\"latitude\":\"50.3880153\",\"longitude\":\"7.3861772\"},\"telephone\":[\"01792326510\"],\"contactPoint\":{\"@type\":\"ContactPoint\",\"telephone\":\"01792326510\"},\"openingHoursSpecification\":[{\"@type\":\"OpeningHoursSpecification\",\"dayOfWeek\":[\"Monday\",\"Tuesday\",\"Wednesday\",\"Thursday\",\"Friday\",\"Saturday\",\"Sunday\"],\"opens\":\"09:00\",\"closes\":\"17:00\"}],\"email\":\"marcusrose1@gmx.de\",\"areaServed\":\"Plaidt\",\"currenciesAccepted\":\"Euro\",\"paymentAccepted\":\"bar\"},{\"@type\":\"ImageObject\",\"inLanguage\":\"de\",\"@id\":\"https:\\\/\\\/atlasreflex.com\\\/atlastherapie\\\/axis\\\/#local-main-organization-logo\",\"url\":\"https:\\\/\\\/atlasreflex.com\\\/wp-content\\\/uploads\\\/2014\\\/12\\\/cropped-apple-touch-icon-152x152-1.png\",\"contentUrl\":\"https:\\\/\\\/atlasreflex.com\\\/wp-content\\\/uploads\\\/2014\\\/12\\\/cropped-apple-touch-icon-152x152-1.png\",\"width\":512,\"height\":512,\"caption\":\"AtlasreflexTh. Netzwerk der Atlastherapeuten f\u00fcr die Atlastherapie \\\/ Atlaskorrektur Alle Infos u. die Beantwortung aller Fragen\"}]}<\/script>\n<meta name=\"geo.placename\" content=\"Plaidt\" \/>\n<meta name=\"geo.position\" content=\"50.3880153;7.3861772\" \/>\n<meta name=\"geo.region\" content=\"Deutschland\" \/>\n<!-- \/ Yoast SEO Premium plugin. -->","yoast_head_json":{"title":"Axis ist der zweite Halswirbel direkt unter dem Atlas | Atlastherapie","description":"Bei dem Axis handelt es sich um den zweiten Halswirbel. Dieser bildet zusammen mit dem ersten Halswirbel, dem Atals, ein Radgelenk.","robots":{"index":"index","follow":"follow","max-snippet":"max-snippet:-1","max-image-preview":"max-image-preview:large","max-video-preview":"max-video-preview:-1"},"canonical":"https:\/\/atlasreflex.com\/atlastherapie\/axis\/","og_locale":"de_DE","og_type":"article","og_title":"Axis","og_description":"Bei dem Axis handelt es sich um den zweiten Halswirbel. Dieser bildet zusammen mit dem ersten Halswirbel, dem Atals, ein Radgelenk.","og_url":"https:\/\/atlasreflex.com\/atlastherapie\/axis\/","og_site_name":"Atlastherapie Atlaskorrektur","article_publisher":"https:\/\/de-de.facebook.com\/www.atlasreflex.de\/","article_modified_time":"2020-01-22T11:22:39+00:00","og_image":[{"width":550,"height":157,"url":"https:\/\/atlasreflex.com\/wp-content\/uploads\/2021\/10\/Atlastherapie-Atlaskorrektur-Logo-e1633541341545.jpg","type":"image\/jpeg"}],"twitter_card":"summary_large_image","twitter_site":"@atlasreflex","twitter_misc":{"Gesch\u00e4tzte Lesezeit":"1\u00a0Minute"},"schema":{"@context":"https:\/\/schema.org","@graph":[{"@type":"WebPage","@id":"https:\/\/atlasreflex.com\/atlastherapie\/axis\/","url":"https:\/\/atlasreflex.com\/atlastherapie\/axis\/","name":"Axis ist der zweite Halswirbel direkt unter dem Atlas | Atlastherapie","isPartOf":{"@id":"https:\/\/atlasreflex.com\/atlastherapie\/#website"},"datePublished":"2015-02-24T16:46:54+00:00","dateModified":"2020-01-22T11:22:39+00:00","description":"Bei dem Axis handelt es sich um den zweiten Halswirbel. Dieser bildet zusammen mit dem ersten Halswirbel, dem Atals, ein Radgelenk.","breadcrumb":{"@id":"https:\/\/atlasreflex.com\/atlastherapie\/axis\/#breadcrumb"},"inLanguage":"de","potentialAction":[{"@type":"ReadAction","target":["https:\/\/atlasreflex.com\/atlastherapie\/axis\/"]}]},{"@type":"BreadcrumbList","@id":"https:\/\/atlasreflex.com\/atlastherapie\/axis\/#breadcrumb","itemListElement":[{"@type":"ListItem","position":1,"name":"Atlastherapie Atlaskorrektur","item":"https:\/\/atlasreflex.com\/atlastherapie\/"},{"@type":"ListItem","position":2,"name":"Axis"}]},{"@type":"WebSite","@id":"https:\/\/atlasreflex.com\/atlastherapie\/#website","url":"https:\/\/atlasreflex.com\/atlastherapie\/","name":"www.atlasreflex.com\/atlastherapie\/","description":"Atlastherapie- Atlastherapeuten suchen u. finden - mit allen Infos u. Fragen zur Atlaskorrektur","publisher":{"@id":"https:\/\/atlasreflex.com\/atlastherapie\/#organization"},"alternateName":"www.atlasreflex.com","potentialAction":[{"@type":"SearchAction","target":{"@type":"EntryPoint","urlTemplate":"https:\/\/atlasreflex.com\/atlastherapie\/?s={search_term_string}"},"query-input":{"@type":"PropertyValueSpecification","valueRequired":true,"valueName":"search_term_string"}}],"inLanguage":"de"},{"@type":["Organization","Place","Physiotherapy"],"@id":"https:\/\/atlasreflex.com\/atlastherapie\/#organization","name":"AtlasreflexTh. Netzwerk der Atlastherapeuten f\u00fcr die Atlastherapie \/ Atlaskorrektur Alle Infos u. die Beantwortung aller Fragen","alternateName":"Atlastherapeuten f\u00fcr die Atlastherapie suchen u.finden","url":"https:\/\/atlasreflex.com\/atlastherapie\/","logo":{"@id":"https:\/\/atlasreflex.com\/atlastherapie\/axis\/#local-main-organization-logo"},"image":{"@id":"https:\/\/atlasreflex.com\/atlastherapie\/axis\/#local-main-organization-logo"},"sameAs":["https:\/\/de-de.facebook.com\/www.atlasreflex.de\/","https:\/\/x.com\/atlasreflex","https:\/\/www.instagram.com\/atlasreflexdeutschland\/","https:\/\/de.linkedin.com\/in\/atlasreflex-atlastherapie-410a1795?trk=pub-pbmap","https:\/\/www.pinterest.de\/atlasreflexTh\/","https:\/\/www.youtube.com\/channel\/UC2GiX5XuIzbx8wJWZJkf8MQ"],"description":"Die atlasreflexTh.\u00ae \u2013 Atlastherapie ist eine einmalige Anwendung, die den Atlas (1.Halswirbel) dauerhaft, v\u00f6llig schmerzfrei und ohne Risiko in seine nat\u00fcrliche Position zur\u00fcck bringt. Eingesetzt werden kann die Atlastherapie vielf\u00e4ltig. Sie ist als neurophysiologisches Konzept auch eine ganzheitliche Behandlungsmethode. Die hier ausgebildeten Atlastherapeuten setzen die Atlastherapie bei allen stress- und verspannungsbedingten Beschwerden, wie Kopfschmerzen, Hals- Nacken- und R\u00fcckenbeschwerden, Migr\u00e4ne, Schwindel mit Gleichgewichtsst\u00f6rungen ein. Positiv beeinflussen lassen sich beispielsweise auch neuromotorische St\u00f6rungen, die verschiedene Ursachen haben k\u00f6nnen. Sie wird auch bei Schmerzzust\u00e4nden des Bewegungssystems eingesetzt. Die Atlastherapie wirkt auf das Gleichgewicht, den Muskeltonus, die Eigenwahrnehmung, das Schmerzempfinden sowie auf die vegetativen Funktionen. Zudem ist diese Art der Atlaskorrektur auch eine hervorragende M\u00f6glichkeit, verschiedene Blockierungen der Wirbel zu l\u00f6sen. Das Netzwerk der Atlastherapeuten informiert \u00fcber alle Standorte der Atlas Spezialisten. Die Suchfunktion listet alle Atlas Therapeuten f\u00fcr alle Regionen in Deutschland auf. Alle Infos zu Kosten, Dauer und Vorgehensweise. Alle Fragen zur Methode werden beantwortet.","legalName":"atlasreflexTh.","publishingPrinciples":"https:\/\/atlasreflex.com\/atlastherapie\/","ownershipFundingInfo":"https:\/\/atlasreflex.com\/atlastherapie\/impressum\/","actionableFeedbackPolicy":"https:\/\/atlasreflex.com\/atlastherapie\/atlas-wirbel-durch-erfahrene-therapeuten-korrigieren-lassen\/","correctionsPolicy":"https:\/\/atlasreflex.com\/atlastherapie\/atlas-behandlung\/","geo":{"@type":"GeoCoordinates","latitude":"50.3880153","longitude":"7.3861772"},"telephone":["01792326510"],"contactPoint":{"@type":"ContactPoint","telephone":"01792326510"},"openingHoursSpecification":[{"@type":"OpeningHoursSpecification","dayOfWeek":["Monday","Tuesday","Wednesday","Thursday","Friday","Saturday","Sunday"],"opens":"09:00","closes":"17:00"}],"email":"marcusrose1@gmx.de","areaServed":"Plaidt","currenciesAccepted":"Euro","paymentAccepted":"bar"},{"@type":"ImageObject","inLanguage":"de","@id":"https:\/\/atlasreflex.com\/atlastherapie\/axis\/#local-main-organization-logo","url":"https:\/\/atlasreflex.com\/wp-content\/uploads\/2014\/12\/cropped-apple-touch-icon-152x152-1.png","contentUrl":"https:\/\/atlasreflex.com\/wp-content\/uploads\/2014\/12\/cropped-apple-touch-icon-152x152-1.png","width":512,"height":512,"caption":"AtlasreflexTh. Netzwerk der Atlastherapeuten f\u00fcr die Atlastherapie \/ Atlaskorrektur Alle Infos u. die Beantwortung aller Fragen"}]},"geo.placename":"Plaidt","geo.position":{"lat":"50.3880153","long":"7.3861772"},"geo.region":"Deutschland"},"_links":{"self":[{"href":"https:\/\/atlasreflex.com\/atlastherapie\/wp-json\/wp\/v2\/pages\/1221","targetHints":{"allow":["GET"]}}],"collection":[{"href":"https:\/\/atlasreflex.com\/atlastherapie\/wp-json\/wp\/v2\/pages"}],"about":[{"href":"https:\/\/atlasreflex.com\/atlastherapie\/wp-json\/wp\/v2\/types\/page"}],"author":[{"embeddable":true,"href":"https:\/\/atlasreflex.com\/atlastherapie\/wp-json\/wp\/v2\/users\/2"}],"replies":[{"embeddable":true,"href":"https:\/\/atlasreflex.com\/atlastherapie\/wp-json\/wp\/v2\/comments?post=1221"}],"version-history":[{"count":0,"href":"https:\/\/atlasreflex.com\/atlastherapie\/wp-json\/wp\/v2\/pages\/1221\/revisions"}],"wp:attachment":[{"href":"https:\/\/atlasreflex.com\/atlastherapie\/wp-json\/wp\/v2\/media?parent=1221"}],"curies":[{"name":"wp","href":"https:\/\/api.w.org\/{rel}","templated":true}]}}