{"id":528,"date":"2014-08-10T09:18:49","date_gmt":"2014-08-10T07:18:49","guid":{"rendered":"https:\/\/atlasreflex.com\/wp\/dup-atlas-fehlstellung-feststellen\/"},"modified":"2024-08-02T09:26:18","modified_gmt":"2024-08-02T07:26:18","slug":"atlastherapie-kosten-dauer","status":"publish","type":"page","link":"https:\/\/atlasreflex.com\/atlastherapie\/atlastherapie-kosten-dauer\/","title":{"rendered":"Atlastherapie Kosten &#038; Dauer"},"content":{"rendered":"<div class=\"fusion-fullwidth fullwidth-box fusion-builder-row-1 fusion-flex-container nonhundred-percent-fullwidth non-hundred-percent-height-scrolling\" style=\"--awb-border-radius-top-left:0px;--awb-border-radius-top-right:0px;--awb-border-radius-bottom-right:0px;--awb-border-radius-bottom-left:0px;--awb-flex-wrap:wrap;\" ><div class=\"fusion-builder-row fusion-row fusion-flex-align-items-flex-start fusion-flex-content-wrap\" style=\"max-width:1216.8px;margin-left: calc(-4% \/ 2 );margin-right: calc(-4% \/ 2 );\"><div class=\"fusion-layout-column fusion_builder_column fusion-builder-column-0 fusion_builder_column_1_1 1_1 fusion-flex-column\" style=\"--awb-bg-size:cover;--awb-width-large:100%;--awb-margin-top-large:0px;--awb-spacing-right-large:1.92%;--awb-margin-bottom-large:0px;--awb-spacing-left-large:1.92%;--awb-width-medium:100%;--awb-spacing-right-medium:1.92%;--awb-spacing-left-medium:1.92%;--awb-width-small:100%;--awb-spacing-right-small:1.92%;--awb-spacing-left-small:1.92%;\"><div class=\"fusion-column-wrapper fusion-flex-justify-content-flex-start fusion-content-layout-column\"><div class=\"fusion-text fusion-text-1\"><p>Die Atlastherapie Kosten &amp; Dauer werden wie folg unterteilt:<\/p>\n<p>Die <a href=\"http:\/\/atlastherapeuten-verzeichnis-fur.business.site\/\" target=\"_blank\" rel=\"noopener noreferrer\">atlasreflexTh.<\/a> Atlaskorrektur <a href=\"https:\/\/atlasreflex.com\/atlasgelenk-untersuchen\/\" target=\"_blank\" rel=\"noopener noreferrer\">(Befund<\/a>+Vorbehandlung+Atlaskorrektur+Kontrolltermin) <strong>kostet 190,- \u20ac<\/strong> f\u00fcr Erwachsene<strong> ab 18 Jahren.<\/strong> Bei Kindern und Jugendlichen <strong>unter 18 Jahren<\/strong>\u00a0sind Atlastherapie Kosten\u00a0<strong>100,- \u20ac<\/strong> und beinhaltet einen Befund + Atlaskorrektur.<\/p>\n<p>F\u00fcr die Behandlungsgruppe der unter 18-J\u00e4hrigen, ist keine Vorbehandlung, keine Nachbehandlung, ebenso kein Kontrolltermin vorgesehen und notwendig. Demnach ist der erm\u00e4\u00dfigte Behandlungspreis angepasst. Der Ersttermin der Atlas Therapie dauert<strong>\u00a0ca. 1 Stunde.<\/strong> Der zweite Termin hat die maximale Zeiteinheit von<strong> ca. 30 Minuten<\/strong> und dient der Qualit\u00e4tssicherung (Kontrolle + Nachbehandlung).<\/p>\n<div id=\"attachment_5399\" style=\"width: 332px\" class=\"wp-caption alignright\"><a href=\"https:\/\/atlasreflex.com\/kosten-dauer-der-atlaskorrektur\/heftpflaster\/\" rel=\"attachment wp-att-5399\"><img decoding=\"async\" aria-describedby=\"caption-attachment-5399\" class=\"wp-image-5399\" src=\"https:\/\/atlasreflex.com\/wp-content\/uploads\/2014\/08\/Fotolia_7481159_XS.jpg\" alt=\"Atlastherapie Kosten und Dauer\" width=\"322\" height=\"215\" srcset=\"https:\/\/atlasreflex.com\/wp-content\/uploads\/2014\/08\/Fotolia_7481159_XS-200x133.jpg 200w, https:\/\/atlasreflex.com\/wp-content\/uploads\/2014\/08\/Fotolia_7481159_XS-300x200.jpg 300w, https:\/\/atlasreflex.com\/wp-content\/uploads\/2014\/08\/Fotolia_7481159_XS-400x267.jpg 400w, https:\/\/atlasreflex.com\/wp-content\/uploads\/2014\/08\/Fotolia_7481159_XS.jpg 424w\" sizes=\"(max-width: 322px) 100vw, 322px\" \/><\/a><p id=\"caption-attachment-5399\" class=\"wp-caption-text\">Kosten und Dauer einer Atlaskorrektur<\/p><\/div>\n<p>Alle angegebenen Zeiten sind Richtwerte. Die <a href=\"https:\/\/atlasreflex.com\/\" target=\"_blank\" rel=\"noopener noreferrer\">Atlastherapie<\/a> Kosten beziehen sich nur auf eine durchgef\u00fchrte Atlaskorrektur. Die Abrechnung erfolgt direkt nach einer Leistungsabgabe und ist nur in bar zu entrichten. (Keine Kreditkarten oder \u00dcberweisung). Der Betrag wird in der Form einer Quittung als bezahlt ausgewiesen und kann bei den privat Versicherten, als Verhandlungsgrundlage bei der Kostenerstattung verwendet werden. F\u00fcr diese Behandlung besteht<strong> keine Ziffer in der Geb\u00fcH<\/strong> (also keine Erstellung einer Rechnung).<\/p>\n<p>Sollte der Befund keine Atlas Fehlstellung erkennen, ergeben sich f\u00fcr den Patienten lediglich die<strong> Untersuchungskosten von 30.- \u20ac.<\/strong> Der Befund ist nicht abh\u00e4ngig von einer darauf folgenden Behandlung, sondern dient zun\u00e4chst nur der Erkenntnis. Eine Atlaskorrektur kann sofort im Anschluss oder zu einem sp\u00e4teren Zeitpunkt durchgef\u00fchrt werden. Die Atlaskorrektur ist nicht altersabh\u00e4ngig und kann somit in jedem Lebensalter durchgef\u00fchrt werden. Unabh\u00e4ngig davon, richtet sie sich immer nach dem Beschwerdebild und der Konstitution des Einzelnen.<\/p>\n<p>\u00dcber eventuelle Kontraindikationen kann Sie Ihr atlasreflexTh.- Anwender aufkl\u00e4ren. Die Wirksamkeit einer Atlastherapie ist wissenschaftlich nicht belegt oder anerkannt. Deshalb ist sie auch keine Leistung der gesetzlichen Krankenkassen. Leider muss jeder die Atlastherapie Kosten f\u00fcr eine Atlaskorrektur selber tragen. \u201eWenn Sie weitere Fragen zu Ihrer Erkrankung haben, oder was wir als ausgebildete Therapeuten, \u00c4rzte und Heilpraktiker f\u00fcr Sie tun k\u00f6nnen, z\u00f6gern Sie nicht, mich oder Kollegen aus der Atlastherapeuten List zu kontaktieren.&#8220;<\/p>\n<\/div><\/div><\/div><\/div><\/div>\n","protected":false},"excerpt":{"rendered":"","protected":false},"author":2,"featured_media":0,"parent":0,"menu_order":0,"comment_status":"open","ping_status":"open","template":"100-width.php","meta":{"om_disable_all_campaigns":false,"footnotes":""},"class_list":["post-528","page","type-page","status-publish","hentry"],"yoast_head":"<!-- This site is optimized with the Yoast SEO Premium plugin v27.4 (Yoast SEO v27.4) - https:\/\/yoast.com\/product\/yoast-seo-premium-wordpress\/ -->\n<title>Atlastherapie Kosten &amp; Dauer. Alle Preise u. Infos zur Atlastherapie<\/title>\n<meta name=\"description\" content=\"Atlastherapie Kosten und Dauer: Enrfahren Sie hier, alle Preise und Leistungen der Atlastherapie Behandlung.\" \/>\n<meta name=\"robots\" content=\"index, follow, max-snippet:-1, max-image-preview:large, max-video-preview:-1\" \/>\n<link rel=\"canonical\" href=\"https:\/\/atlasreflex.com\/atlastherapie\/atlastherapie-kosten-dauer\/\" \/>\n<meta property=\"og:locale\" content=\"de_DE\" \/>\n<meta property=\"og:type\" content=\"article\" \/>\n<meta property=\"og:title\" content=\"Atlastherapie Kosten &amp; Dauer\" \/>\n<meta property=\"og:description\" content=\"Atlastherapie Kosten und Dauer: Enrfahren Sie hier, alle Preise und Leistungen der Atlastherapie Behandlung.\" \/>\n<meta property=\"og:url\" content=\"https:\/\/atlasreflex.com\/atlastherapie\/atlastherapie-kosten-dauer\/\" \/>\n<meta property=\"og:site_name\" content=\"Atlastherapie Atlaskorrektur\" \/>\n<meta property=\"article:publisher\" content=\"https:\/\/de-de.facebook.com\/www.atlasreflex.de\/\" \/>\n<meta property=\"article:modified_time\" content=\"2024-08-02T07:26:18+00:00\" \/>\n<meta property=\"og:image\" content=\"https:\/\/atlasreflex.com\/wp-content\/uploads\/2014\/08\/Fotolia_7481159_XS.jpg\" \/>\n<meta name=\"twitter:card\" content=\"summary_large_image\" \/>\n<meta name=\"twitter:site\" content=\"@atlasreflex\" \/>\n<meta name=\"twitter:label1\" content=\"Gesch\u00e4tzte Lesezeit\" \/>\n\t<meta name=\"twitter:data1\" content=\"2\u00a0Minuten\" \/>\n<script type=\"application\/ld+json\" class=\"yoast-schema-graph\">{\"@context\":\"https:\\\/\\\/schema.org\",\"@graph\":[{\"@type\":\"WebPage\",\"@id\":\"https:\\\/\\\/atlasreflex.com\\\/atlastherapie\\\/atlastherapie-kosten-dauer\\\/\",\"url\":\"https:\\\/\\\/atlasreflex.com\\\/atlastherapie\\\/atlastherapie-kosten-dauer\\\/\",\"name\":\"Atlastherapie Kosten & Dauer. Alle Preise u. Infos zur Atlastherapie\",\"isPartOf\":{\"@id\":\"https:\\\/\\\/atlasreflex.com\\\/atlastherapie\\\/#website\"},\"primaryImageOfPage\":{\"@id\":\"https:\\\/\\\/atlasreflex.com\\\/atlastherapie\\\/atlastherapie-kosten-dauer\\\/#primaryimage\"},\"image\":{\"@id\":\"https:\\\/\\\/atlasreflex.com\\\/atlastherapie\\\/atlastherapie-kosten-dauer\\\/#primaryimage\"},\"thumbnailUrl\":\"https:\\\/\\\/atlasreflex.com\\\/wp-content\\\/uploads\\\/2014\\\/08\\\/Fotolia_7481159_XS.jpg\",\"datePublished\":\"2014-08-10T07:18:49+00:00\",\"dateModified\":\"2024-08-02T07:26:18+00:00\",\"description\":\"Atlastherapie Kosten und Dauer: Enrfahren Sie hier, alle Preise und Leistungen der Atlastherapie Behandlung.\",\"breadcrumb\":{\"@id\":\"https:\\\/\\\/atlasreflex.com\\\/atlastherapie\\\/atlastherapie-kosten-dauer\\\/#breadcrumb\"},\"inLanguage\":\"de\",\"potentialAction\":[{\"@type\":\"ReadAction\",\"target\":[\"https:\\\/\\\/atlasreflex.com\\\/atlastherapie\\\/atlastherapie-kosten-dauer\\\/\"]}]},{\"@type\":\"ImageObject\",\"inLanguage\":\"de\",\"@id\":\"https:\\\/\\\/atlasreflex.com\\\/atlastherapie\\\/atlastherapie-kosten-dauer\\\/#primaryimage\",\"url\":\"https:\\\/\\\/atlasreflex.com\\\/wp-content\\\/uploads\\\/2014\\\/08\\\/Fotolia_7481159_XS.jpg\",\"contentUrl\":\"https:\\\/\\\/atlasreflex.com\\\/wp-content\\\/uploads\\\/2014\\\/08\\\/Fotolia_7481159_XS.jpg\"},{\"@type\":\"BreadcrumbList\",\"@id\":\"https:\\\/\\\/atlasreflex.com\\\/atlastherapie\\\/atlastherapie-kosten-dauer\\\/#breadcrumb\",\"itemListElement\":[{\"@type\":\"ListItem\",\"position\":1,\"name\":\"Atlastherapie Atlaskorrektur\",\"item\":\"https:\\\/\\\/atlasreflex.com\\\/atlastherapie\\\/\"},{\"@type\":\"ListItem\",\"position\":2,\"name\":\"Atlastherapie Kosten &#038; Dauer\"}]},{\"@type\":\"WebSite\",\"@id\":\"https:\\\/\\\/atlasreflex.com\\\/atlastherapie\\\/#website\",\"url\":\"https:\\\/\\\/atlasreflex.com\\\/atlastherapie\\\/\",\"name\":\"www.atlasreflex.com\\\/atlastherapie\\\/\",\"description\":\"Atlastherapie- Atlastherapeuten suchen u. finden - mit allen Infos u. Fragen zur Atlaskorrektur\",\"publisher\":{\"@id\":\"https:\\\/\\\/atlasreflex.com\\\/atlastherapie\\\/#organization\"},\"alternateName\":\"www.atlasreflex.com\",\"potentialAction\":[{\"@type\":\"SearchAction\",\"target\":{\"@type\":\"EntryPoint\",\"urlTemplate\":\"https:\\\/\\\/atlasreflex.com\\\/atlastherapie\\\/?s={search_term_string}\"},\"query-input\":{\"@type\":\"PropertyValueSpecification\",\"valueRequired\":true,\"valueName\":\"search_term_string\"}}],\"inLanguage\":\"de\"},{\"@type\":[\"Organization\",\"Place\",\"Physiotherapy\"],\"@id\":\"https:\\\/\\\/atlasreflex.com\\\/atlastherapie\\\/#organization\",\"name\":\"AtlasreflexTh. Netzwerk der Atlastherapeuten f\u00fcr die Atlastherapie \\\/ Atlaskorrektur Alle Infos u. die Beantwortung aller Fragen\",\"alternateName\":\"Atlastherapeuten f\u00fcr die Atlastherapie suchen u.finden\",\"url\":\"https:\\\/\\\/atlasreflex.com\\\/atlastherapie\\\/\",\"logo\":{\"@id\":\"https:\\\/\\\/atlasreflex.com\\\/atlastherapie\\\/atlastherapie-kosten-dauer\\\/#local-main-organization-logo\"},\"image\":{\"@id\":\"https:\\\/\\\/atlasreflex.com\\\/atlastherapie\\\/atlastherapie-kosten-dauer\\\/#local-main-organization-logo\"},\"sameAs\":[\"https:\\\/\\\/de-de.facebook.com\\\/www.atlasreflex.de\\\/\",\"https:\\\/\\\/x.com\\\/atlasreflex\",\"https:\\\/\\\/www.instagram.com\\\/atlasreflexdeutschland\\\/\",\"https:\\\/\\\/de.linkedin.com\\\/in\\\/atlasreflex-atlastherapie-410a1795?trk=pub-pbmap\",\"https:\\\/\\\/www.pinterest.de\\\/atlasreflexTh\\\/\",\"https:\\\/\\\/www.youtube.com\\\/channel\\\/UC2GiX5XuIzbx8wJWZJkf8MQ\"],\"description\":\"Die atlasreflexTh.\u00ae \u2013 Atlastherapie ist eine einmalige Anwendung, die den Atlas (1.Halswirbel) dauerhaft, v\u00f6llig schmerzfrei und ohne Risiko in seine nat\u00fcrliche Position zur\u00fcck bringt. Eingesetzt werden kann die Atlastherapie vielf\u00e4ltig. Sie ist als neurophysiologisches Konzept auch eine ganzheitliche Behandlungsmethode. Die hier ausgebildeten Atlastherapeuten setzen die Atlastherapie bei allen stress- und verspannungsbedingten Beschwerden, wie Kopfschmerzen, Hals- Nacken- und R\u00fcckenbeschwerden, Migr\u00e4ne, Schwindel mit Gleichgewichtsst\u00f6rungen ein. Positiv beeinflussen lassen sich beispielsweise auch neuromotorische St\u00f6rungen, die verschiedene Ursachen haben k\u00f6nnen. Sie wird auch bei Schmerzzust\u00e4nden des Bewegungssystems eingesetzt. Die Atlastherapie wirkt auf das Gleichgewicht, den Muskeltonus, die Eigenwahrnehmung, das Schmerzempfinden sowie auf die vegetativen Funktionen. Zudem ist diese Art der Atlaskorrektur auch eine hervorragende M\u00f6glichkeit, verschiedene Blockierungen der Wirbel zu l\u00f6sen. Das Netzwerk der Atlastherapeuten informiert \u00fcber alle Standorte der Atlas Spezialisten. Die Suchfunktion listet alle Atlas Therapeuten f\u00fcr alle Regionen in Deutschland auf. Alle Infos zu Kosten, Dauer und Vorgehensweise. Alle Fragen zur Methode werden beantwortet.\",\"legalName\":\"atlasreflexTh.\",\"publishingPrinciples\":\"https:\\\/\\\/atlasreflex.com\\\/atlastherapie\\\/\",\"ownershipFundingInfo\":\"https:\\\/\\\/atlasreflex.com\\\/atlastherapie\\\/impressum\\\/\",\"actionableFeedbackPolicy\":\"https:\\\/\\\/atlasreflex.com\\\/atlastherapie\\\/atlas-wirbel-durch-erfahrene-therapeuten-korrigieren-lassen\\\/\",\"correctionsPolicy\":\"https:\\\/\\\/atlasreflex.com\\\/atlastherapie\\\/atlas-behandlung\\\/\",\"geo\":{\"@type\":\"GeoCoordinates\",\"latitude\":\"50.3880153\",\"longitude\":\"7.3861772\"},\"telephone\":[\"01792326510\"],\"contactPoint\":{\"@type\":\"ContactPoint\",\"telephone\":\"01792326510\"},\"openingHoursSpecification\":[{\"@type\":\"OpeningHoursSpecification\",\"dayOfWeek\":[\"Monday\",\"Tuesday\",\"Wednesday\",\"Thursday\",\"Friday\",\"Saturday\",\"Sunday\"],\"opens\":\"09:00\",\"closes\":\"17:00\"}],\"email\":\"marcusrose1@gmx.de\",\"areaServed\":\"Plaidt\",\"currenciesAccepted\":\"Euro\",\"paymentAccepted\":\"bar\"},{\"@type\":\"ImageObject\",\"inLanguage\":\"de\",\"@id\":\"https:\\\/\\\/atlasreflex.com\\\/atlastherapie\\\/atlastherapie-kosten-dauer\\\/#local-main-organization-logo\",\"url\":\"https:\\\/\\\/atlasreflex.com\\\/wp-content\\\/uploads\\\/2014\\\/12\\\/cropped-apple-touch-icon-152x152-1.png\",\"contentUrl\":\"https:\\\/\\\/atlasreflex.com\\\/wp-content\\\/uploads\\\/2014\\\/12\\\/cropped-apple-touch-icon-152x152-1.png\",\"width\":512,\"height\":512,\"caption\":\"AtlasreflexTh. Netzwerk der Atlastherapeuten f\u00fcr die Atlastherapie \\\/ Atlaskorrektur Alle Infos u. die Beantwortung aller Fragen\"}]}<\/script>\n<meta name=\"geo.placename\" content=\"Plaidt\" \/>\n<meta name=\"geo.position\" content=\"50.3880153;7.3861772\" \/>\n<meta name=\"geo.region\" content=\"Deutschland\" \/>\n<!-- \/ Yoast SEO Premium plugin. -->","yoast_head_json":{"title":"Atlastherapie Kosten & Dauer. Alle Preise u. Infos zur Atlastherapie","description":"Atlastherapie Kosten und Dauer: Enrfahren Sie hier, alle Preise und Leistungen der Atlastherapie Behandlung.","robots":{"index":"index","follow":"follow","max-snippet":"max-snippet:-1","max-image-preview":"max-image-preview:large","max-video-preview":"max-video-preview:-1"},"canonical":"https:\/\/atlasreflex.com\/atlastherapie\/atlastherapie-kosten-dauer\/","og_locale":"de_DE","og_type":"article","og_title":"Atlastherapie Kosten & Dauer","og_description":"Atlastherapie Kosten und Dauer: Enrfahren Sie hier, alle Preise und Leistungen der Atlastherapie Behandlung.","og_url":"https:\/\/atlasreflex.com\/atlastherapie\/atlastherapie-kosten-dauer\/","og_site_name":"Atlastherapie Atlaskorrektur","article_publisher":"https:\/\/de-de.facebook.com\/www.atlasreflex.de\/","article_modified_time":"2024-08-02T07:26:18+00:00","og_image":[{"url":"https:\/\/atlasreflex.com\/wp-content\/uploads\/2014\/08\/Fotolia_7481159_XS.jpg","type":"","width":"","height":""}],"twitter_card":"summary_large_image","twitter_site":"@atlasreflex","twitter_misc":{"Gesch\u00e4tzte Lesezeit":"2\u00a0Minuten"},"schema":{"@context":"https:\/\/schema.org","@graph":[{"@type":"WebPage","@id":"https:\/\/atlasreflex.com\/atlastherapie\/atlastherapie-kosten-dauer\/","url":"https:\/\/atlasreflex.com\/atlastherapie\/atlastherapie-kosten-dauer\/","name":"Atlastherapie Kosten & Dauer. Alle Preise u. Infos zur Atlastherapie","isPartOf":{"@id":"https:\/\/atlasreflex.com\/atlastherapie\/#website"},"primaryImageOfPage":{"@id":"https:\/\/atlasreflex.com\/atlastherapie\/atlastherapie-kosten-dauer\/#primaryimage"},"image":{"@id":"https:\/\/atlasreflex.com\/atlastherapie\/atlastherapie-kosten-dauer\/#primaryimage"},"thumbnailUrl":"https:\/\/atlasreflex.com\/wp-content\/uploads\/2014\/08\/Fotolia_7481159_XS.jpg","datePublished":"2014-08-10T07:18:49+00:00","dateModified":"2024-08-02T07:26:18+00:00","description":"Atlastherapie Kosten und Dauer: Enrfahren Sie hier, alle Preise und Leistungen der Atlastherapie Behandlung.","breadcrumb":{"@id":"https:\/\/atlasreflex.com\/atlastherapie\/atlastherapie-kosten-dauer\/#breadcrumb"},"inLanguage":"de","potentialAction":[{"@type":"ReadAction","target":["https:\/\/atlasreflex.com\/atlastherapie\/atlastherapie-kosten-dauer\/"]}]},{"@type":"ImageObject","inLanguage":"de","@id":"https:\/\/atlasreflex.com\/atlastherapie\/atlastherapie-kosten-dauer\/#primaryimage","url":"https:\/\/atlasreflex.com\/wp-content\/uploads\/2014\/08\/Fotolia_7481159_XS.jpg","contentUrl":"https:\/\/atlasreflex.com\/wp-content\/uploads\/2014\/08\/Fotolia_7481159_XS.jpg"},{"@type":"BreadcrumbList","@id":"https:\/\/atlasreflex.com\/atlastherapie\/atlastherapie-kosten-dauer\/#breadcrumb","itemListElement":[{"@type":"ListItem","position":1,"name":"Atlastherapie Atlaskorrektur","item":"https:\/\/atlasreflex.com\/atlastherapie\/"},{"@type":"ListItem","position":2,"name":"Atlastherapie Kosten &#038; Dauer"}]},{"@type":"WebSite","@id":"https:\/\/atlasreflex.com\/atlastherapie\/#website","url":"https:\/\/atlasreflex.com\/atlastherapie\/","name":"www.atlasreflex.com\/atlastherapie\/","description":"Atlastherapie- Atlastherapeuten suchen u. finden - mit allen Infos u. Fragen zur Atlaskorrektur","publisher":{"@id":"https:\/\/atlasreflex.com\/atlastherapie\/#organization"},"alternateName":"www.atlasreflex.com","potentialAction":[{"@type":"SearchAction","target":{"@type":"EntryPoint","urlTemplate":"https:\/\/atlasreflex.com\/atlastherapie\/?s={search_term_string}"},"query-input":{"@type":"PropertyValueSpecification","valueRequired":true,"valueName":"search_term_string"}}],"inLanguage":"de"},{"@type":["Organization","Place","Physiotherapy"],"@id":"https:\/\/atlasreflex.com\/atlastherapie\/#organization","name":"AtlasreflexTh. Netzwerk der Atlastherapeuten f\u00fcr die Atlastherapie \/ Atlaskorrektur Alle Infos u. die Beantwortung aller Fragen","alternateName":"Atlastherapeuten f\u00fcr die Atlastherapie suchen u.finden","url":"https:\/\/atlasreflex.com\/atlastherapie\/","logo":{"@id":"https:\/\/atlasreflex.com\/atlastherapie\/atlastherapie-kosten-dauer\/#local-main-organization-logo"},"image":{"@id":"https:\/\/atlasreflex.com\/atlastherapie\/atlastherapie-kosten-dauer\/#local-main-organization-logo"},"sameAs":["https:\/\/de-de.facebook.com\/www.atlasreflex.de\/","https:\/\/x.com\/atlasreflex","https:\/\/www.instagram.com\/atlasreflexdeutschland\/","https:\/\/de.linkedin.com\/in\/atlasreflex-atlastherapie-410a1795?trk=pub-pbmap","https:\/\/www.pinterest.de\/atlasreflexTh\/","https:\/\/www.youtube.com\/channel\/UC2GiX5XuIzbx8wJWZJkf8MQ"],"description":"Die atlasreflexTh.\u00ae \u2013 Atlastherapie ist eine einmalige Anwendung, die den Atlas (1.Halswirbel) dauerhaft, v\u00f6llig schmerzfrei und ohne Risiko in seine nat\u00fcrliche Position zur\u00fcck bringt. Eingesetzt werden kann die Atlastherapie vielf\u00e4ltig. Sie ist als neurophysiologisches Konzept auch eine ganzheitliche Behandlungsmethode. Die hier ausgebildeten Atlastherapeuten setzen die Atlastherapie bei allen stress- und verspannungsbedingten Beschwerden, wie Kopfschmerzen, Hals- Nacken- und R\u00fcckenbeschwerden, Migr\u00e4ne, Schwindel mit Gleichgewichtsst\u00f6rungen ein. Positiv beeinflussen lassen sich beispielsweise auch neuromotorische St\u00f6rungen, die verschiedene Ursachen haben k\u00f6nnen. Sie wird auch bei Schmerzzust\u00e4nden des Bewegungssystems eingesetzt. Die Atlastherapie wirkt auf das Gleichgewicht, den Muskeltonus, die Eigenwahrnehmung, das Schmerzempfinden sowie auf die vegetativen Funktionen. Zudem ist diese Art der Atlaskorrektur auch eine hervorragende M\u00f6glichkeit, verschiedene Blockierungen der Wirbel zu l\u00f6sen. Das Netzwerk der Atlastherapeuten informiert \u00fcber alle Standorte der Atlas Spezialisten. Die Suchfunktion listet alle Atlas Therapeuten f\u00fcr alle Regionen in Deutschland auf. Alle Infos zu Kosten, Dauer und Vorgehensweise. Alle Fragen zur Methode werden beantwortet.","legalName":"atlasreflexTh.","publishingPrinciples":"https:\/\/atlasreflex.com\/atlastherapie\/","ownershipFundingInfo":"https:\/\/atlasreflex.com\/atlastherapie\/impressum\/","actionableFeedbackPolicy":"https:\/\/atlasreflex.com\/atlastherapie\/atlas-wirbel-durch-erfahrene-therapeuten-korrigieren-lassen\/","correctionsPolicy":"https:\/\/atlasreflex.com\/atlastherapie\/atlas-behandlung\/","geo":{"@type":"GeoCoordinates","latitude":"50.3880153","longitude":"7.3861772"},"telephone":["01792326510"],"contactPoint":{"@type":"ContactPoint","telephone":"01792326510"},"openingHoursSpecification":[{"@type":"OpeningHoursSpecification","dayOfWeek":["Monday","Tuesday","Wednesday","Thursday","Friday","Saturday","Sunday"],"opens":"09:00","closes":"17:00"}],"email":"marcusrose1@gmx.de","areaServed":"Plaidt","currenciesAccepted":"Euro","paymentAccepted":"bar"},{"@type":"ImageObject","inLanguage":"de","@id":"https:\/\/atlasreflex.com\/atlastherapie\/atlastherapie-kosten-dauer\/#local-main-organization-logo","url":"https:\/\/atlasreflex.com\/wp-content\/uploads\/2014\/12\/cropped-apple-touch-icon-152x152-1.png","contentUrl":"https:\/\/atlasreflex.com\/wp-content\/uploads\/2014\/12\/cropped-apple-touch-icon-152x152-1.png","width":512,"height":512,"caption":"AtlasreflexTh. Netzwerk der Atlastherapeuten f\u00fcr die Atlastherapie \/ Atlaskorrektur Alle Infos u. die Beantwortung aller Fragen"}]},"geo.placename":"Plaidt","geo.position":{"lat":"50.3880153","long":"7.3861772"},"geo.region":"Deutschland"},"_links":{"self":[{"href":"https:\/\/atlasreflex.com\/atlastherapie\/wp-json\/wp\/v2\/pages\/528","targetHints":{"allow":["GET"]}}],"collection":[{"href":"https:\/\/atlasreflex.com\/atlastherapie\/wp-json\/wp\/v2\/pages"}],"about":[{"href":"https:\/\/atlasreflex.com\/atlastherapie\/wp-json\/wp\/v2\/types\/page"}],"author":[{"embeddable":true,"href":"https:\/\/atlasreflex.com\/atlastherapie\/wp-json\/wp\/v2\/users\/2"}],"replies":[{"embeddable":true,"href":"https:\/\/atlasreflex.com\/atlastherapie\/wp-json\/wp\/v2\/comments?post=528"}],"version-history":[{"count":0,"href":"https:\/\/atlasreflex.com\/atlastherapie\/wp-json\/wp\/v2\/pages\/528\/revisions"}],"wp:attachment":[{"href":"https:\/\/atlasreflex.com\/atlastherapie\/wp-json\/wp\/v2\/media?parent=528"}],"curies":[{"name":"wp","href":"https:\/\/api.w.org\/{rel}","templated":true}]}}