{"id":6443,"date":"2019-05-23T10:25:44","date_gmt":"2019-05-23T08:25:44","guid":{"rendered":"https:\/\/atlasreflex.com\/?page_id=6443"},"modified":"2019-05-23T10:48:07","modified_gmt":"2019-05-23T08:48:07","slug":"atlaswirbel-behandeln-lassen","status":"publish","type":"page","link":"https:\/\/atlasreflex.com\/atlastherapie\/atlaswirbel-behandeln-lassen\/","title":{"rendered":"Atlaswirbel behandeln lassen \u2013 die atlasreflexTh.\u00ae Therapie ist schmerzfrei und ohne Risiko"},"content":{"rendered":"<p>Der <strong>Atlaswirbel<\/strong> tr\u00e4gt als erster Halswirbel der Wirbels\u00e4ule den gesamten Kopf. Wie der Titan Atlas aus der griechischen Mythologie ist er f\u00fcr die ganze Last alleine verantwortlich. Daher geb\u00fchrt diesem Wirbel eine ganz besondere Aufmerksamkeit bei Schmerzen und Beschwerden des K\u00f6rpers.<\/p>\n<p>In unserem Netzwerk atlasreflexTh<strong>.\u00ae <\/strong>haben sich zahlreiche professionelle Atlastherapeuten, die sich auf die Therapie des Atlaswirbels spezialisiert haben, zusammengeschlossen. Sie finden mit wenig Aufwand auf unserer Homepage Therapeuten in Ihrer unmittelbaren Umgebung, die immer ein offenes Ohr f\u00fcr Ihre Probleme haben.<\/p>\n<p>Mit einer Atlastherapie k\u00f6nnen Sie erfolgreich gegen unterschiedliche Beschwerden vorgehen. Sprechen Sie uns auf Ihre pers\u00f6nliche Situation und Ihre Gef\u00fchlslage an und wir finden gemeinsam den perfekten Weg f\u00fcr eine effektive Therapie. 99 Prozent der von einem Therapeuten aus unserem Netzwerk behandelten Patienten haben eine deutliche Entlastung gesp\u00fcrt. Dieses einzigartig positive Ergebnis best\u00e4rkt uns auf unserem Therapieweg f\u00fcr Sie weiterzugehen. In erster Linie basiert die Therapie auf der Korrektur der Position des Atlaswirbels. Nach unserer Behandlung sitzt Ihr wichtiger Wirbel, der dem Sch\u00e4del am n\u00e4chsten ist, wieder in seiner nat\u00fcrlichen Stellung. Eine gesunde K\u00f6rperhaltung sorgt f\u00fcr ein schmerzfreies Leben.<\/p>\n<h2>Sp\u00fcrbarer Erfolg der Atlastherapie \u2013 maximaler Nutzen f\u00fcr alle Patienten<\/h2>\n<p>Im Rahmen der Therapie untersuchen Spezialisten aus unserem Netzwerk die Lage des Atlaswirbels. Mit den Fingern ertasten wir sanft und gef\u00fchlvoll die Stellung im Vergleich zu den anderen, folgenden Wirbeln der Wirbels\u00e4ule. Mithilfe der ThemPer<strong>\u00ae <\/strong>Technologie wird das Atlasgelenk anschlie\u00dfend in die nat\u00fcrliche Position gebracht. Diese Atlaskorrektur bringt dauerhaft eine optimale Reduktion der Schmerzen und Beschwerden. Wir legen bei jeder Behandlung Wert auf ein ganzheitliches Konzept, das auf medizinischen Erkenntnissen der Neurophysiologie beruht.<\/p>\n<p>Die gro\u00dfen Erfolge verzeichnen wir insbesondere bei stressbedingten Problemen, die Verspannungen und damit Schmerzen im Kopf, im Nacken, im R\u00fccken und im Hals verursachen. Au\u00dferdem lassen sich auch Migr\u00e4neanf\u00e4lle, Schwindel und Gleichgewichtsst\u00f6rungen schonend mit der Atlastherapie minimieren. Sogar neuromotorische St\u00f6rungen, die den gesamten Bewegungsk\u00f6rper beeintr\u00e4chtigen, werden mit der Korrektur der Stellung des Atlaswirbels positiv beeinflusst. Der <strong>Atlaswirbel<\/strong> kann der Schl\u00fcssel zu einem schmerzfreien Leben sein. Lassen Sie sich von unseren Therapeuten aus unserem bundesweiten Netzwerk nach Wunsch auch einmal prophylaktisch untersuchen, sodass Sie m\u00f6glichen altersbedingten Beschwerden vorbeugen k\u00f6nnen. Die Untersuchung des wichtigen Wirbels kann viele ungekl\u00e4rte Gesundheitsfragen beantworten.<\/p>\n<h3>Blockierungen aufl\u00f6sen \u2013 gl\u00fccklicher leben<\/h3>\n<p>Nicht nur die aus der chinesischen Medizin bekannten Meridiane k\u00f6nnen Blockierungen aufweisen. Auch der <strong>Atlaswirbel<\/strong> kann an zahlreichen anderen Stellen des K\u00f6rpers eine Blockierung verursachen, die sich nur durch die Atlastherapie aufl\u00f6sen l\u00e4sst. Nach einer Behandlung des Atlasgelenks werden Sie Ihren Muskeltonus verj\u00fcngt sp\u00fcren. Alle vegetativen Funktionen finden zu ihrem nat\u00fcrlichen Gleichgewicht zur\u00fcck. Insgesamt teilen wir Therapeuten die Korrektur des Atlasgelenks in vier Kategorien ein. Je nach Art Ihrer Beschwerden, wie zum Beispiel Kopfschmerz, Schwindel, Leistungsabfall oder Taubheitsgef\u00fchl in den Gliedern bis in den Fu\u00df hinein mobilisieren wir Ihren <strong>Atlaswirbel<\/strong> mit physikalischen Entspannungsverfahren, elektromechanischen Mikrobewegungen und anderen Methoden. Vor jeder Behandlung erfolgt ein eingehendes Gespr\u00e4ch \u00fcber den Verlauf Ihrer Schmerzen und eine Untersuchung Ihrer Wirbel.<\/p>\n<h3>G\u00fcnstige Atlaswirbel-Therapie mit gro\u00dfem Nutzen<\/h3>\n<p>Mit nur einer einzigen Sitzung kann der <strong>Atlaswirbel<\/strong> wieder in seine korrekte Stellung gebracht werden. Die Gesamtkosten f\u00fcr Befund, Vorbehandlung, Korrektur und Kontrolltermin betragen bei allen unseren Netzwerk-Therapeuten f\u00fcr Erwachsene nur 190 Euro. Kinder und Jugendliche unter 18 Jahren zahlen bei uns sogar nur 100 Euro, da eine Vorbehandlung und ein Kontrolltermin nicht notwendig sind. Sie verbringen eine Stunde f\u00fcr die Korrektur des Atlaswirbels und eine halbe Stunde f\u00fcr die Kontrolle in einer Therapeutenpraxis aus unserem Netzwerk f\u00fcr ein beschwerdefreies Leben.<\/p>\n","protected":false},"excerpt":{"rendered":"<p>Der Atlaswirbel tr\u00e4gt als erster Halswirbel der Wirbels\u00e4ule den gesamten Kopf. Wie der Titan Atlas aus der griechischen Mythologie ist er f\u00fcr die ganze Last alleine verantwortlich. Daher geb\u00fchrt diesem Wirbel eine ganz besondere Aufmerksamkeit bei Schmerzen und Beschwerden des K\u00f6rpers. In unserem Netzwerk atlasreflexTh.\u00ae haben sich zahlreiche professionelle Atlastherapeuten, die sich auf die Therapie <a href=\"https:\/\/atlasreflex.com\/atlastherapie\/atlaswirbel-behandeln-lassen\/\"> [&#8230;]<\/a><\/p>\n","protected":false},"author":2,"featured_media":0,"parent":0,"menu_order":0,"comment_status":"closed","ping_status":"closed","template":"","meta":{"om_disable_all_campaigns":false,"footnotes":""},"class_list":["post-6443","page","type-page","status-publish","hentry"],"yoast_head":"<!-- This site is optimized with the Yoast SEO Premium plugin v27.5 (Yoast SEO v27.5) - https:\/\/yoast.com\/product\/yoast-seo-premium-wordpress\/ -->\n<title>Atlaswirbel behandeln lassen \u2013 die atlasreflexTh.\u00ae<\/title>\n<meta name=\"description\" content=\"Der Atlaswirbel kann der Schl\u00fcssel zu einem schmerzfreien Leben sein. Der Atlaswirbel tr\u00e4gt als erster Halswirbel der Wirbels\u00e4ule den gesamten Kopf.\" \/>\n<meta name=\"robots\" content=\"index, follow, max-snippet:-1, max-image-preview:large, max-video-preview:-1\" \/>\n<link rel=\"canonical\" href=\"https:\/\/atlasreflex.com\/atlastherapie\/atlaswirbel-behandeln-lassen\/\" \/>\n<meta property=\"og:locale\" content=\"de_DE\" \/>\n<meta property=\"og:type\" content=\"article\" \/>\n<meta property=\"og:title\" content=\"Atlaswirbel behandeln lassen \u2013 die atlasreflexTh.\u00ae Therapie ist schmerzfrei und ohne Risiko\" \/>\n<meta property=\"og:description\" content=\"Der Atlaswirbel kann der Schl\u00fcssel zu einem schmerzfreien Leben sein. Der Atlaswirbel tr\u00e4gt als erster Halswirbel der Wirbels\u00e4ule den gesamten Kopf.\" \/>\n<meta property=\"og:url\" content=\"https:\/\/atlasreflex.com\/atlastherapie\/atlaswirbel-behandeln-lassen\/\" \/>\n<meta property=\"og:site_name\" content=\"Atlastherapie Atlaskorrektur\" \/>\n<meta property=\"article:publisher\" content=\"https:\/\/de-de.facebook.com\/www.atlasreflex.de\/\" \/>\n<meta property=\"article:modified_time\" content=\"2019-05-23T08:48:07+00:00\" \/>\n<meta property=\"og:image\" content=\"https:\/\/atlasreflex.com\/wp-content\/uploads\/2021\/10\/Atlastherapie-Atlaskorrektur-Logo-e1633541341545.jpg\" \/>\n\t<meta property=\"og:image:width\" content=\"550\" \/>\n\t<meta property=\"og:image:height\" content=\"157\" \/>\n\t<meta property=\"og:image:type\" content=\"image\/jpeg\" \/>\n<meta name=\"twitter:card\" content=\"summary_large_image\" \/>\n<meta name=\"twitter:site\" content=\"@atlasreflex\" \/>\n<meta name=\"twitter:label1\" content=\"Gesch\u00e4tzte Lesezeit\" \/>\n\t<meta name=\"twitter:data1\" content=\"3\u00a0Minuten\" \/>\n<script type=\"application\/ld+json\" class=\"yoast-schema-graph\">{\"@context\":\"https:\\\/\\\/schema.org\",\"@graph\":[{\"@type\":\"WebPage\",\"@id\":\"https:\\\/\\\/atlasreflex.com\\\/atlastherapie\\\/atlaswirbel-behandeln-lassen\\\/\",\"url\":\"https:\\\/\\\/atlasreflex.com\\\/atlastherapie\\\/atlaswirbel-behandeln-lassen\\\/\",\"name\":\"Atlaswirbel behandeln lassen \u2013 die atlasreflexTh.\u00ae\",\"isPartOf\":{\"@id\":\"https:\\\/\\\/atlasreflex.com\\\/atlastherapie\\\/#website\"},\"datePublished\":\"2019-05-23T08:25:44+00:00\",\"dateModified\":\"2019-05-23T08:48:07+00:00\",\"description\":\"Der Atlaswirbel kann der Schl\u00fcssel zu einem schmerzfreien Leben sein. Der Atlaswirbel tr\u00e4gt als erster Halswirbel der Wirbels\u00e4ule den gesamten Kopf.\",\"breadcrumb\":{\"@id\":\"https:\\\/\\\/atlasreflex.com\\\/atlastherapie\\\/atlaswirbel-behandeln-lassen\\\/#breadcrumb\"},\"inLanguage\":\"de\",\"potentialAction\":[{\"@type\":\"ReadAction\",\"target\":[\"https:\\\/\\\/atlasreflex.com\\\/atlastherapie\\\/atlaswirbel-behandeln-lassen\\\/\"]}]},{\"@type\":\"BreadcrumbList\",\"@id\":\"https:\\\/\\\/atlasreflex.com\\\/atlastherapie\\\/atlaswirbel-behandeln-lassen\\\/#breadcrumb\",\"itemListElement\":[{\"@type\":\"ListItem\",\"position\":1,\"name\":\"Atlastherapie Atlaskorrektur\",\"item\":\"https:\\\/\\\/atlasreflex.com\\\/atlastherapie\\\/\"},{\"@type\":\"ListItem\",\"position\":2,\"name\":\"Atlaswirbel behandeln lassen \u2013 die atlasreflexTh.\u00ae Therapie ist schmerzfrei und ohne Risiko\"}]},{\"@type\":\"WebSite\",\"@id\":\"https:\\\/\\\/atlasreflex.com\\\/atlastherapie\\\/#website\",\"url\":\"https:\\\/\\\/atlasreflex.com\\\/atlastherapie\\\/\",\"name\":\"www.atlasreflex.com\\\/atlastherapie\\\/\",\"description\":\"Atlastherapie- Atlastherapeuten suchen u. finden - mit allen Infos u. Fragen zur Atlaskorrektur\",\"publisher\":{\"@id\":\"https:\\\/\\\/atlasreflex.com\\\/atlastherapie\\\/#organization\"},\"alternateName\":\"www.atlasreflex.com\",\"potentialAction\":[{\"@type\":\"SearchAction\",\"target\":{\"@type\":\"EntryPoint\",\"urlTemplate\":\"https:\\\/\\\/atlasreflex.com\\\/atlastherapie\\\/?s={search_term_string}\"},\"query-input\":{\"@type\":\"PropertyValueSpecification\",\"valueRequired\":true,\"valueName\":\"search_term_string\"}}],\"inLanguage\":\"de\"},{\"@type\":[\"Organization\",\"Place\",\"Physiotherapy\"],\"@id\":\"https:\\\/\\\/atlasreflex.com\\\/atlastherapie\\\/#organization\",\"name\":\"AtlasreflexTh. Netzwerk der Atlastherapeuten f\u00fcr die Atlastherapie \\\/ Atlaskorrektur Alle Infos u. die Beantwortung aller Fragen\",\"alternateName\":\"Atlastherapeuten f\u00fcr die Atlastherapie suchen u.finden\",\"url\":\"https:\\\/\\\/atlasreflex.com\\\/atlastherapie\\\/\",\"logo\":{\"@id\":\"https:\\\/\\\/atlasreflex.com\\\/atlastherapie\\\/atlaswirbel-behandeln-lassen\\\/#local-main-organization-logo\"},\"image\":{\"@id\":\"https:\\\/\\\/atlasreflex.com\\\/atlastherapie\\\/atlaswirbel-behandeln-lassen\\\/#local-main-organization-logo\"},\"sameAs\":[\"https:\\\/\\\/de-de.facebook.com\\\/www.atlasreflex.de\\\/\",\"https:\\\/\\\/x.com\\\/atlasreflex\",\"https:\\\/\\\/www.instagram.com\\\/atlasreflexdeutschland\\\/\",\"https:\\\/\\\/de.linkedin.com\\\/in\\\/atlasreflex-atlastherapie-410a1795?trk=pub-pbmap\",\"https:\\\/\\\/www.pinterest.de\\\/atlasreflexTh\\\/\",\"https:\\\/\\\/www.youtube.com\\\/channel\\\/UC2GiX5XuIzbx8wJWZJkf8MQ\"],\"description\":\"Die atlasreflexTh.\u00ae \u2013 Atlastherapie ist eine einmalige Anwendung, die den Atlas (1.Halswirbel) dauerhaft, v\u00f6llig schmerzfrei und ohne Risiko in seine nat\u00fcrliche Position zur\u00fcck bringt. Eingesetzt werden kann die Atlastherapie vielf\u00e4ltig. Sie ist als neurophysiologisches Konzept auch eine ganzheitliche Behandlungsmethode. Die hier ausgebildeten Atlastherapeuten setzen die Atlastherapie bei allen stress- und verspannungsbedingten Beschwerden, wie Kopfschmerzen, Hals- Nacken- und R\u00fcckenbeschwerden, Migr\u00e4ne, Schwindel mit Gleichgewichtsst\u00f6rungen ein. Positiv beeinflussen lassen sich beispielsweise auch neuromotorische St\u00f6rungen, die verschiedene Ursachen haben k\u00f6nnen. Sie wird auch bei Schmerzzust\u00e4nden des Bewegungssystems eingesetzt. Die Atlastherapie wirkt auf das Gleichgewicht, den Muskeltonus, die Eigenwahrnehmung, das Schmerzempfinden sowie auf die vegetativen Funktionen. Zudem ist diese Art der Atlaskorrektur auch eine hervorragende M\u00f6glichkeit, verschiedene Blockierungen der Wirbel zu l\u00f6sen. Das Netzwerk der Atlastherapeuten informiert \u00fcber alle Standorte der Atlas Spezialisten. Die Suchfunktion listet alle Atlas Therapeuten f\u00fcr alle Regionen in Deutschland auf. Alle Infos zu Kosten, Dauer und Vorgehensweise. Alle Fragen zur Methode werden beantwortet.\",\"legalName\":\"atlasreflexTh.\",\"publishingPrinciples\":\"https:\\\/\\\/atlasreflex.com\\\/atlastherapie\\\/\",\"ownershipFundingInfo\":\"https:\\\/\\\/atlasreflex.com\\\/atlastherapie\\\/impressum\\\/\",\"actionableFeedbackPolicy\":\"https:\\\/\\\/atlasreflex.com\\\/atlastherapie\\\/atlas-wirbel-durch-erfahrene-therapeuten-korrigieren-lassen\\\/\",\"correctionsPolicy\":\"https:\\\/\\\/atlasreflex.com\\\/atlastherapie\\\/atlas-behandlung\\\/\",\"geo\":{\"@type\":\"GeoCoordinates\",\"latitude\":\"50.3880153\",\"longitude\":\"7.3861772\"},\"telephone\":[\"01792326510\"],\"contactPoint\":{\"@type\":\"ContactPoint\",\"telephone\":\"01792326510\"},\"openingHoursSpecification\":[{\"@type\":\"OpeningHoursSpecification\",\"dayOfWeek\":[\"Monday\",\"Tuesday\",\"Wednesday\",\"Thursday\",\"Friday\",\"Saturday\",\"Sunday\"],\"opens\":\"09:00\",\"closes\":\"17:00\"}],\"email\":\"marcusrose1@gmx.de\",\"areaServed\":\"Plaidt\",\"currenciesAccepted\":\"Euro\",\"paymentAccepted\":\"bar\"},{\"@type\":\"ImageObject\",\"inLanguage\":\"de\",\"@id\":\"https:\\\/\\\/atlasreflex.com\\\/atlastherapie\\\/atlaswirbel-behandeln-lassen\\\/#local-main-organization-logo\",\"url\":\"https:\\\/\\\/atlasreflex.com\\\/wp-content\\\/uploads\\\/2014\\\/12\\\/cropped-apple-touch-icon-152x152-1.png\",\"contentUrl\":\"https:\\\/\\\/atlasreflex.com\\\/wp-content\\\/uploads\\\/2014\\\/12\\\/cropped-apple-touch-icon-152x152-1.png\",\"width\":512,\"height\":512,\"caption\":\"AtlasreflexTh. Netzwerk der Atlastherapeuten f\u00fcr die Atlastherapie \\\/ Atlaskorrektur Alle Infos u. die Beantwortung aller Fragen\"}]}<\/script>\n<meta name=\"geo.placename\" content=\"Plaidt\" \/>\n<meta name=\"geo.position\" content=\"50.3880153;7.3861772\" \/>\n<meta name=\"geo.region\" content=\"Deutschland\" \/>\n<!-- \/ Yoast SEO Premium plugin. -->","yoast_head_json":{"title":"Atlaswirbel behandeln lassen \u2013 die atlasreflexTh.\u00ae","description":"Der Atlaswirbel kann der Schl\u00fcssel zu einem schmerzfreien Leben sein. Der Atlaswirbel tr\u00e4gt als erster Halswirbel der Wirbels\u00e4ule den gesamten Kopf.","robots":{"index":"index","follow":"follow","max-snippet":"max-snippet:-1","max-image-preview":"max-image-preview:large","max-video-preview":"max-video-preview:-1"},"canonical":"https:\/\/atlasreflex.com\/atlastherapie\/atlaswirbel-behandeln-lassen\/","og_locale":"de_DE","og_type":"article","og_title":"Atlaswirbel behandeln lassen \u2013 die atlasreflexTh.\u00ae Therapie ist schmerzfrei und ohne Risiko","og_description":"Der Atlaswirbel kann der Schl\u00fcssel zu einem schmerzfreien Leben sein. Der Atlaswirbel tr\u00e4gt als erster Halswirbel der Wirbels\u00e4ule den gesamten Kopf.","og_url":"https:\/\/atlasreflex.com\/atlastherapie\/atlaswirbel-behandeln-lassen\/","og_site_name":"Atlastherapie Atlaskorrektur","article_publisher":"https:\/\/de-de.facebook.com\/www.atlasreflex.de\/","article_modified_time":"2019-05-23T08:48:07+00:00","og_image":[{"width":550,"height":157,"url":"https:\/\/atlasreflex.com\/wp-content\/uploads\/2021\/10\/Atlastherapie-Atlaskorrektur-Logo-e1633541341545.jpg","type":"image\/jpeg"}],"twitter_card":"summary_large_image","twitter_site":"@atlasreflex","twitter_misc":{"Gesch\u00e4tzte Lesezeit":"3\u00a0Minuten"},"schema":{"@context":"https:\/\/schema.org","@graph":[{"@type":"WebPage","@id":"https:\/\/atlasreflex.com\/atlastherapie\/atlaswirbel-behandeln-lassen\/","url":"https:\/\/atlasreflex.com\/atlastherapie\/atlaswirbel-behandeln-lassen\/","name":"Atlaswirbel behandeln lassen \u2013 die atlasreflexTh.\u00ae","isPartOf":{"@id":"https:\/\/atlasreflex.com\/atlastherapie\/#website"},"datePublished":"2019-05-23T08:25:44+00:00","dateModified":"2019-05-23T08:48:07+00:00","description":"Der Atlaswirbel kann der Schl\u00fcssel zu einem schmerzfreien Leben sein. Der Atlaswirbel tr\u00e4gt als erster Halswirbel der Wirbels\u00e4ule den gesamten Kopf.","breadcrumb":{"@id":"https:\/\/atlasreflex.com\/atlastherapie\/atlaswirbel-behandeln-lassen\/#breadcrumb"},"inLanguage":"de","potentialAction":[{"@type":"ReadAction","target":["https:\/\/atlasreflex.com\/atlastherapie\/atlaswirbel-behandeln-lassen\/"]}]},{"@type":"BreadcrumbList","@id":"https:\/\/atlasreflex.com\/atlastherapie\/atlaswirbel-behandeln-lassen\/#breadcrumb","itemListElement":[{"@type":"ListItem","position":1,"name":"Atlastherapie Atlaskorrektur","item":"https:\/\/atlasreflex.com\/atlastherapie\/"},{"@type":"ListItem","position":2,"name":"Atlaswirbel behandeln lassen \u2013 die atlasreflexTh.\u00ae Therapie ist schmerzfrei und ohne Risiko"}]},{"@type":"WebSite","@id":"https:\/\/atlasreflex.com\/atlastherapie\/#website","url":"https:\/\/atlasreflex.com\/atlastherapie\/","name":"www.atlasreflex.com\/atlastherapie\/","description":"Atlastherapie- Atlastherapeuten suchen u. finden - mit allen Infos u. Fragen zur Atlaskorrektur","publisher":{"@id":"https:\/\/atlasreflex.com\/atlastherapie\/#organization"},"alternateName":"www.atlasreflex.com","potentialAction":[{"@type":"SearchAction","target":{"@type":"EntryPoint","urlTemplate":"https:\/\/atlasreflex.com\/atlastherapie\/?s={search_term_string}"},"query-input":{"@type":"PropertyValueSpecification","valueRequired":true,"valueName":"search_term_string"}}],"inLanguage":"de"},{"@type":["Organization","Place","Physiotherapy"],"@id":"https:\/\/atlasreflex.com\/atlastherapie\/#organization","name":"AtlasreflexTh. Netzwerk der Atlastherapeuten f\u00fcr die Atlastherapie \/ Atlaskorrektur Alle Infos u. die Beantwortung aller Fragen","alternateName":"Atlastherapeuten f\u00fcr die Atlastherapie suchen u.finden","url":"https:\/\/atlasreflex.com\/atlastherapie\/","logo":{"@id":"https:\/\/atlasreflex.com\/atlastherapie\/atlaswirbel-behandeln-lassen\/#local-main-organization-logo"},"image":{"@id":"https:\/\/atlasreflex.com\/atlastherapie\/atlaswirbel-behandeln-lassen\/#local-main-organization-logo"},"sameAs":["https:\/\/de-de.facebook.com\/www.atlasreflex.de\/","https:\/\/x.com\/atlasreflex","https:\/\/www.instagram.com\/atlasreflexdeutschland\/","https:\/\/de.linkedin.com\/in\/atlasreflex-atlastherapie-410a1795?trk=pub-pbmap","https:\/\/www.pinterest.de\/atlasreflexTh\/","https:\/\/www.youtube.com\/channel\/UC2GiX5XuIzbx8wJWZJkf8MQ"],"description":"Die atlasreflexTh.\u00ae \u2013 Atlastherapie ist eine einmalige Anwendung, die den Atlas (1.Halswirbel) dauerhaft, v\u00f6llig schmerzfrei und ohne Risiko in seine nat\u00fcrliche Position zur\u00fcck bringt. Eingesetzt werden kann die Atlastherapie vielf\u00e4ltig. Sie ist als neurophysiologisches Konzept auch eine ganzheitliche Behandlungsmethode. Die hier ausgebildeten Atlastherapeuten setzen die Atlastherapie bei allen stress- und verspannungsbedingten Beschwerden, wie Kopfschmerzen, Hals- Nacken- und R\u00fcckenbeschwerden, Migr\u00e4ne, Schwindel mit Gleichgewichtsst\u00f6rungen ein. Positiv beeinflussen lassen sich beispielsweise auch neuromotorische St\u00f6rungen, die verschiedene Ursachen haben k\u00f6nnen. Sie wird auch bei Schmerzzust\u00e4nden des Bewegungssystems eingesetzt. Die Atlastherapie wirkt auf das Gleichgewicht, den Muskeltonus, die Eigenwahrnehmung, das Schmerzempfinden sowie auf die vegetativen Funktionen. Zudem ist diese Art der Atlaskorrektur auch eine hervorragende M\u00f6glichkeit, verschiedene Blockierungen der Wirbel zu l\u00f6sen. Das Netzwerk der Atlastherapeuten informiert \u00fcber alle Standorte der Atlas Spezialisten. Die Suchfunktion listet alle Atlas Therapeuten f\u00fcr alle Regionen in Deutschland auf. Alle Infos zu Kosten, Dauer und Vorgehensweise. Alle Fragen zur Methode werden beantwortet.","legalName":"atlasreflexTh.","publishingPrinciples":"https:\/\/atlasreflex.com\/atlastherapie\/","ownershipFundingInfo":"https:\/\/atlasreflex.com\/atlastherapie\/impressum\/","actionableFeedbackPolicy":"https:\/\/atlasreflex.com\/atlastherapie\/atlas-wirbel-durch-erfahrene-therapeuten-korrigieren-lassen\/","correctionsPolicy":"https:\/\/atlasreflex.com\/atlastherapie\/atlas-behandlung\/","geo":{"@type":"GeoCoordinates","latitude":"50.3880153","longitude":"7.3861772"},"telephone":["01792326510"],"contactPoint":{"@type":"ContactPoint","telephone":"01792326510"},"openingHoursSpecification":[{"@type":"OpeningHoursSpecification","dayOfWeek":["Monday","Tuesday","Wednesday","Thursday","Friday","Saturday","Sunday"],"opens":"09:00","closes":"17:00"}],"email":"marcusrose1@gmx.de","areaServed":"Plaidt","currenciesAccepted":"Euro","paymentAccepted":"bar"},{"@type":"ImageObject","inLanguage":"de","@id":"https:\/\/atlasreflex.com\/atlastherapie\/atlaswirbel-behandeln-lassen\/#local-main-organization-logo","url":"https:\/\/atlasreflex.com\/wp-content\/uploads\/2014\/12\/cropped-apple-touch-icon-152x152-1.png","contentUrl":"https:\/\/atlasreflex.com\/wp-content\/uploads\/2014\/12\/cropped-apple-touch-icon-152x152-1.png","width":512,"height":512,"caption":"AtlasreflexTh. Netzwerk der Atlastherapeuten f\u00fcr die Atlastherapie \/ Atlaskorrektur Alle Infos u. die Beantwortung aller Fragen"}]},"geo.placename":"Plaidt","geo.position":{"lat":"50.3880153","long":"7.3861772"},"geo.region":"Deutschland"},"_links":{"self":[{"href":"https:\/\/atlasreflex.com\/atlastherapie\/wp-json\/wp\/v2\/pages\/6443","targetHints":{"allow":["GET"]}}],"collection":[{"href":"https:\/\/atlasreflex.com\/atlastherapie\/wp-json\/wp\/v2\/pages"}],"about":[{"href":"https:\/\/atlasreflex.com\/atlastherapie\/wp-json\/wp\/v2\/types\/page"}],"author":[{"embeddable":true,"href":"https:\/\/atlasreflex.com\/atlastherapie\/wp-json\/wp\/v2\/users\/2"}],"replies":[{"embeddable":true,"href":"https:\/\/atlasreflex.com\/atlastherapie\/wp-json\/wp\/v2\/comments?post=6443"}],"version-history":[{"count":0,"href":"https:\/\/atlasreflex.com\/atlastherapie\/wp-json\/wp\/v2\/pages\/6443\/revisions"}],"wp:attachment":[{"href":"https:\/\/atlasreflex.com\/atlastherapie\/wp-json\/wp\/v2\/media?parent=6443"}],"curies":[{"name":"wp","href":"https:\/\/api.w.org\/{rel}","templated":true}]}}