{"id":6546,"date":"2019-08-23T15:09:02","date_gmt":"2019-08-23T13:09:02","guid":{"rendered":"https:\/\/atlasreflex.com\/?page_id=6546"},"modified":"2021-08-03T14:56:50","modified_gmt":"2021-08-03T12:56:50","slug":"atlas-behandlung","status":"publish","type":"page","link":"https:\/\/atlasreflex.com\/atlastherapie\/atlas-behandlung\/","title":{"rendered":"Atlas Behandlung"},"content":{"rendered":"<h2>Atlas Behandlung bringt den 1.Halswirbel ohne Risiko in seine nat\u00fcrliche Position zur\u00fcck<\/h2>\n<p>Die Atlastherapie kann bei vielen Beschwerden wirkungsvoll eingesetzt werden. Wir unterscheiden dabei in vier Kategorien. Kopfschmerzen, Kopfdruck, Kieferpressen und Ohrger\u00e4usche geh\u00f6ren zur ersten Kategorie. Wenn Kopfschmerztabletten nur wenig helfen und Sie den Kopf nur eingeschr\u00e4nkt bewegen k\u00f6nnen, kann eine <strong>Atlas Behandlung<\/strong> sinnvoll sein. Verspannungen im Nacken, Benommenheit und Konzentrationsst\u00f6rung werden der zweiten Kategorie zugeordnet.<\/p>\n<p>M\u00f6glicherweise f\u00fchlen Sie sich wie unter einer Glocke gefangen und Ihr Kopf ganz blutleer an. Wenn bisher keiner Ihre Beschwerden lindern konnte, k\u00f6nnte es vielleicht eine <strong>Atlas Behandlung<\/strong> schaffen, Ihnen bei der Bek\u00e4mpfung Ihrer Beschwerden zu helfen.<\/p>\n<p>Unter Kategorie drei werden Kopfschwere, Schwindel, Gleichgewichtsst\u00f6rungen, Beklemmung und Leistungsabfall zusammengefasst. Der Kopf wird zur Last und Schwindel zu einem best\u00e4ndigen Begleiter. Die Beklemmung kann soweit reichen, dass Sie sich isolieren und Ihre sozialen Kontakte abnehmen. R\u00fcckenschmerzen, Empfindungsst\u00f6rungen und Taubheit bis in den Fu\u00df bilden die vierte Kategorie. Eine <strong>Atlas Behandlung<\/strong> kann in solchen F\u00e4llen die Lebensqualit\u00e4t deutlich erh\u00f6hen.<\/p>\n<h3>Atlas Behandlung \u2013 ein physikalisches Entspannungsverfahren<\/h3>\n<p>Bei der Atlaskorrektur handelt es sich nicht um eine chiropraktische Anwendung, sondern um ein physikalisches Entspannungsverfahren, die von einem gut ausgebildeten und erfahrenen Atlastherapeuten durchgef\u00fchrt wird. Sie ist eine sehr schonende Therapieform, bei der, anders als bei anderen Therapien, keine Manipulation des Atlaswirbels stattfindet. Die Risiken und Gefahren fallen so deutlich geringer aus. Die sanfte Methode kann schon bei Babys und Kleinkindern angewendet werden.<\/p>\n<h3>Wie funktioniert die Atlas Therapie?<\/h3>\n<p>Bei der <strong>Atlas Behandlung<\/strong> kommt ein sogenannter Themper zum Einsatz. Dieser gibt Kraftst\u00f6\u00dfe ab, die das unter der Haut liegende Gewebe in Schwingung versetzen. Dabei wird eine reflektorische Entspannung der Muskeln und B\u00e4nder herbeigef\u00fchrt. Doch an erster Stelle steht zun\u00e4chst die Untersuchung durch den Atlastherapeuten. Dieser stellt die Beweglichkeit des Atlaswirbels sowie des Atlasgelenks fest und stellt so einen eventuellen Zusammenhang zwischen einer Atlasfehlstellung und Ihren Beschwerden her. Erkennt der Atlastherapeut einen Fehlstand des Atlaswirbels, wird w\u00e4hrend einer einmaligen Anwendung der Atlas schmerzfrei und ohne Risiko in seine korrekte Position zur\u00fcckgebracht.<\/p>\n<h3>Vorteile der Atlastherapie<\/h3>\n<p>Durch die <strong>Atlas Behandlung<\/strong> gehen Sie mit unserer Methode kein gro\u00dfes Risiko ein. Allerdings k\u00f6nnen Muskelkater und ein h\u00f6herer Schlafbedarf eine Folge der Therapie sein. Die Muskeln, Sehnen und B\u00e4nder m\u00fcssen sich zun\u00e4chst an ihre neue Position anpassen, was sehr anstrengend f\u00fcr den K\u00f6rper ist. Schnupfen und Kopfschmerzen, Migr\u00e4ne und Schwindelanf\u00e4lle sowie Magenschmerzen und -brennen, Schmerzen an den Gliedma\u00dfen sowie geschwollene und\/oder schmerzhafte Beine und F\u00fc\u00dfe, Taubheit in den H\u00e4nden und Fingern sowie Ver\u00e4nderungen in den Kiefergelenken k\u00f6nnen ebenfalls Nebenwirkungen der Atlasbehandlung sein. Sobald sich alles um Ihren Atlaswirbel korrekt ausgerichtet hat, lassen die Symptome wieder nach. Mit W\u00e4rme, Massagen oder Akupunktur k\u00f6nnen Sie diese m\u00f6glichen Nebenwirkungen lindern.<\/p>\n<h3>Einen Atlastherapeuten in Ihrer N\u00e4he finden<\/h3>\n<p>Die <strong>Atlas Behandlung<\/strong> sollte nur von einem geschulten und erfahrenen Atlastherapeuten vorgenommen werden. Auf https:\/\/atlasreflex.com\/ erhalten Sie einen \u00dcberblick \u00fcber alle Atlastherapeuten in Ihrer N\u00e4he. Das Netzwerk der Atlastherapeuten erstreckt sich \u00fcber das gesamte Bundesgebiet, sodass Sie nicht weit fahren m\u00fcssen, um von unserer vielversprechenden Methode zu profitieren. Auch in Mazedonien, der Ukraine, in Russland, der Schweiz und auf Zypern sind Atlastherapeuten ans\u00e4ssig. Kontaktieren Sie uns gerne, wenn wir Ihnen noch weitere Informationen zu unserer Methode zukommen lassen k\u00f6nnen, oder wenn Sie eine Frage haben, die unsere Internetseite nicht beantworten konnte. Auch wenn Sie selbst daran interessiert sind, ein Atlastherapeut zu werden, setzen Sie sich bitte mit uns in Verbindung. Wir sind stets auf der Suche nach motivierten und begeisterungsf\u00e4higen Therapeuten f\u00fcr unsere Methode.<\/p>\n","protected":false},"excerpt":{"rendered":"<p>Atlas Behandlung bringt den 1.Halswirbel ohne Risiko in seine nat\u00fcrliche Position zur\u00fcck Die Atlastherapie kann bei vielen Beschwerden wirkungsvoll eingesetzt werden. Wir unterscheiden dabei in vier Kategorien. Kopfschmerzen, Kopfdruck, Kieferpressen und Ohrger\u00e4usche geh\u00f6ren zur ersten Kategorie. Wenn Kopfschmerztabletten nur wenig helfen und Sie den Kopf nur eingeschr\u00e4nkt bewegen k\u00f6nnen, kann eine Atlas Behandlung sinnvoll sein. <a href=\"https:\/\/atlasreflex.com\/atlastherapie\/atlas-behandlung\/\"> [&#8230;]<\/a><\/p>\n","protected":false},"author":2,"featured_media":0,"parent":0,"menu_order":0,"comment_status":"closed","ping_status":"closed","template":"","meta":{"om_disable_all_campaigns":false,"footnotes":""},"class_list":["post-6546","page","type-page","status-publish","hentry"],"yoast_head":"<!-- This site is optimized with the Yoast SEO Premium plugin v27.5 (Yoast SEO v27.5) - https:\/\/yoast.com\/product\/yoast-seo-premium-wordpress\/ -->\n<title>Atlas Behandlung | bringt den 1.Halswirbel in nat\u00fcrliche Position zur\u00fcck<\/title>\n<meta name=\"description\" content=\"Die Atlastherapie kann bei vielen Beschwerden wirkungsvoll eingesetzt werden. Wir unterscheiden dabei in vier Kategorien \u2705\" \/>\n<meta name=\"robots\" content=\"index, follow, max-snippet:-1, max-image-preview:large, max-video-preview:-1\" \/>\n<link rel=\"canonical\" href=\"https:\/\/atlasreflex.com\/atlastherapie\/atlas-behandlung\/\" \/>\n<meta property=\"og:locale\" content=\"de_DE\" \/>\n<meta property=\"og:type\" content=\"article\" \/>\n<meta property=\"og:title\" content=\"Atlas Behandlung\" \/>\n<meta property=\"og:description\" content=\"Die Atlastherapie kann bei vielen Beschwerden wirkungsvoll eingesetzt werden. Wir unterscheiden dabei in vier Kategorien \u2705\" \/>\n<meta property=\"og:url\" content=\"https:\/\/atlasreflex.com\/atlastherapie\/atlas-behandlung\/\" \/>\n<meta property=\"og:site_name\" content=\"Atlastherapie Atlaskorrektur\" \/>\n<meta property=\"article:publisher\" content=\"https:\/\/de-de.facebook.com\/www.atlasreflex.de\/\" \/>\n<meta property=\"article:modified_time\" content=\"2021-08-03T12:56:50+00:00\" \/>\n<meta property=\"og:image\" content=\"https:\/\/atlasreflex.com\/wp-content\/uploads\/2021\/10\/Atlastherapie-Atlaskorrektur-Logo-e1633541341545.jpg\" \/>\n\t<meta property=\"og:image:width\" content=\"550\" \/>\n\t<meta property=\"og:image:height\" content=\"157\" \/>\n\t<meta property=\"og:image:type\" content=\"image\/jpeg\" \/>\n<meta name=\"twitter:card\" content=\"summary_large_image\" \/>\n<meta name=\"twitter:site\" content=\"@atlasreflex\" \/>\n<meta name=\"twitter:label1\" content=\"Gesch\u00e4tzte Lesezeit\" \/>\n\t<meta name=\"twitter:data1\" content=\"3\u00a0Minuten\" \/>\n<script type=\"application\/ld+json\" class=\"yoast-schema-graph\">{\"@context\":\"https:\\\/\\\/schema.org\",\"@graph\":[{\"@type\":\"WebPage\",\"@id\":\"https:\\\/\\\/atlasreflex.com\\\/atlastherapie\\\/atlas-behandlung\\\/\",\"url\":\"https:\\\/\\\/atlasreflex.com\\\/atlastherapie\\\/atlas-behandlung\\\/\",\"name\":\"Atlas Behandlung | bringt den 1.Halswirbel in nat\u00fcrliche Position zur\u00fcck\",\"isPartOf\":{\"@id\":\"https:\\\/\\\/atlasreflex.com\\\/atlastherapie\\\/#website\"},\"datePublished\":\"2019-08-23T13:09:02+00:00\",\"dateModified\":\"2021-08-03T12:56:50+00:00\",\"description\":\"Die Atlastherapie kann bei vielen Beschwerden wirkungsvoll eingesetzt werden. Wir unterscheiden dabei in vier Kategorien \u2705\",\"breadcrumb\":{\"@id\":\"https:\\\/\\\/atlasreflex.com\\\/atlastherapie\\\/atlas-behandlung\\\/#breadcrumb\"},\"inLanguage\":\"de\",\"potentialAction\":[{\"@type\":\"ReadAction\",\"target\":[\"https:\\\/\\\/atlasreflex.com\\\/atlastherapie\\\/atlas-behandlung\\\/\"]}]},{\"@type\":\"BreadcrumbList\",\"@id\":\"https:\\\/\\\/atlasreflex.com\\\/atlastherapie\\\/atlas-behandlung\\\/#breadcrumb\",\"itemListElement\":[{\"@type\":\"ListItem\",\"position\":1,\"name\":\"Atlastherapie Atlaskorrektur\",\"item\":\"https:\\\/\\\/atlasreflex.com\\\/atlastherapie\\\/\"},{\"@type\":\"ListItem\",\"position\":2,\"name\":\"Atlas Behandlung\"}]},{\"@type\":\"WebSite\",\"@id\":\"https:\\\/\\\/atlasreflex.com\\\/atlastherapie\\\/#website\",\"url\":\"https:\\\/\\\/atlasreflex.com\\\/atlastherapie\\\/\",\"name\":\"www.atlasreflex.com\\\/atlastherapie\\\/\",\"description\":\"Atlastherapie- Atlastherapeuten suchen u. finden - mit allen Infos u. Fragen zur Atlaskorrektur\",\"publisher\":{\"@id\":\"https:\\\/\\\/atlasreflex.com\\\/atlastherapie\\\/#organization\"},\"alternateName\":\"www.atlasreflex.com\",\"potentialAction\":[{\"@type\":\"SearchAction\",\"target\":{\"@type\":\"EntryPoint\",\"urlTemplate\":\"https:\\\/\\\/atlasreflex.com\\\/atlastherapie\\\/?s={search_term_string}\"},\"query-input\":{\"@type\":\"PropertyValueSpecification\",\"valueRequired\":true,\"valueName\":\"search_term_string\"}}],\"inLanguage\":\"de\"},{\"@type\":[\"Organization\",\"Place\",\"Physiotherapy\"],\"@id\":\"https:\\\/\\\/atlasreflex.com\\\/atlastherapie\\\/#organization\",\"name\":\"AtlasreflexTh. Netzwerk der Atlastherapeuten f\u00fcr die Atlastherapie \\\/ Atlaskorrektur Alle Infos u. die Beantwortung aller Fragen\",\"alternateName\":\"Atlastherapeuten f\u00fcr die Atlastherapie suchen u.finden\",\"url\":\"https:\\\/\\\/atlasreflex.com\\\/atlastherapie\\\/\",\"logo\":{\"@id\":\"https:\\\/\\\/atlasreflex.com\\\/atlastherapie\\\/atlas-behandlung\\\/#local-main-organization-logo\"},\"image\":{\"@id\":\"https:\\\/\\\/atlasreflex.com\\\/atlastherapie\\\/atlas-behandlung\\\/#local-main-organization-logo\"},\"sameAs\":[\"https:\\\/\\\/de-de.facebook.com\\\/www.atlasreflex.de\\\/\",\"https:\\\/\\\/x.com\\\/atlasreflex\",\"https:\\\/\\\/www.instagram.com\\\/atlasreflexdeutschland\\\/\",\"https:\\\/\\\/de.linkedin.com\\\/in\\\/atlasreflex-atlastherapie-410a1795?trk=pub-pbmap\",\"https:\\\/\\\/www.pinterest.de\\\/atlasreflexTh\\\/\",\"https:\\\/\\\/www.youtube.com\\\/channel\\\/UC2GiX5XuIzbx8wJWZJkf8MQ\"],\"description\":\"Die atlasreflexTh.\u00ae \u2013 Atlastherapie ist eine einmalige Anwendung, die den Atlas (1.Halswirbel) dauerhaft, v\u00f6llig schmerzfrei und ohne Risiko in seine nat\u00fcrliche Position zur\u00fcck bringt. Eingesetzt werden kann die Atlastherapie vielf\u00e4ltig. Sie ist als neurophysiologisches Konzept auch eine ganzheitliche Behandlungsmethode. Die hier ausgebildeten Atlastherapeuten setzen die Atlastherapie bei allen stress- und verspannungsbedingten Beschwerden, wie Kopfschmerzen, Hals- Nacken- und R\u00fcckenbeschwerden, Migr\u00e4ne, Schwindel mit Gleichgewichtsst\u00f6rungen ein. Positiv beeinflussen lassen sich beispielsweise auch neuromotorische St\u00f6rungen, die verschiedene Ursachen haben k\u00f6nnen. Sie wird auch bei Schmerzzust\u00e4nden des Bewegungssystems eingesetzt. Die Atlastherapie wirkt auf das Gleichgewicht, den Muskeltonus, die Eigenwahrnehmung, das Schmerzempfinden sowie auf die vegetativen Funktionen. Zudem ist diese Art der Atlaskorrektur auch eine hervorragende M\u00f6glichkeit, verschiedene Blockierungen der Wirbel zu l\u00f6sen. Das Netzwerk der Atlastherapeuten informiert \u00fcber alle Standorte der Atlas Spezialisten. Die Suchfunktion listet alle Atlas Therapeuten f\u00fcr alle Regionen in Deutschland auf. Alle Infos zu Kosten, Dauer und Vorgehensweise. Alle Fragen zur Methode werden beantwortet.\",\"legalName\":\"atlasreflexTh.\",\"publishingPrinciples\":\"https:\\\/\\\/atlasreflex.com\\\/atlastherapie\\\/\",\"ownershipFundingInfo\":\"https:\\\/\\\/atlasreflex.com\\\/atlastherapie\\\/impressum\\\/\",\"actionableFeedbackPolicy\":\"https:\\\/\\\/atlasreflex.com\\\/atlastherapie\\\/atlas-wirbel-durch-erfahrene-therapeuten-korrigieren-lassen\\\/\",\"correctionsPolicy\":\"https:\\\/\\\/atlasreflex.com\\\/atlastherapie\\\/atlas-behandlung\\\/\",\"geo\":{\"@type\":\"GeoCoordinates\",\"latitude\":\"50.3880153\",\"longitude\":\"7.3861772\"},\"telephone\":[\"01792326510\"],\"contactPoint\":{\"@type\":\"ContactPoint\",\"telephone\":\"01792326510\"},\"openingHoursSpecification\":[{\"@type\":\"OpeningHoursSpecification\",\"dayOfWeek\":[\"Monday\",\"Tuesday\",\"Wednesday\",\"Thursday\",\"Friday\",\"Saturday\",\"Sunday\"],\"opens\":\"09:00\",\"closes\":\"17:00\"}],\"email\":\"marcusrose1@gmx.de\",\"areaServed\":\"Plaidt\",\"currenciesAccepted\":\"Euro\",\"paymentAccepted\":\"bar\"},{\"@type\":\"ImageObject\",\"inLanguage\":\"de\",\"@id\":\"https:\\\/\\\/atlasreflex.com\\\/atlastherapie\\\/atlas-behandlung\\\/#local-main-organization-logo\",\"url\":\"https:\\\/\\\/atlasreflex.com\\\/wp-content\\\/uploads\\\/2014\\\/12\\\/cropped-apple-touch-icon-152x152-1.png\",\"contentUrl\":\"https:\\\/\\\/atlasreflex.com\\\/wp-content\\\/uploads\\\/2014\\\/12\\\/cropped-apple-touch-icon-152x152-1.png\",\"width\":512,\"height\":512,\"caption\":\"AtlasreflexTh. Netzwerk der Atlastherapeuten f\u00fcr die Atlastherapie \\\/ Atlaskorrektur Alle Infos u. die Beantwortung aller Fragen\"}]}<\/script>\n<meta name=\"geo.placename\" content=\"Plaidt\" \/>\n<meta name=\"geo.position\" content=\"50.3880153;7.3861772\" \/>\n<meta name=\"geo.region\" content=\"Deutschland\" \/>\n<!-- \/ Yoast SEO Premium plugin. -->","yoast_head_json":{"title":"Atlas Behandlung | bringt den 1.Halswirbel in nat\u00fcrliche Position zur\u00fcck","description":"Die Atlastherapie kann bei vielen Beschwerden wirkungsvoll eingesetzt werden. Wir unterscheiden dabei in vier Kategorien \u2705","robots":{"index":"index","follow":"follow","max-snippet":"max-snippet:-1","max-image-preview":"max-image-preview:large","max-video-preview":"max-video-preview:-1"},"canonical":"https:\/\/atlasreflex.com\/atlastherapie\/atlas-behandlung\/","og_locale":"de_DE","og_type":"article","og_title":"Atlas Behandlung","og_description":"Die Atlastherapie kann bei vielen Beschwerden wirkungsvoll eingesetzt werden. Wir unterscheiden dabei in vier Kategorien \u2705","og_url":"https:\/\/atlasreflex.com\/atlastherapie\/atlas-behandlung\/","og_site_name":"Atlastherapie Atlaskorrektur","article_publisher":"https:\/\/de-de.facebook.com\/www.atlasreflex.de\/","article_modified_time":"2021-08-03T12:56:50+00:00","og_image":[{"width":550,"height":157,"url":"https:\/\/atlasreflex.com\/wp-content\/uploads\/2021\/10\/Atlastherapie-Atlaskorrektur-Logo-e1633541341545.jpg","type":"image\/jpeg"}],"twitter_card":"summary_large_image","twitter_site":"@atlasreflex","twitter_misc":{"Gesch\u00e4tzte Lesezeit":"3\u00a0Minuten"},"schema":{"@context":"https:\/\/schema.org","@graph":[{"@type":"WebPage","@id":"https:\/\/atlasreflex.com\/atlastherapie\/atlas-behandlung\/","url":"https:\/\/atlasreflex.com\/atlastherapie\/atlas-behandlung\/","name":"Atlas Behandlung | bringt den 1.Halswirbel in nat\u00fcrliche Position zur\u00fcck","isPartOf":{"@id":"https:\/\/atlasreflex.com\/atlastherapie\/#website"},"datePublished":"2019-08-23T13:09:02+00:00","dateModified":"2021-08-03T12:56:50+00:00","description":"Die Atlastherapie kann bei vielen Beschwerden wirkungsvoll eingesetzt werden. Wir unterscheiden dabei in vier Kategorien \u2705","breadcrumb":{"@id":"https:\/\/atlasreflex.com\/atlastherapie\/atlas-behandlung\/#breadcrumb"},"inLanguage":"de","potentialAction":[{"@type":"ReadAction","target":["https:\/\/atlasreflex.com\/atlastherapie\/atlas-behandlung\/"]}]},{"@type":"BreadcrumbList","@id":"https:\/\/atlasreflex.com\/atlastherapie\/atlas-behandlung\/#breadcrumb","itemListElement":[{"@type":"ListItem","position":1,"name":"Atlastherapie Atlaskorrektur","item":"https:\/\/atlasreflex.com\/atlastherapie\/"},{"@type":"ListItem","position":2,"name":"Atlas Behandlung"}]},{"@type":"WebSite","@id":"https:\/\/atlasreflex.com\/atlastherapie\/#website","url":"https:\/\/atlasreflex.com\/atlastherapie\/","name":"www.atlasreflex.com\/atlastherapie\/","description":"Atlastherapie- Atlastherapeuten suchen u. finden - mit allen Infos u. Fragen zur Atlaskorrektur","publisher":{"@id":"https:\/\/atlasreflex.com\/atlastherapie\/#organization"},"alternateName":"www.atlasreflex.com","potentialAction":[{"@type":"SearchAction","target":{"@type":"EntryPoint","urlTemplate":"https:\/\/atlasreflex.com\/atlastherapie\/?s={search_term_string}"},"query-input":{"@type":"PropertyValueSpecification","valueRequired":true,"valueName":"search_term_string"}}],"inLanguage":"de"},{"@type":["Organization","Place","Physiotherapy"],"@id":"https:\/\/atlasreflex.com\/atlastherapie\/#organization","name":"AtlasreflexTh. Netzwerk der Atlastherapeuten f\u00fcr die Atlastherapie \/ Atlaskorrektur Alle Infos u. die Beantwortung aller Fragen","alternateName":"Atlastherapeuten f\u00fcr die Atlastherapie suchen u.finden","url":"https:\/\/atlasreflex.com\/atlastherapie\/","logo":{"@id":"https:\/\/atlasreflex.com\/atlastherapie\/atlas-behandlung\/#local-main-organization-logo"},"image":{"@id":"https:\/\/atlasreflex.com\/atlastherapie\/atlas-behandlung\/#local-main-organization-logo"},"sameAs":["https:\/\/de-de.facebook.com\/www.atlasreflex.de\/","https:\/\/x.com\/atlasreflex","https:\/\/www.instagram.com\/atlasreflexdeutschland\/","https:\/\/de.linkedin.com\/in\/atlasreflex-atlastherapie-410a1795?trk=pub-pbmap","https:\/\/www.pinterest.de\/atlasreflexTh\/","https:\/\/www.youtube.com\/channel\/UC2GiX5XuIzbx8wJWZJkf8MQ"],"description":"Die atlasreflexTh.\u00ae \u2013 Atlastherapie ist eine einmalige Anwendung, die den Atlas (1.Halswirbel) dauerhaft, v\u00f6llig schmerzfrei und ohne Risiko in seine nat\u00fcrliche Position zur\u00fcck bringt. Eingesetzt werden kann die Atlastherapie vielf\u00e4ltig. Sie ist als neurophysiologisches Konzept auch eine ganzheitliche Behandlungsmethode. Die hier ausgebildeten Atlastherapeuten setzen die Atlastherapie bei allen stress- und verspannungsbedingten Beschwerden, wie Kopfschmerzen, Hals- Nacken- und R\u00fcckenbeschwerden, Migr\u00e4ne, Schwindel mit Gleichgewichtsst\u00f6rungen ein. Positiv beeinflussen lassen sich beispielsweise auch neuromotorische St\u00f6rungen, die verschiedene Ursachen haben k\u00f6nnen. Sie wird auch bei Schmerzzust\u00e4nden des Bewegungssystems eingesetzt. Die Atlastherapie wirkt auf das Gleichgewicht, den Muskeltonus, die Eigenwahrnehmung, das Schmerzempfinden sowie auf die vegetativen Funktionen. Zudem ist diese Art der Atlaskorrektur auch eine hervorragende M\u00f6glichkeit, verschiedene Blockierungen der Wirbel zu l\u00f6sen. Das Netzwerk der Atlastherapeuten informiert \u00fcber alle Standorte der Atlas Spezialisten. Die Suchfunktion listet alle Atlas Therapeuten f\u00fcr alle Regionen in Deutschland auf. Alle Infos zu Kosten, Dauer und Vorgehensweise. Alle Fragen zur Methode werden beantwortet.","legalName":"atlasreflexTh.","publishingPrinciples":"https:\/\/atlasreflex.com\/atlastherapie\/","ownershipFundingInfo":"https:\/\/atlasreflex.com\/atlastherapie\/impressum\/","actionableFeedbackPolicy":"https:\/\/atlasreflex.com\/atlastherapie\/atlas-wirbel-durch-erfahrene-therapeuten-korrigieren-lassen\/","correctionsPolicy":"https:\/\/atlasreflex.com\/atlastherapie\/atlas-behandlung\/","geo":{"@type":"GeoCoordinates","latitude":"50.3880153","longitude":"7.3861772"},"telephone":["01792326510"],"contactPoint":{"@type":"ContactPoint","telephone":"01792326510"},"openingHoursSpecification":[{"@type":"OpeningHoursSpecification","dayOfWeek":["Monday","Tuesday","Wednesday","Thursday","Friday","Saturday","Sunday"],"opens":"09:00","closes":"17:00"}],"email":"marcusrose1@gmx.de","areaServed":"Plaidt","currenciesAccepted":"Euro","paymentAccepted":"bar"},{"@type":"ImageObject","inLanguage":"de","@id":"https:\/\/atlasreflex.com\/atlastherapie\/atlas-behandlung\/#local-main-organization-logo","url":"https:\/\/atlasreflex.com\/wp-content\/uploads\/2014\/12\/cropped-apple-touch-icon-152x152-1.png","contentUrl":"https:\/\/atlasreflex.com\/wp-content\/uploads\/2014\/12\/cropped-apple-touch-icon-152x152-1.png","width":512,"height":512,"caption":"AtlasreflexTh. Netzwerk der Atlastherapeuten f\u00fcr die Atlastherapie \/ Atlaskorrektur Alle Infos u. die Beantwortung aller Fragen"}]},"geo.placename":"Plaidt","geo.position":{"lat":"50.3880153","long":"7.3861772"},"geo.region":"Deutschland"},"_links":{"self":[{"href":"https:\/\/atlasreflex.com\/atlastherapie\/wp-json\/wp\/v2\/pages\/6546","targetHints":{"allow":["GET"]}}],"collection":[{"href":"https:\/\/atlasreflex.com\/atlastherapie\/wp-json\/wp\/v2\/pages"}],"about":[{"href":"https:\/\/atlasreflex.com\/atlastherapie\/wp-json\/wp\/v2\/types\/page"}],"author":[{"embeddable":true,"href":"https:\/\/atlasreflex.com\/atlastherapie\/wp-json\/wp\/v2\/users\/2"}],"replies":[{"embeddable":true,"href":"https:\/\/atlasreflex.com\/atlastherapie\/wp-json\/wp\/v2\/comments?post=6546"}],"version-history":[{"count":0,"href":"https:\/\/atlasreflex.com\/atlastherapie\/wp-json\/wp\/v2\/pages\/6546\/revisions"}],"wp:attachment":[{"href":"https:\/\/atlasreflex.com\/atlastherapie\/wp-json\/wp\/v2\/media?parent=6546"}],"curies":[{"name":"wp","href":"https:\/\/api.w.org\/{rel}","templated":true}]}}