{"id":6574,"date":"2019-09-25T14:24:26","date_gmt":"2019-09-25T12:24:26","guid":{"rendered":"https:\/\/atlasreflex.com\/?page_id=6574"},"modified":"2019-09-25T14:24:26","modified_gmt":"2019-09-25T12:24:26","slug":"innovative-atlas-therapie-fortbildung","status":"publish","type":"page","link":"https:\/\/atlasreflex.com\/atlastherapie\/innovative-atlas-therapie-fortbildung\/","title":{"rendered":"Innovative Atlas Therapie Fortbildung"},"content":{"rendered":"<h2>Innovative Atlas Therapie Fortbildung von den atlasreflexTh\u00ae Spezialisten<\/h2>\n<p>Eine professionelle Ausbildung zum Atlastherapeuten ist der Beginn einer erfolgreichen Karriere als Experte f\u00fcr die Behandlung zahlreicher Beschwerden wie Schwindel, R\u00fcckenschmerzen und Blockaden der Meridiane. Alle diese Symptome k\u00f6nnen n\u00e4mlich eine einzige Ursache haben. Der Grund f\u00fcr oftmals dauerhaft chronische Schmerzen, die bis in die Beine gehen k\u00f6nnen, kann die falsche Position des Atlaswirbels sein. Dieser Wirbel ist die Verbindung zwischen Kopf und Wirbels\u00e4ule und tr\u00e4gt daher die gesamte schwere Last des Sch\u00e4dels. Eine korrekte Stellung des Atlaswirbels ist deshalb die beste Voraussetzung f\u00fcr eine gesunde K\u00f6rperhaltung.<\/p>\n<p>Im Rahmen der Ausbildung erlernen Sie alle Methoden und Handgriffe, um den wichtigen ersten Wirbel sowohl bei Erwachsenen als auch bei Kindern nach einer Schiefstellung wieder in die richtige Position zu bringen. Unser Netzwerk atlasreflexTh\u00ae bildet Sie mit Leidenschaft zu einem professionellen Therapeuten aus, sodass Sie schon bald Teil des exklusiven Zusammenschlusses der Atlastherapeuten sein k\u00f6nnen. Grundbedingung f\u00fcr eine <strong>Atlas Therapie Fortbildung <\/strong>ist eine Berufsausbildung, die Ihnen bereits viele wichtige Kenntnisse \u00fcber den Aufbau des menschlichen Skeletts sowie der Muskeln vermittelt hat. Wir bilden Sie weiter, wenn Sie bereits als Physiotherapeut, Heilpraktiker, Osteopath oder Ergotherapeut erfolgreich mit anerkanntem Berufsabschluss t\u00e4tig sind. Sogar als Masseur mit mehrj\u00e4hriger Berufserfahrung kommen Sie in den Genuss unserer einzigartigen <strong>Atlas Therapie Fortbildung<\/strong>, sodass Sie demn\u00e4chst vielen Menschen effektiv helfen k\u00f6nnen. Werden Sie Teil unseres Netzwerks, das sich auf die Atlastherapie des Atlaswirbels spezialisiert hat.<\/p>\n<h3>Atlas Therapie Fortbildung in der gewohnten Umgebung \u2013 Ausbildung in der eigenen Praxis<\/h3>\n<p>Im Rahmen Ihrer Ausbildung bleibt keine Fragen offen. Der gesamte Unterricht findet in Ihren eigenen R\u00e4umlichkeiten statt. Wir bieten Ihnen einen Kleingruppenkurs mit zwei Teilnehmern an. Dennoch empfehlen wir Ihnen Einzelunterricht, damit Sie von Anfang an als verantwortungsbewusster Therapeut im Mittelpunkt stehen. Sie werden mit Ihren kleinen und gro\u00dfen Patienten zur Einheit und erleben die Korrektur der Schiefstellung des Atlaswirbels gemeinsam. Bei einer Ausbildung im Verh\u00e4ltnis 1:1 k\u00f6nnen Sie sich am besten auf jeden Handgriff der Therapie konzentrieren.<\/p>\n<p>F\u00fcr Ihre <strong>Atlas Therapie Fortbildung <\/strong>sollten Sie Probanden aus Ihrem Patienten- oder Bekanntenkreis ausw\u00e4hlen, die f\u00fcr mehrere Sitzungen zur Verf\u00fcgung stehen. Schritt f\u00fcr Schritt erlernen Sie das Fachwissen, die Techniken und das ganzheitliche System der modernen Atlastherapie. In Deutschland fehlen derzeit noch viele Therapeuten, die sich mit der Korrektur der Position des Atlaswirbels auskennen. Daher er\u00f6ffnet Ihnen die <strong>Atlas Therapie Fortbildung<\/strong> eine weitere Einkommensquelle, mit der Sie anderen Menschen nachhaltig und effizient helfen. Sie werden sich \u00fcber die vielen dankbaren Patienten freuen, die endlich wieder frei von Schwindelattacken, Schmerzen und anderen Beschwerden leben k\u00f6nnen. Zudem wird es aufgrund der gro\u00dfen Belastung an vielen Bildschirmarbeitspl\u00e4tzen in Zukunft immer mehr Menschen mit einer Atlasfehlstellung geben, die eine Atlastherapie ben\u00f6tigen. Mit der Fortbildung zum Atlastherapeuten im Netzwerk atlasreflexTh\u00ae investieren Sie auch sinnvoll in Ihre eigene Pers\u00f6nlichkeit.<\/p>\n<h3>Gefahrlose und dauerhafte Korrektur des Atlaswirbels und des Atlasgelenks<\/h3>\n<p>Mit der ThemPer\u00ae-Technologie behandeln Sie Ihre Patienten auf dem neusten Stand der Wissenschaft rund um den Atlaswirbel. Unsere <strong>Atlas Therapie Fortbildung<\/strong> bieten wir f\u00fcr Sie an, bis in Ihrer Region der Bedarf an Therapeuten gedeckt ist. Im Zusammenhang mit Ihrer Ausbildung erhalten Sie Gebietsschutz f\u00fcr Ihr Umfeld. Sie k\u00f6nnen sich mit dem Alleinstellungsmerkmal Atlastherapeut im atlasreflexTh\u00ae Netzwerk einen guten Ruf verschaffen. Gerne erl\u00e4utern wir Ihnen viele weitere Details zu Ihrer neuen Fortbildung pers\u00f6nlich, da wir nach dem Heilmittelwerberecht im Internet nur begrenzt Informationen ver\u00f6ffentlichen d\u00fcrfen. Nutzen Sie unser fundiertes Fachwissen f\u00fcr Ihre berufliche Zukunft und werden Sie Teil unseres erfolgreichen Atlastherapeuten Netzwerks.<\/p>\n","protected":false},"excerpt":{"rendered":"<p>Innovative Atlas Therapie Fortbildung von den atlasreflexTh\u00ae Spezialisten Eine professionelle Ausbildung zum Atlastherapeuten ist der Beginn einer erfolgreichen Karriere als Experte f\u00fcr die Behandlung zahlreicher Beschwerden wie Schwindel, R\u00fcckenschmerzen und Blockaden der Meridiane. Alle diese Symptome k\u00f6nnen n\u00e4mlich eine einzige Ursache haben. Der Grund f\u00fcr oftmals dauerhaft chronische Schmerzen, die bis in die Beine gehen <a href=\"https:\/\/atlasreflex.com\/atlastherapie\/innovative-atlas-therapie-fortbildung\/\"> [&#8230;]<\/a><\/p>\n","protected":false},"author":2,"featured_media":0,"parent":0,"menu_order":0,"comment_status":"closed","ping_status":"closed","template":"","meta":{"om_disable_all_campaigns":false,"footnotes":""},"class_list":["post-6574","page","type-page","status-publish","hentry"],"yoast_head":"<!-- This site is optimized with the Yoast SEO Premium plugin v27.5 (Yoast SEO v27.5) - https:\/\/yoast.com\/product\/yoast-seo-premium-wordpress\/ -->\n<title>Innovative Atlas Therapie Fortbildung<\/title>\n<meta name=\"description\" content=\"Eine professionelle Ausbildung zum Atlastherapeuten ist der Beginn einer erfolgreichen Karriere als Experte f\u00fcr die Behandlung zahlreicher Beschwerden wie Schwindel\" \/>\n<meta name=\"robots\" content=\"index, follow, max-snippet:-1, max-image-preview:large, max-video-preview:-1\" \/>\n<link rel=\"canonical\" href=\"https:\/\/atlasreflex.com\/atlastherapie\/innovative-atlas-therapie-fortbildung\/\" \/>\n<meta property=\"og:locale\" content=\"de_DE\" \/>\n<meta property=\"og:type\" content=\"article\" \/>\n<meta property=\"og:title\" content=\"Innovative Atlas Therapie Fortbildung\" \/>\n<meta property=\"og:description\" content=\"Eine professionelle Ausbildung zum Atlastherapeuten ist der Beginn einer erfolgreichen Karriere als Experte f\u00fcr die Behandlung zahlreicher Beschwerden wie Schwindel\" \/>\n<meta property=\"og:url\" content=\"https:\/\/atlasreflex.com\/atlastherapie\/innovative-atlas-therapie-fortbildung\/\" \/>\n<meta property=\"og:site_name\" content=\"Atlastherapie Atlaskorrektur\" \/>\n<meta property=\"article:publisher\" content=\"https:\/\/de-de.facebook.com\/www.atlasreflex.de\/\" \/>\n<meta property=\"og:image\" content=\"https:\/\/atlasreflex.com\/wp-content\/uploads\/2021\/10\/Atlastherapie-Atlaskorrektur-Logo-e1633541341545.jpg\" \/>\n\t<meta property=\"og:image:width\" content=\"550\" \/>\n\t<meta property=\"og:image:height\" content=\"157\" \/>\n\t<meta property=\"og:image:type\" content=\"image\/jpeg\" \/>\n<meta name=\"twitter:card\" content=\"summary_large_image\" \/>\n<meta name=\"twitter:site\" content=\"@atlasreflex\" \/>\n<meta name=\"twitter:label1\" content=\"Gesch\u00e4tzte Lesezeit\" \/>\n\t<meta name=\"twitter:data1\" content=\"3\u00a0Minuten\" \/>\n<script type=\"application\/ld+json\" class=\"yoast-schema-graph\">{\"@context\":\"https:\\\/\\\/schema.org\",\"@graph\":[{\"@type\":\"WebPage\",\"@id\":\"https:\\\/\\\/atlasreflex.com\\\/atlastherapie\\\/innovative-atlas-therapie-fortbildung\\\/\",\"url\":\"https:\\\/\\\/atlasreflex.com\\\/atlastherapie\\\/innovative-atlas-therapie-fortbildung\\\/\",\"name\":\"Innovative Atlas Therapie Fortbildung\",\"isPartOf\":{\"@id\":\"https:\\\/\\\/atlasreflex.com\\\/atlastherapie\\\/#website\"},\"datePublished\":\"2019-09-25T12:24:26+00:00\",\"description\":\"Eine professionelle Ausbildung zum Atlastherapeuten ist der Beginn einer erfolgreichen Karriere als Experte f\u00fcr die Behandlung zahlreicher Beschwerden wie Schwindel\",\"breadcrumb\":{\"@id\":\"https:\\\/\\\/atlasreflex.com\\\/atlastherapie\\\/innovative-atlas-therapie-fortbildung\\\/#breadcrumb\"},\"inLanguage\":\"de\",\"potentialAction\":[{\"@type\":\"ReadAction\",\"target\":[\"https:\\\/\\\/atlasreflex.com\\\/atlastherapie\\\/innovative-atlas-therapie-fortbildung\\\/\"]}]},{\"@type\":\"BreadcrumbList\",\"@id\":\"https:\\\/\\\/atlasreflex.com\\\/atlastherapie\\\/innovative-atlas-therapie-fortbildung\\\/#breadcrumb\",\"itemListElement\":[{\"@type\":\"ListItem\",\"position\":1,\"name\":\"Atlastherapie Atlaskorrektur\",\"item\":\"https:\\\/\\\/atlasreflex.com\\\/atlastherapie\\\/\"},{\"@type\":\"ListItem\",\"position\":2,\"name\":\"Innovative Atlas Therapie Fortbildung\"}]},{\"@type\":\"WebSite\",\"@id\":\"https:\\\/\\\/atlasreflex.com\\\/atlastherapie\\\/#website\",\"url\":\"https:\\\/\\\/atlasreflex.com\\\/atlastherapie\\\/\",\"name\":\"www.atlasreflex.com\\\/atlastherapie\\\/\",\"description\":\"Atlastherapie- Atlastherapeuten suchen u. finden - mit allen Infos u. Fragen zur Atlaskorrektur\",\"publisher\":{\"@id\":\"https:\\\/\\\/atlasreflex.com\\\/atlastherapie\\\/#organization\"},\"alternateName\":\"www.atlasreflex.com\",\"potentialAction\":[{\"@type\":\"SearchAction\",\"target\":{\"@type\":\"EntryPoint\",\"urlTemplate\":\"https:\\\/\\\/atlasreflex.com\\\/atlastherapie\\\/?s={search_term_string}\"},\"query-input\":{\"@type\":\"PropertyValueSpecification\",\"valueRequired\":true,\"valueName\":\"search_term_string\"}}],\"inLanguage\":\"de\"},{\"@type\":[\"Organization\",\"Place\",\"Physiotherapy\"],\"@id\":\"https:\\\/\\\/atlasreflex.com\\\/atlastherapie\\\/#organization\",\"name\":\"AtlasreflexTh. Netzwerk der Atlastherapeuten f\u00fcr die Atlastherapie \\\/ Atlaskorrektur Alle Infos u. die Beantwortung aller Fragen\",\"alternateName\":\"Atlastherapeuten f\u00fcr die Atlastherapie suchen u.finden\",\"url\":\"https:\\\/\\\/atlasreflex.com\\\/atlastherapie\\\/\",\"logo\":{\"@id\":\"https:\\\/\\\/atlasreflex.com\\\/atlastherapie\\\/innovative-atlas-therapie-fortbildung\\\/#local-main-organization-logo\"},\"image\":{\"@id\":\"https:\\\/\\\/atlasreflex.com\\\/atlastherapie\\\/innovative-atlas-therapie-fortbildung\\\/#local-main-organization-logo\"},\"sameAs\":[\"https:\\\/\\\/de-de.facebook.com\\\/www.atlasreflex.de\\\/\",\"https:\\\/\\\/x.com\\\/atlasreflex\",\"https:\\\/\\\/www.instagram.com\\\/atlasreflexdeutschland\\\/\",\"https:\\\/\\\/de.linkedin.com\\\/in\\\/atlasreflex-atlastherapie-410a1795?trk=pub-pbmap\",\"https:\\\/\\\/www.pinterest.de\\\/atlasreflexTh\\\/\",\"https:\\\/\\\/www.youtube.com\\\/channel\\\/UC2GiX5XuIzbx8wJWZJkf8MQ\"],\"description\":\"Die atlasreflexTh.\u00ae \u2013 Atlastherapie ist eine einmalige Anwendung, die den Atlas (1.Halswirbel) dauerhaft, v\u00f6llig schmerzfrei und ohne Risiko in seine nat\u00fcrliche Position zur\u00fcck bringt. Eingesetzt werden kann die Atlastherapie vielf\u00e4ltig. Sie ist als neurophysiologisches Konzept auch eine ganzheitliche Behandlungsmethode. Die hier ausgebildeten Atlastherapeuten setzen die Atlastherapie bei allen stress- und verspannungsbedingten Beschwerden, wie Kopfschmerzen, Hals- Nacken- und R\u00fcckenbeschwerden, Migr\u00e4ne, Schwindel mit Gleichgewichtsst\u00f6rungen ein. Positiv beeinflussen lassen sich beispielsweise auch neuromotorische St\u00f6rungen, die verschiedene Ursachen haben k\u00f6nnen. Sie wird auch bei Schmerzzust\u00e4nden des Bewegungssystems eingesetzt. Die Atlastherapie wirkt auf das Gleichgewicht, den Muskeltonus, die Eigenwahrnehmung, das Schmerzempfinden sowie auf die vegetativen Funktionen. Zudem ist diese Art der Atlaskorrektur auch eine hervorragende M\u00f6glichkeit, verschiedene Blockierungen der Wirbel zu l\u00f6sen. Das Netzwerk der Atlastherapeuten informiert \u00fcber alle Standorte der Atlas Spezialisten. Die Suchfunktion listet alle Atlas Therapeuten f\u00fcr alle Regionen in Deutschland auf. Alle Infos zu Kosten, Dauer und Vorgehensweise. Alle Fragen zur Methode werden beantwortet.\",\"legalName\":\"atlasreflexTh.\",\"publishingPrinciples\":\"https:\\\/\\\/atlasreflex.com\\\/atlastherapie\\\/\",\"ownershipFundingInfo\":\"https:\\\/\\\/atlasreflex.com\\\/atlastherapie\\\/impressum\\\/\",\"actionableFeedbackPolicy\":\"https:\\\/\\\/atlasreflex.com\\\/atlastherapie\\\/atlas-wirbel-durch-erfahrene-therapeuten-korrigieren-lassen\\\/\",\"correctionsPolicy\":\"https:\\\/\\\/atlasreflex.com\\\/atlastherapie\\\/atlas-behandlung\\\/\",\"geo\":{\"@type\":\"GeoCoordinates\",\"latitude\":\"50.3880153\",\"longitude\":\"7.3861772\"},\"telephone\":[\"01792326510\"],\"contactPoint\":{\"@type\":\"ContactPoint\",\"telephone\":\"01792326510\"},\"openingHoursSpecification\":[{\"@type\":\"OpeningHoursSpecification\",\"dayOfWeek\":[\"Monday\",\"Tuesday\",\"Wednesday\",\"Thursday\",\"Friday\",\"Saturday\",\"Sunday\"],\"opens\":\"09:00\",\"closes\":\"17:00\"}],\"email\":\"marcusrose1@gmx.de\",\"areaServed\":\"Plaidt\",\"currenciesAccepted\":\"Euro\",\"paymentAccepted\":\"bar\"},{\"@type\":\"ImageObject\",\"inLanguage\":\"de\",\"@id\":\"https:\\\/\\\/atlasreflex.com\\\/atlastherapie\\\/innovative-atlas-therapie-fortbildung\\\/#local-main-organization-logo\",\"url\":\"https:\\\/\\\/atlasreflex.com\\\/wp-content\\\/uploads\\\/2014\\\/12\\\/cropped-apple-touch-icon-152x152-1.png\",\"contentUrl\":\"https:\\\/\\\/atlasreflex.com\\\/wp-content\\\/uploads\\\/2014\\\/12\\\/cropped-apple-touch-icon-152x152-1.png\",\"width\":512,\"height\":512,\"caption\":\"AtlasreflexTh. Netzwerk der Atlastherapeuten f\u00fcr die Atlastherapie \\\/ Atlaskorrektur Alle Infos u. die Beantwortung aller Fragen\"}]}<\/script>\n<meta name=\"geo.placename\" content=\"Plaidt\" \/>\n<meta name=\"geo.position\" content=\"50.3880153;7.3861772\" \/>\n<meta name=\"geo.region\" content=\"Deutschland\" \/>\n<!-- \/ Yoast SEO Premium plugin. -->","yoast_head_json":{"title":"Innovative Atlas Therapie Fortbildung","description":"Eine professionelle Ausbildung zum Atlastherapeuten ist der Beginn einer erfolgreichen Karriere als Experte f\u00fcr die Behandlung zahlreicher Beschwerden wie Schwindel","robots":{"index":"index","follow":"follow","max-snippet":"max-snippet:-1","max-image-preview":"max-image-preview:large","max-video-preview":"max-video-preview:-1"},"canonical":"https:\/\/atlasreflex.com\/atlastherapie\/innovative-atlas-therapie-fortbildung\/","og_locale":"de_DE","og_type":"article","og_title":"Innovative Atlas Therapie Fortbildung","og_description":"Eine professionelle Ausbildung zum Atlastherapeuten ist der Beginn einer erfolgreichen Karriere als Experte f\u00fcr die Behandlung zahlreicher Beschwerden wie Schwindel","og_url":"https:\/\/atlasreflex.com\/atlastherapie\/innovative-atlas-therapie-fortbildung\/","og_site_name":"Atlastherapie Atlaskorrektur","article_publisher":"https:\/\/de-de.facebook.com\/www.atlasreflex.de\/","og_image":[{"width":550,"height":157,"url":"https:\/\/atlasreflex.com\/wp-content\/uploads\/2021\/10\/Atlastherapie-Atlaskorrektur-Logo-e1633541341545.jpg","type":"image\/jpeg"}],"twitter_card":"summary_large_image","twitter_site":"@atlasreflex","twitter_misc":{"Gesch\u00e4tzte Lesezeit":"3\u00a0Minuten"},"schema":{"@context":"https:\/\/schema.org","@graph":[{"@type":"WebPage","@id":"https:\/\/atlasreflex.com\/atlastherapie\/innovative-atlas-therapie-fortbildung\/","url":"https:\/\/atlasreflex.com\/atlastherapie\/innovative-atlas-therapie-fortbildung\/","name":"Innovative Atlas Therapie Fortbildung","isPartOf":{"@id":"https:\/\/atlasreflex.com\/atlastherapie\/#website"},"datePublished":"2019-09-25T12:24:26+00:00","description":"Eine professionelle Ausbildung zum Atlastherapeuten ist der Beginn einer erfolgreichen Karriere als Experte f\u00fcr die Behandlung zahlreicher Beschwerden wie Schwindel","breadcrumb":{"@id":"https:\/\/atlasreflex.com\/atlastherapie\/innovative-atlas-therapie-fortbildung\/#breadcrumb"},"inLanguage":"de","potentialAction":[{"@type":"ReadAction","target":["https:\/\/atlasreflex.com\/atlastherapie\/innovative-atlas-therapie-fortbildung\/"]}]},{"@type":"BreadcrumbList","@id":"https:\/\/atlasreflex.com\/atlastherapie\/innovative-atlas-therapie-fortbildung\/#breadcrumb","itemListElement":[{"@type":"ListItem","position":1,"name":"Atlastherapie Atlaskorrektur","item":"https:\/\/atlasreflex.com\/atlastherapie\/"},{"@type":"ListItem","position":2,"name":"Innovative Atlas Therapie Fortbildung"}]},{"@type":"WebSite","@id":"https:\/\/atlasreflex.com\/atlastherapie\/#website","url":"https:\/\/atlasreflex.com\/atlastherapie\/","name":"www.atlasreflex.com\/atlastherapie\/","description":"Atlastherapie- Atlastherapeuten suchen u. finden - mit allen Infos u. Fragen zur Atlaskorrektur","publisher":{"@id":"https:\/\/atlasreflex.com\/atlastherapie\/#organization"},"alternateName":"www.atlasreflex.com","potentialAction":[{"@type":"SearchAction","target":{"@type":"EntryPoint","urlTemplate":"https:\/\/atlasreflex.com\/atlastherapie\/?s={search_term_string}"},"query-input":{"@type":"PropertyValueSpecification","valueRequired":true,"valueName":"search_term_string"}}],"inLanguage":"de"},{"@type":["Organization","Place","Physiotherapy"],"@id":"https:\/\/atlasreflex.com\/atlastherapie\/#organization","name":"AtlasreflexTh. Netzwerk der Atlastherapeuten f\u00fcr die Atlastherapie \/ Atlaskorrektur Alle Infos u. die Beantwortung aller Fragen","alternateName":"Atlastherapeuten f\u00fcr die Atlastherapie suchen u.finden","url":"https:\/\/atlasreflex.com\/atlastherapie\/","logo":{"@id":"https:\/\/atlasreflex.com\/atlastherapie\/innovative-atlas-therapie-fortbildung\/#local-main-organization-logo"},"image":{"@id":"https:\/\/atlasreflex.com\/atlastherapie\/innovative-atlas-therapie-fortbildung\/#local-main-organization-logo"},"sameAs":["https:\/\/de-de.facebook.com\/www.atlasreflex.de\/","https:\/\/x.com\/atlasreflex","https:\/\/www.instagram.com\/atlasreflexdeutschland\/","https:\/\/de.linkedin.com\/in\/atlasreflex-atlastherapie-410a1795?trk=pub-pbmap","https:\/\/www.pinterest.de\/atlasreflexTh\/","https:\/\/www.youtube.com\/channel\/UC2GiX5XuIzbx8wJWZJkf8MQ"],"description":"Die atlasreflexTh.\u00ae \u2013 Atlastherapie ist eine einmalige Anwendung, die den Atlas (1.Halswirbel) dauerhaft, v\u00f6llig schmerzfrei und ohne Risiko in seine nat\u00fcrliche Position zur\u00fcck bringt. Eingesetzt werden kann die Atlastherapie vielf\u00e4ltig. Sie ist als neurophysiologisches Konzept auch eine ganzheitliche Behandlungsmethode. Die hier ausgebildeten Atlastherapeuten setzen die Atlastherapie bei allen stress- und verspannungsbedingten Beschwerden, wie Kopfschmerzen, Hals- Nacken- und R\u00fcckenbeschwerden, Migr\u00e4ne, Schwindel mit Gleichgewichtsst\u00f6rungen ein. Positiv beeinflussen lassen sich beispielsweise auch neuromotorische St\u00f6rungen, die verschiedene Ursachen haben k\u00f6nnen. Sie wird auch bei Schmerzzust\u00e4nden des Bewegungssystems eingesetzt. Die Atlastherapie wirkt auf das Gleichgewicht, den Muskeltonus, die Eigenwahrnehmung, das Schmerzempfinden sowie auf die vegetativen Funktionen. Zudem ist diese Art der Atlaskorrektur auch eine hervorragende M\u00f6glichkeit, verschiedene Blockierungen der Wirbel zu l\u00f6sen. Das Netzwerk der Atlastherapeuten informiert \u00fcber alle Standorte der Atlas Spezialisten. Die Suchfunktion listet alle Atlas Therapeuten f\u00fcr alle Regionen in Deutschland auf. Alle Infos zu Kosten, Dauer und Vorgehensweise. Alle Fragen zur Methode werden beantwortet.","legalName":"atlasreflexTh.","publishingPrinciples":"https:\/\/atlasreflex.com\/atlastherapie\/","ownershipFundingInfo":"https:\/\/atlasreflex.com\/atlastherapie\/impressum\/","actionableFeedbackPolicy":"https:\/\/atlasreflex.com\/atlastherapie\/atlas-wirbel-durch-erfahrene-therapeuten-korrigieren-lassen\/","correctionsPolicy":"https:\/\/atlasreflex.com\/atlastherapie\/atlas-behandlung\/","geo":{"@type":"GeoCoordinates","latitude":"50.3880153","longitude":"7.3861772"},"telephone":["01792326510"],"contactPoint":{"@type":"ContactPoint","telephone":"01792326510"},"openingHoursSpecification":[{"@type":"OpeningHoursSpecification","dayOfWeek":["Monday","Tuesday","Wednesday","Thursday","Friday","Saturday","Sunday"],"opens":"09:00","closes":"17:00"}],"email":"marcusrose1@gmx.de","areaServed":"Plaidt","currenciesAccepted":"Euro","paymentAccepted":"bar"},{"@type":"ImageObject","inLanguage":"de","@id":"https:\/\/atlasreflex.com\/atlastherapie\/innovative-atlas-therapie-fortbildung\/#local-main-organization-logo","url":"https:\/\/atlasreflex.com\/wp-content\/uploads\/2014\/12\/cropped-apple-touch-icon-152x152-1.png","contentUrl":"https:\/\/atlasreflex.com\/wp-content\/uploads\/2014\/12\/cropped-apple-touch-icon-152x152-1.png","width":512,"height":512,"caption":"AtlasreflexTh. Netzwerk der Atlastherapeuten f\u00fcr die Atlastherapie \/ Atlaskorrektur Alle Infos u. die Beantwortung aller Fragen"}]},"geo.placename":"Plaidt","geo.position":{"lat":"50.3880153","long":"7.3861772"},"geo.region":"Deutschland"},"_links":{"self":[{"href":"https:\/\/atlasreflex.com\/atlastherapie\/wp-json\/wp\/v2\/pages\/6574","targetHints":{"allow":["GET"]}}],"collection":[{"href":"https:\/\/atlasreflex.com\/atlastherapie\/wp-json\/wp\/v2\/pages"}],"about":[{"href":"https:\/\/atlasreflex.com\/atlastherapie\/wp-json\/wp\/v2\/types\/page"}],"author":[{"embeddable":true,"href":"https:\/\/atlasreflex.com\/atlastherapie\/wp-json\/wp\/v2\/users\/2"}],"replies":[{"embeddable":true,"href":"https:\/\/atlasreflex.com\/atlastherapie\/wp-json\/wp\/v2\/comments?post=6574"}],"version-history":[{"count":0,"href":"https:\/\/atlasreflex.com\/atlastherapie\/wp-json\/wp\/v2\/pages\/6574\/revisions"}],"wp:attachment":[{"href":"https:\/\/atlasreflex.com\/atlastherapie\/wp-json\/wp\/v2\/media?parent=6574"}],"curies":[{"name":"wp","href":"https:\/\/api.w.org\/{rel}","templated":true}]}}