{"id":6606,"date":"2020-01-28T15:52:18","date_gmt":"2020-01-28T13:52:18","guid":{"rendered":"https:\/\/atlasreflex.com\/?page_id=6606"},"modified":"2022-02-15T18:59:03","modified_gmt":"2022-02-15T16:59:03","slug":"hws-syndrom-hilfe-durch-atlastherapie","status":"publish","type":"page","link":"https:\/\/atlasreflex.com\/atlastherapie\/hws-syndrom-hilfe-durch-atlastherapie\/","title":{"rendered":"HWS Syndrom Hilfe durch Atlastherapie"},"content":{"rendered":"<div class=\"fusion-fullwidth fullwidth-box fusion-builder-row-1 fusion-flex-container nonhundred-percent-fullwidth non-hundred-percent-height-scrolling\" style=\"--awb-border-radius-top-left:0px;--awb-border-radius-top-right:0px;--awb-border-radius-bottom-right:0px;--awb-border-radius-bottom-left:0px;--awb-flex-wrap:wrap;\" ><div class=\"fusion-builder-row fusion-row fusion-flex-align-items-flex-start fusion-flex-content-wrap\" style=\"max-width:1216.8px;margin-left: calc(-4% \/ 2 );margin-right: calc(-4% \/ 2 );\"><div class=\"fusion-layout-column fusion_builder_column fusion-builder-column-0 fusion_builder_column_1_1 1_1 fusion-flex-column\" style=\"--awb-bg-size:cover;--awb-width-large:100%;--awb-margin-top-large:0px;--awb-spacing-right-large:1.92%;--awb-margin-bottom-large:0px;--awb-spacing-left-large:1.92%;--awb-width-medium:100%;--awb-spacing-right-medium:1.92%;--awb-spacing-left-medium:1.92%;--awb-width-small:100%;--awb-spacing-right-small:1.92%;--awb-spacing-left-small:1.92%;\"><div class=\"fusion-column-wrapper fusion-flex-justify-content-flex-start fusion-content-layout-column\"><div class=\"fusion-text fusion-text-1\"><h2>Atlasreflex-Therapie beim HWS Syndrom &#8211; Therapeuten finden<\/h2>\n<p>Die Atlasreflex-Therapie ist eine neurophysiologische Behandlung bei Fehlstellungen des Atlas-Wirbels in der Halswirbels\u00e4ule. Fehlstellungen der Halswirbels\u00e4ule, auch <strong>HWS Syndrom <\/strong>genannt, sind eine h\u00e4ufige Ursache von Nacken- und Kopfschmerzen, Schwindel, Sehst\u00f6rungen, Ohrger\u00e4uschen bis hin zu motorischen St\u00f6rungen, Kribbeln und Taubheitsgef\u00fchl im Arm.<\/p>\n<p>Viele Menschen versuchen insbesondere Kopf- und Nackenschmerzen jahrelang mit Schmerzmitteln beizukommen. Schmerzmittel wie freiverk\u00e4ufliche Kopfschmerztabletten k\u00f6nnen jedoch nur kurzfristig wirken. Die Ursache, die Fehlstellung vom Atlaswirbel in der oberen Halswirbels\u00e4ule, wird nicht angetastet. Dagegen kann der langfristige Einsatz der rezeptfreien Schmerzmittel ohne \u00e4rztlichen Rat gef\u00e4hrliche Nebenwirkungen haben. Es kann zur Beeintr\u00e4chtigung von Nieren oder Leber kommen, zu h\u00e4ufigen Magenschmerzen bis hin zur langfristigen Sch\u00e4digung von Organen.<\/p>\n<p>Ob ein <strong>HWS Syndrom<\/strong> Ursache der Beschwerden ist, kann bei einer orthop\u00e4dischen Untersuchung vom Facharzt festgestellt werden. Zur Behandlung von Fehlstellungen der Halswirbels\u00e4ule sind verschiedene Therapien m\u00f6glich, die von Fall zu Fall unterschiedlich erfolgreich sind. Die Atlasreflex-Therapie ist eine physiotherapeutische Ma\u00dfnahme, die sehr gute Erfolge verzeichnen kann.<\/p>\n<h3>HWS Syndrom \u2013 Diagnose<\/h3>\n<div id=\"attachment_6953\" style=\"width: 223px\" class=\"wp-caption alignleft\"><img decoding=\"async\" aria-describedby=\"caption-attachment-6953\" class=\"size-medium wp-image-6953\" src=\"https:\/\/atlasreflex.com\/wp-content\/uploads\/2021\/10\/HWS-Syndrom-213x300.jpg\" alt=\"\" width=\"213\" height=\"300\" srcset=\"https:\/\/atlasreflex.com\/wp-content\/uploads\/2021\/10\/HWS-Syndrom-200x282.jpg 200w, https:\/\/atlasreflex.com\/wp-content\/uploads\/2021\/10\/HWS-Syndrom-213x300.jpg 213w, https:\/\/atlasreflex.com\/wp-content\/uploads\/2021\/10\/HWS-Syndrom.jpg 292w\" sizes=\"(max-width: 213px) 100vw, 213px\" \/><p id=\"caption-attachment-6953\" class=\"wp-caption-text\">ouch<\/p><\/div>\n<p>Einer physiologischen Ma\u00dfnahme sollte unbedingt die \u00e4rztliche Untersuchung der Beschwerden vorausgehen. Erst nachdem die Ursachen f\u00fcr Ihre Beschwerden von Fach\u00e4rzten durch eine eingehende Diagnose gekl\u00e4rt sind, ist die Behandlung m\u00f6glich. Bevor Sie sich f\u00fcr eine Atlasreflex-Therapie entscheiden k\u00f6nnen, muss abgekl\u00e4rt werden, ob eventuell Tumore urs\u00e4chlich sind oder weitergehende Verletzungen der Halswirbels\u00e4ule. Sehst\u00f6rungen oder Ohrger\u00e4usche sowie motorische St\u00f6rungen im Arm m\u00fcssen von den jeweiligen Fach\u00e4rzten untersucht werden. Nur bei einer eindeutigen Atlas-Fehlstellung ist die Atlasreflex-Therapie eine wirksame Behandlungsmethode.<\/p>\n<h3>Die Atlasreflex-Therapie<\/h3>\n<p>Bei der Atlasreflex-Therapie handelt es sich um eine einmalige Behandlung, der eine eingehende Gesundheitspr\u00fcfung vorausgeht. Im ersten Therapieschritt ist eine Massage der tiefen Nackenmuskulatur mit speziellen Ger\u00e4ten. Dabei werden Verspannungen und Blockaden durch umliegende Muskeln und Sehnen gel\u00f6st. Im zweiten Schritt werden durch Druck auf bestimmte Punkte der Sch\u00e4delbasis Muskeln und Sehnen gedehnt. Der nun mobilisierte Atlas nimmt Schritt f\u00fcr Schritt seine normale Position ein.<\/p>\n<p>Diese Therapie unterscheidet sich grunds\u00e4tzlich von verschiedenen anderen Anwendungen sowie der Chiropraxis. Es werden keine Kopf- und Halsdrehungen und andere manipulativen Ma\u00dfnahmen vorgenommen. Die Therapie zeigt sich als risikofrei, sofern eine gr\u00fcndliche Diagnose vom <strong>HWS Syndrom<\/strong> und allgemeine Gesundheitspr\u00fcfung f\u00fcr die Eignung des Patienten ausgeschlossen sind.<\/p>\n<p>Die Atlasreflex-Therapie darf nur von staatlich gepr\u00fcften Therapeuten mit Nachweis des entsprechenden Zertifikats ausgef\u00fchrt werden. Eine Besserung der Symptome ist oft sehr schnell sp\u00fcrbar, besonders, wenn Nacken- und Kopfschmerzen bereits zur chronischen Erscheinung wurden.<\/p>\n<h3>Atlasreflex-Therapeuten in der N\u00e4he finden<img decoding=\"async\" class=\"size-medium wp-image-6952 alignleft\" src=\"https:\/\/atlasreflex.com\/wp-content\/uploads\/2021\/10\/Atlaswirbel-Probleme-300x258.jpg\" alt=\"\" width=\"300\" height=\"258\" srcset=\"https:\/\/atlasreflex.com\/wp-content\/uploads\/2021\/10\/Atlaswirbel-Probleme-200x172.jpg 200w, https:\/\/atlasreflex.com\/wp-content\/uploads\/2021\/10\/Atlaswirbel-Probleme-300x258.jpg 300w, https:\/\/atlasreflex.com\/wp-content\/uploads\/2021\/10\/Atlaswirbel-Probleme-400x344.jpg 400w, https:\/\/atlasreflex.com\/wp-content\/uploads\/2021\/10\/Atlaswirbel-Probleme-600x517.jpg 600w, https:\/\/atlasreflex.com\/wp-content\/uploads\/2021\/10\/Atlaswirbel-Probleme.jpg 640w\" sizes=\"(max-width: 300px) 100vw, 300px\" \/><\/h3>\n<p>Wir bieten Ihnen online deutschlandweit eine \u00dcbersicht der staatlich gepr\u00fcften Atlasreflex-Therapeuten an. Der Ver\u00f6ffentlichung des Netzes von Therapeuten gingen gr\u00fcndliche Pr\u00fcfungen voraus. Nach dem Eintrag einiger Daten und Ihres Wohnorts f\u00fcr die Suche erhalten Sie den Blick auf die Liste von Atlastherapeuten nahe Ihrem Wohnort. Sie k\u00f6nnen dann mit einem gew\u00e4hlten Atlastherapeuten telefonisch oder online Kontakt aufnehmen und einen Termin den ersten Termin vereinbaren.<\/p>\n<p>Der erste Termin gilt meist der Befragung nach den Beschwerden und der Gesundheitspr\u00fcfung, der zweite Termin der Behandlung und anschlie\u00dfend wird noch einmal der Behandlungserfolg kontrolliert. Die extrem risikoarme Therapie ist weder k\u00f6rperlich belastend noch schmerzhaft. Da die Atlasreflex-Therapie zu den j\u00fcngeren Methoden der Behandlung vom <strong>HWS Syndrom<\/strong> z\u00e4hlt, ist eine Kosten\u00fcbernahme f\u00fcr diese Therapie durch die gesetzlichen Krankenkassen gew\u00f6hnlich nicht m\u00f6glich. Mit 190 Euro halten sich die Kosten allerdings im Rahmen. Im Vergleich zu den Sch\u00e4den, die eine l\u00e4ngere Selbsttherapie mit k\u00e4uflichen Schmerzmitteln, nach sich ziehen kann, f\u00e4llt dieser Betrag kaum ins Gewicht, zumal die k\u00e4uflichen Schmerzmittel auch nicht billig sind.<\/p>\n<p>Unsere Online Suche bietet Ihnen den schnellsten und einfachsten Weg, einen Atlastherapeuten im eigenen Umkreis zu finden.<\/p>\n<\/div><\/div><\/div><\/div><\/div>\n","protected":false},"excerpt":{"rendered":"","protected":false},"author":2,"featured_media":0,"parent":0,"menu_order":0,"comment_status":"closed","ping_status":"closed","template":"","meta":{"om_disable_all_campaigns":false,"footnotes":""},"class_list":["post-6606","page","type-page","status-publish","hentry"],"yoast_head":"<!-- This site is optimized with the Yoast SEO Premium plugin v27.3 (Yoast SEO v27.3) - https:\/\/yoast.com\/product\/yoast-seo-premium-wordpress\/ -->\n<title>HWS Syndrom Hilfe durch Atlastherapie<\/title>\n<meta name=\"description\" content=\"HWS Syndrom ist die Bezeichnung f\u00fcr Schmerzen und Beschwerden in der Halswirbels\u00e4ule und dem Nacken. Erfahre hier die Behandlung daf\u00fcr.\" \/>\n<meta name=\"robots\" content=\"index, follow, max-snippet:-1, max-image-preview:large, max-video-preview:-1\" \/>\n<link rel=\"canonical\" href=\"https:\/\/atlasreflex.com\/atlastherapie\/hws-syndrom-hilfe-durch-atlastherapie\/\" \/>\n<meta property=\"og:locale\" content=\"de_DE\" \/>\n<meta property=\"og:type\" content=\"article\" \/>\n<meta property=\"og:title\" content=\"HWS Syndrom Hilfe durch Atlastherapie\" \/>\n<meta property=\"og:description\" content=\"HWS Syndrom ist die Bezeichnung f\u00fcr Schmerzen und Beschwerden in der Halswirbels\u00e4ule und dem Nacken. Erfahre hier die Behandlung daf\u00fcr.\" \/>\n<meta property=\"og:url\" content=\"https:\/\/atlasreflex.com\/atlastherapie\/hws-syndrom-hilfe-durch-atlastherapie\/\" \/>\n<meta property=\"og:site_name\" content=\"Atlastherapie Atlaskorrektur\" \/>\n<meta property=\"article:publisher\" content=\"https:\/\/de-de.facebook.com\/www.atlasreflex.de\/\" \/>\n<meta property=\"article:modified_time\" content=\"2022-02-15T16:59:03+00:00\" \/>\n<meta property=\"og:image\" content=\"https:\/\/atlasreflex.com\/wp-content\/uploads\/2021\/10\/HWS-Syndrom-213x300.jpg\" \/>\n<meta name=\"twitter:card\" content=\"summary_large_image\" \/>\n<meta name=\"twitter:site\" content=\"@atlasreflex\" \/>\n<meta name=\"twitter:label1\" content=\"Gesch\u00e4tzte Lesezeit\" \/>\n\t<meta name=\"twitter:data1\" content=\"5\u00a0Minuten\" \/>\n<script type=\"application\/ld+json\" class=\"yoast-schema-graph\">{\"@context\":\"https:\\\/\\\/schema.org\",\"@graph\":[{\"@type\":\"WebPage\",\"@id\":\"https:\\\/\\\/atlasreflex.com\\\/atlastherapie\\\/hws-syndrom-hilfe-durch-atlastherapie\\\/\",\"url\":\"https:\\\/\\\/atlasreflex.com\\\/atlastherapie\\\/hws-syndrom-hilfe-durch-atlastherapie\\\/\",\"name\":\"HWS Syndrom Hilfe durch Atlastherapie\",\"isPartOf\":{\"@id\":\"https:\\\/\\\/atlasreflex.com\\\/atlastherapie\\\/#website\"},\"primaryImageOfPage\":{\"@id\":\"https:\\\/\\\/atlasreflex.com\\\/atlastherapie\\\/hws-syndrom-hilfe-durch-atlastherapie\\\/#primaryimage\"},\"image\":{\"@id\":\"https:\\\/\\\/atlasreflex.com\\\/atlastherapie\\\/hws-syndrom-hilfe-durch-atlastherapie\\\/#primaryimage\"},\"thumbnailUrl\":\"https:\\\/\\\/atlasreflex.com\\\/wp-content\\\/uploads\\\/2021\\\/10\\\/HWS-Syndrom-213x300.jpg\",\"datePublished\":\"2020-01-28T13:52:18+00:00\",\"dateModified\":\"2022-02-15T16:59:03+00:00\",\"description\":\"HWS Syndrom ist die Bezeichnung f\u00fcr Schmerzen und Beschwerden in der Halswirbels\u00e4ule und dem Nacken. Erfahre hier die Behandlung daf\u00fcr.\",\"breadcrumb\":{\"@id\":\"https:\\\/\\\/atlasreflex.com\\\/atlastherapie\\\/hws-syndrom-hilfe-durch-atlastherapie\\\/#breadcrumb\"},\"inLanguage\":\"de\",\"potentialAction\":[{\"@type\":\"ReadAction\",\"target\":[\"https:\\\/\\\/atlasreflex.com\\\/atlastherapie\\\/hws-syndrom-hilfe-durch-atlastherapie\\\/\"]}]},{\"@type\":\"ImageObject\",\"inLanguage\":\"de\",\"@id\":\"https:\\\/\\\/atlasreflex.com\\\/atlastherapie\\\/hws-syndrom-hilfe-durch-atlastherapie\\\/#primaryimage\",\"url\":\"https:\\\/\\\/atlasreflex.com\\\/wp-content\\\/uploads\\\/2021\\\/10\\\/HWS-Syndrom-213x300.jpg\",\"contentUrl\":\"https:\\\/\\\/atlasreflex.com\\\/wp-content\\\/uploads\\\/2021\\\/10\\\/HWS-Syndrom-213x300.jpg\"},{\"@type\":\"BreadcrumbList\",\"@id\":\"https:\\\/\\\/atlasreflex.com\\\/atlastherapie\\\/hws-syndrom-hilfe-durch-atlastherapie\\\/#breadcrumb\",\"itemListElement\":[{\"@type\":\"ListItem\",\"position\":1,\"name\":\"Atlastherapie Atlaskorrektur\",\"item\":\"https:\\\/\\\/atlasreflex.com\\\/atlastherapie\\\/\"},{\"@type\":\"ListItem\",\"position\":2,\"name\":\"HWS Syndrom Hilfe durch Atlastherapie\"}]},{\"@type\":\"WebSite\",\"@id\":\"https:\\\/\\\/atlasreflex.com\\\/atlastherapie\\\/#website\",\"url\":\"https:\\\/\\\/atlasreflex.com\\\/atlastherapie\\\/\",\"name\":\"www.atlasreflex.com\\\/atlastherapie\\\/\",\"description\":\"Atlastherapie- Atlastherapeuten suchen u. finden - mit allen Infos u. Fragen zur Atlaskorrektur\",\"publisher\":{\"@id\":\"https:\\\/\\\/atlasreflex.com\\\/atlastherapie\\\/#organization\"},\"alternateName\":\"www.atlasreflex.com\",\"potentialAction\":[{\"@type\":\"SearchAction\",\"target\":{\"@type\":\"EntryPoint\",\"urlTemplate\":\"https:\\\/\\\/atlasreflex.com\\\/atlastherapie\\\/?s={search_term_string}\"},\"query-input\":{\"@type\":\"PropertyValueSpecification\",\"valueRequired\":true,\"valueName\":\"search_term_string\"}}],\"inLanguage\":\"de\"},{\"@type\":[\"Organization\",\"Place\",\"Physiotherapy\"],\"@id\":\"https:\\\/\\\/atlasreflex.com\\\/atlastherapie\\\/#organization\",\"name\":\"AtlasreflexTh. Netzwerk der Atlastherapeuten f\u00fcr die Atlastherapie \\\/ Atlaskorrektur Alle Infos u. die Beantwortung aller Fragen\",\"alternateName\":\"Atlastherapeuten f\u00fcr die Atlastherapie suchen u.finden\",\"url\":\"https:\\\/\\\/atlasreflex.com\\\/atlastherapie\\\/\",\"logo\":{\"@id\":\"https:\\\/\\\/atlasreflex.com\\\/atlastherapie\\\/hws-syndrom-hilfe-durch-atlastherapie\\\/#local-main-organization-logo\"},\"image\":{\"@id\":\"https:\\\/\\\/atlasreflex.com\\\/atlastherapie\\\/hws-syndrom-hilfe-durch-atlastherapie\\\/#local-main-organization-logo\"},\"sameAs\":[\"https:\\\/\\\/de-de.facebook.com\\\/www.atlasreflex.de\\\/\",\"https:\\\/\\\/x.com\\\/atlasreflex\",\"https:\\\/\\\/www.instagram.com\\\/atlasreflexdeutschland\\\/\",\"https:\\\/\\\/de.linkedin.com\\\/in\\\/atlasreflex-atlastherapie-410a1795?trk=pub-pbmap\",\"https:\\\/\\\/www.pinterest.de\\\/atlasreflexTh\\\/\",\"https:\\\/\\\/www.youtube.com\\\/channel\\\/UC2GiX5XuIzbx8wJWZJkf8MQ\"],\"description\":\"Die atlasreflexTh.\u00ae \u2013 Atlastherapie ist eine einmalige Anwendung, die den Atlas (1.Halswirbel) dauerhaft, v\u00f6llig schmerzfrei und ohne Risiko in seine nat\u00fcrliche Position zur\u00fcck bringt. Eingesetzt werden kann die Atlastherapie vielf\u00e4ltig. Sie ist als neurophysiologisches Konzept auch eine ganzheitliche Behandlungsmethode. Die hier ausgebildeten Atlastherapeuten setzen die Atlastherapie bei allen stress- und verspannungsbedingten Beschwerden, wie Kopfschmerzen, Hals- Nacken- und R\u00fcckenbeschwerden, Migr\u00e4ne, Schwindel mit Gleichgewichtsst\u00f6rungen ein. Positiv beeinflussen lassen sich beispielsweise auch neuromotorische St\u00f6rungen, die verschiedene Ursachen haben k\u00f6nnen. Sie wird auch bei Schmerzzust\u00e4nden des Bewegungssystems eingesetzt. Die Atlastherapie wirkt auf das Gleichgewicht, den Muskeltonus, die Eigenwahrnehmung, das Schmerzempfinden sowie auf die vegetativen Funktionen. Zudem ist diese Art der Atlaskorrektur auch eine hervorragende M\u00f6glichkeit, verschiedene Blockierungen der Wirbel zu l\u00f6sen. Das Netzwerk der Atlastherapeuten informiert \u00fcber alle Standorte der Atlas Spezialisten. Die Suchfunktion listet alle Atlas Therapeuten f\u00fcr alle Regionen in Deutschland auf. Alle Infos zu Kosten, Dauer und Vorgehensweise. Alle Fragen zur Methode werden beantwortet.\",\"legalName\":\"atlasreflexTh.\",\"publishingPrinciples\":\"https:\\\/\\\/atlasreflex.com\\\/atlastherapie\\\/\",\"ownershipFundingInfo\":\"https:\\\/\\\/atlasreflex.com\\\/atlastherapie\\\/impressum\\\/\",\"actionableFeedbackPolicy\":\"https:\\\/\\\/atlasreflex.com\\\/atlastherapie\\\/atlas-wirbel-durch-erfahrene-therapeuten-korrigieren-lassen\\\/\",\"correctionsPolicy\":\"https:\\\/\\\/atlasreflex.com\\\/atlastherapie\\\/atlas-behandlung\\\/\",\"geo\":{\"@type\":\"GeoCoordinates\",\"latitude\":\"50.3880153\",\"longitude\":\"7.3861772\"},\"telephone\":[\"01792326510\"],\"contactPoint\":{\"@type\":\"ContactPoint\",\"telephone\":\"01792326510\"},\"openingHoursSpecification\":[{\"@type\":\"OpeningHoursSpecification\",\"dayOfWeek\":[\"Monday\",\"Tuesday\",\"Wednesday\",\"Thursday\",\"Friday\",\"Saturday\",\"Sunday\"],\"opens\":\"09:00\",\"closes\":\"17:00\"}],\"email\":\"marcusrose1@gmx.de\",\"areaServed\":\"Plaidt\",\"currenciesAccepted\":\"Euro\",\"paymentAccepted\":\"bar\"},{\"@type\":\"ImageObject\",\"inLanguage\":\"de\",\"@id\":\"https:\\\/\\\/atlasreflex.com\\\/atlastherapie\\\/hws-syndrom-hilfe-durch-atlastherapie\\\/#local-main-organization-logo\",\"url\":\"https:\\\/\\\/atlasreflex.com\\\/wp-content\\\/uploads\\\/2014\\\/12\\\/cropped-apple-touch-icon-152x152-1.png\",\"contentUrl\":\"https:\\\/\\\/atlasreflex.com\\\/wp-content\\\/uploads\\\/2014\\\/12\\\/cropped-apple-touch-icon-152x152-1.png\",\"width\":512,\"height\":512,\"caption\":\"AtlasreflexTh. Netzwerk der Atlastherapeuten f\u00fcr die Atlastherapie \\\/ Atlaskorrektur Alle Infos u. die Beantwortung aller Fragen\"}]}<\/script>\n<meta name=\"geo.placename\" content=\"Plaidt\" \/>\n<meta name=\"geo.position\" content=\"50.3880153;7.3861772\" \/>\n<meta name=\"geo.region\" content=\"Deutschland\" \/>\n<!-- \/ Yoast SEO Premium plugin. -->","yoast_head_json":{"title":"HWS Syndrom Hilfe durch Atlastherapie","description":"HWS Syndrom ist die Bezeichnung f\u00fcr Schmerzen und Beschwerden in der Halswirbels\u00e4ule und dem Nacken. Erfahre hier die Behandlung daf\u00fcr.","robots":{"index":"index","follow":"follow","max-snippet":"max-snippet:-1","max-image-preview":"max-image-preview:large","max-video-preview":"max-video-preview:-1"},"canonical":"https:\/\/atlasreflex.com\/atlastherapie\/hws-syndrom-hilfe-durch-atlastherapie\/","og_locale":"de_DE","og_type":"article","og_title":"HWS Syndrom Hilfe durch Atlastherapie","og_description":"HWS Syndrom ist die Bezeichnung f\u00fcr Schmerzen und Beschwerden in der Halswirbels\u00e4ule und dem Nacken. Erfahre hier die Behandlung daf\u00fcr.","og_url":"https:\/\/atlasreflex.com\/atlastherapie\/hws-syndrom-hilfe-durch-atlastherapie\/","og_site_name":"Atlastherapie Atlaskorrektur","article_publisher":"https:\/\/de-de.facebook.com\/www.atlasreflex.de\/","article_modified_time":"2022-02-15T16:59:03+00:00","og_image":[{"url":"https:\/\/atlasreflex.com\/wp-content\/uploads\/2021\/10\/HWS-Syndrom-213x300.jpg","type":"","width":"","height":""}],"twitter_card":"summary_large_image","twitter_site":"@atlasreflex","twitter_misc":{"Gesch\u00e4tzte Lesezeit":"5\u00a0Minuten"},"schema":{"@context":"https:\/\/schema.org","@graph":[{"@type":"WebPage","@id":"https:\/\/atlasreflex.com\/atlastherapie\/hws-syndrom-hilfe-durch-atlastherapie\/","url":"https:\/\/atlasreflex.com\/atlastherapie\/hws-syndrom-hilfe-durch-atlastherapie\/","name":"HWS Syndrom Hilfe durch Atlastherapie","isPartOf":{"@id":"https:\/\/atlasreflex.com\/atlastherapie\/#website"},"primaryImageOfPage":{"@id":"https:\/\/atlasreflex.com\/atlastherapie\/hws-syndrom-hilfe-durch-atlastherapie\/#primaryimage"},"image":{"@id":"https:\/\/atlasreflex.com\/atlastherapie\/hws-syndrom-hilfe-durch-atlastherapie\/#primaryimage"},"thumbnailUrl":"https:\/\/atlasreflex.com\/wp-content\/uploads\/2021\/10\/HWS-Syndrom-213x300.jpg","datePublished":"2020-01-28T13:52:18+00:00","dateModified":"2022-02-15T16:59:03+00:00","description":"HWS Syndrom ist die Bezeichnung f\u00fcr Schmerzen und Beschwerden in der Halswirbels\u00e4ule und dem Nacken. Erfahre hier die Behandlung daf\u00fcr.","breadcrumb":{"@id":"https:\/\/atlasreflex.com\/atlastherapie\/hws-syndrom-hilfe-durch-atlastherapie\/#breadcrumb"},"inLanguage":"de","potentialAction":[{"@type":"ReadAction","target":["https:\/\/atlasreflex.com\/atlastherapie\/hws-syndrom-hilfe-durch-atlastherapie\/"]}]},{"@type":"ImageObject","inLanguage":"de","@id":"https:\/\/atlasreflex.com\/atlastherapie\/hws-syndrom-hilfe-durch-atlastherapie\/#primaryimage","url":"https:\/\/atlasreflex.com\/wp-content\/uploads\/2021\/10\/HWS-Syndrom-213x300.jpg","contentUrl":"https:\/\/atlasreflex.com\/wp-content\/uploads\/2021\/10\/HWS-Syndrom-213x300.jpg"},{"@type":"BreadcrumbList","@id":"https:\/\/atlasreflex.com\/atlastherapie\/hws-syndrom-hilfe-durch-atlastherapie\/#breadcrumb","itemListElement":[{"@type":"ListItem","position":1,"name":"Atlastherapie Atlaskorrektur","item":"https:\/\/atlasreflex.com\/atlastherapie\/"},{"@type":"ListItem","position":2,"name":"HWS Syndrom Hilfe durch Atlastherapie"}]},{"@type":"WebSite","@id":"https:\/\/atlasreflex.com\/atlastherapie\/#website","url":"https:\/\/atlasreflex.com\/atlastherapie\/","name":"www.atlasreflex.com\/atlastherapie\/","description":"Atlastherapie- Atlastherapeuten suchen u. finden - mit allen Infos u. Fragen zur Atlaskorrektur","publisher":{"@id":"https:\/\/atlasreflex.com\/atlastherapie\/#organization"},"alternateName":"www.atlasreflex.com","potentialAction":[{"@type":"SearchAction","target":{"@type":"EntryPoint","urlTemplate":"https:\/\/atlasreflex.com\/atlastherapie\/?s={search_term_string}"},"query-input":{"@type":"PropertyValueSpecification","valueRequired":true,"valueName":"search_term_string"}}],"inLanguage":"de"},{"@type":["Organization","Place","Physiotherapy"],"@id":"https:\/\/atlasreflex.com\/atlastherapie\/#organization","name":"AtlasreflexTh. Netzwerk der Atlastherapeuten f\u00fcr die Atlastherapie \/ Atlaskorrektur Alle Infos u. die Beantwortung aller Fragen","alternateName":"Atlastherapeuten f\u00fcr die Atlastherapie suchen u.finden","url":"https:\/\/atlasreflex.com\/atlastherapie\/","logo":{"@id":"https:\/\/atlasreflex.com\/atlastherapie\/hws-syndrom-hilfe-durch-atlastherapie\/#local-main-organization-logo"},"image":{"@id":"https:\/\/atlasreflex.com\/atlastherapie\/hws-syndrom-hilfe-durch-atlastherapie\/#local-main-organization-logo"},"sameAs":["https:\/\/de-de.facebook.com\/www.atlasreflex.de\/","https:\/\/x.com\/atlasreflex","https:\/\/www.instagram.com\/atlasreflexdeutschland\/","https:\/\/de.linkedin.com\/in\/atlasreflex-atlastherapie-410a1795?trk=pub-pbmap","https:\/\/www.pinterest.de\/atlasreflexTh\/","https:\/\/www.youtube.com\/channel\/UC2GiX5XuIzbx8wJWZJkf8MQ"],"description":"Die atlasreflexTh.\u00ae \u2013 Atlastherapie ist eine einmalige Anwendung, die den Atlas (1.Halswirbel) dauerhaft, v\u00f6llig schmerzfrei und ohne Risiko in seine nat\u00fcrliche Position zur\u00fcck bringt. Eingesetzt werden kann die Atlastherapie vielf\u00e4ltig. Sie ist als neurophysiologisches Konzept auch eine ganzheitliche Behandlungsmethode. Die hier ausgebildeten Atlastherapeuten setzen die Atlastherapie bei allen stress- und verspannungsbedingten Beschwerden, wie Kopfschmerzen, Hals- Nacken- und R\u00fcckenbeschwerden, Migr\u00e4ne, Schwindel mit Gleichgewichtsst\u00f6rungen ein. Positiv beeinflussen lassen sich beispielsweise auch neuromotorische St\u00f6rungen, die verschiedene Ursachen haben k\u00f6nnen. Sie wird auch bei Schmerzzust\u00e4nden des Bewegungssystems eingesetzt. Die Atlastherapie wirkt auf das Gleichgewicht, den Muskeltonus, die Eigenwahrnehmung, das Schmerzempfinden sowie auf die vegetativen Funktionen. Zudem ist diese Art der Atlaskorrektur auch eine hervorragende M\u00f6glichkeit, verschiedene Blockierungen der Wirbel zu l\u00f6sen. Das Netzwerk der Atlastherapeuten informiert \u00fcber alle Standorte der Atlas Spezialisten. Die Suchfunktion listet alle Atlas Therapeuten f\u00fcr alle Regionen in Deutschland auf. Alle Infos zu Kosten, Dauer und Vorgehensweise. Alle Fragen zur Methode werden beantwortet.","legalName":"atlasreflexTh.","publishingPrinciples":"https:\/\/atlasreflex.com\/atlastherapie\/","ownershipFundingInfo":"https:\/\/atlasreflex.com\/atlastherapie\/impressum\/","actionableFeedbackPolicy":"https:\/\/atlasreflex.com\/atlastherapie\/atlas-wirbel-durch-erfahrene-therapeuten-korrigieren-lassen\/","correctionsPolicy":"https:\/\/atlasreflex.com\/atlastherapie\/atlas-behandlung\/","geo":{"@type":"GeoCoordinates","latitude":"50.3880153","longitude":"7.3861772"},"telephone":["01792326510"],"contactPoint":{"@type":"ContactPoint","telephone":"01792326510"},"openingHoursSpecification":[{"@type":"OpeningHoursSpecification","dayOfWeek":["Monday","Tuesday","Wednesday","Thursday","Friday","Saturday","Sunday"],"opens":"09:00","closes":"17:00"}],"email":"marcusrose1@gmx.de","areaServed":"Plaidt","currenciesAccepted":"Euro","paymentAccepted":"bar"},{"@type":"ImageObject","inLanguage":"de","@id":"https:\/\/atlasreflex.com\/atlastherapie\/hws-syndrom-hilfe-durch-atlastherapie\/#local-main-organization-logo","url":"https:\/\/atlasreflex.com\/wp-content\/uploads\/2014\/12\/cropped-apple-touch-icon-152x152-1.png","contentUrl":"https:\/\/atlasreflex.com\/wp-content\/uploads\/2014\/12\/cropped-apple-touch-icon-152x152-1.png","width":512,"height":512,"caption":"AtlasreflexTh. Netzwerk der Atlastherapeuten f\u00fcr die Atlastherapie \/ Atlaskorrektur Alle Infos u. die Beantwortung aller Fragen"}]},"geo.placename":"Plaidt","geo.position":{"lat":"50.3880153","long":"7.3861772"},"geo.region":"Deutschland"},"_links":{"self":[{"href":"https:\/\/atlasreflex.com\/atlastherapie\/wp-json\/wp\/v2\/pages\/6606","targetHints":{"allow":["GET"]}}],"collection":[{"href":"https:\/\/atlasreflex.com\/atlastherapie\/wp-json\/wp\/v2\/pages"}],"about":[{"href":"https:\/\/atlasreflex.com\/atlastherapie\/wp-json\/wp\/v2\/types\/page"}],"author":[{"embeddable":true,"href":"https:\/\/atlasreflex.com\/atlastherapie\/wp-json\/wp\/v2\/users\/2"}],"replies":[{"embeddable":true,"href":"https:\/\/atlasreflex.com\/atlastherapie\/wp-json\/wp\/v2\/comments?post=6606"}],"version-history":[{"count":0,"href":"https:\/\/atlasreflex.com\/atlastherapie\/wp-json\/wp\/v2\/pages\/6606\/revisions"}],"wp:attachment":[{"href":"https:\/\/atlasreflex.com\/atlastherapie\/wp-json\/wp\/v2\/media?parent=6606"}],"curies":[{"name":"wp","href":"https:\/\/api.w.org\/{rel}","templated":true}]}}