{"id":6634,"date":"2020-03-18T13:45:51","date_gmt":"2020-03-18T11:45:51","guid":{"rendered":"https:\/\/atlasreflex.com\/?page_id=6634"},"modified":"2024-09-05T09:19:20","modified_gmt":"2024-09-05T07:19:20","slug":"atlaskorrektur-anwendung-u-wirkungsweise","status":"publish","type":"page","link":"https:\/\/atlasreflex.com\/atlastherapie\/atlaskorrektur-anwendung-u-wirkungsweise\/","title":{"rendered":"Atlaskorrektur bei vielf\u00e4ltigen Beschwerden"},"content":{"rendered":"<div class=\"fusion-fullwidth fullwidth-box fusion-builder-row-1 fusion-flex-container nonhundred-percent-fullwidth non-hundred-percent-height-scrolling\" style=\"--awb-border-radius-top-left:0px;--awb-border-radius-top-right:0px;--awb-border-radius-bottom-right:0px;--awb-border-radius-bottom-left:0px;--awb-flex-wrap:wrap;\" ><div class=\"fusion-builder-row fusion-row fusion-flex-align-items-flex-start fusion-flex-content-wrap\" style=\"max-width:1216.8px;margin-left: calc(-4% \/ 2 );margin-right: calc(-4% \/ 2 );\"><div class=\"fusion-layout-column fusion_builder_column fusion-builder-column-0 fusion_builder_column_1_1 1_1 fusion-flex-column\" style=\"--awb-bg-size:cover;--awb-width-large:100%;--awb-margin-top-large:0px;--awb-spacing-right-large:1.92%;--awb-margin-bottom-large:0px;--awb-spacing-left-large:1.92%;--awb-width-medium:100%;--awb-spacing-right-medium:1.92%;--awb-spacing-left-medium:1.92%;--awb-width-small:100%;--awb-spacing-right-small:1.92%;--awb-spacing-left-small:1.92%;\"><div class=\"fusion-column-wrapper fusion-flex-justify-content-flex-start fusion-content-layout-column\"><div class=\"fusion-text fusion-text-1\"><h2>Atlaskorrektur bei vielf\u00e4ltigen Beschwerden<\/h2>\n<p>Die <strong>Atlaskorrektur<\/strong> ist eine sanfte Methode, um Sie von verschiedenen Beschwerden befreien, die in Zusammenhang mit der Fehlstellung des Atlaswirbels stehen. Anders als bei chiropraktischen oder physiotherapeutischen Methoden werden bei dieser Therapie keine ruckartigen Bewegungen ausgef\u00fchrt, was das Verletzungsrisiko deutlich verringert. Um die atlareflsexTh Methode korrekt durchf\u00fchren zu k\u00f6nnen, bedarf es eines gut ausgebildeten und erfahrenen Atlastherapeuten.<\/p>\n<h3>Atlaskorrektur &#8211; schonender als andere bekannte Therapieformen<\/h3>\n<p>Anders als zum Beispiel bei der chiropraktischen Therapie setzen Atlastherapeuten nicht auf Manipulationen des Atlaswirbels. Diese kann n\u00e4mlich mit Risiken verbunden sein. Eine \u00fcbertriebene Drehbewegung des Kopfes f\u00fchrt m\u00f6glicherweise zu Verletzungen der inneren Gef\u00e4\u00dfwand der Arteria vertebralis. Dadurch k\u00f6nnen sich Blutgerinnsel bilden, die zu einem Schlaganfall f\u00fchren k\u00f6nnen.<\/p>\n<p>Die schonende <strong>Atlaskorrektur<\/strong> atlareflsexTh. verzichtet auf eine solche Vorgehensweise, weshalb Sp\u00e4tfolgen nicht zu bef\u00fcrchten sind. Daher ist diese Therapieform auch schon f\u00fcr Kinder und Babys geeignet. Sanft und ohne Schmerzen wird der Atlaswirbel wieder in seine korrekte Position gelenkt, wodurch Sie von Ihren Beschwerden befreit werden.<\/p>\n<h3>Ablauf der Atlasuntersuchung<a href=\"https:\/\/atlasreflex.com\/atlasgelenk-untersuchen\/2000x1231-atlasgelenk-untersuchen\/\" rel=\"attachment wp-att-5350\"><img decoding=\"async\" class=\"size-medium wp-image-5350 alignleft\" src=\"https:\/\/atlasreflex.com\/wp-content\/uploads\/2014\/08\/2000x1231-Atlasgelenk-untersuchen-300x185.jpg\" alt=\"Ablauf Untersuchen\" width=\"300\" height=\"185\" srcset=\"https:\/\/atlasreflex.com\/wp-content\/uploads\/2014\/08\/2000x1231-Atlasgelenk-untersuchen-200x123.jpg 200w, https:\/\/atlasreflex.com\/wp-content\/uploads\/2014\/08\/2000x1231-Atlasgelenk-untersuchen-300x185.jpg 300w, https:\/\/atlasreflex.com\/wp-content\/uploads\/2014\/08\/2000x1231-Atlasgelenk-untersuchen-400x246.jpg 400w, https:\/\/atlasreflex.com\/wp-content\/uploads\/2014\/08\/2000x1231-Atlasgelenk-untersuchen-600x369.jpg 600w, https:\/\/atlasreflex.com\/wp-content\/uploads\/2014\/08\/2000x1231-Atlasgelenk-untersuchen-768x473.jpg 768w, https:\/\/atlasreflex.com\/wp-content\/uploads\/2014\/08\/2000x1231-Atlasgelenk-untersuchen-800x492.jpg 800w, https:\/\/atlasreflex.com\/wp-content\/uploads\/2014\/08\/2000x1231-Atlasgelenk-untersuchen-1024x630.jpg 1024w, https:\/\/atlasreflex.com\/wp-content\/uploads\/2014\/08\/2000x1231-Atlasgelenk-untersuchen-1200x739.jpg 1200w, https:\/\/atlasreflex.com\/wp-content\/uploads\/2014\/08\/2000x1231-Atlasgelenk-untersuchen-1536x945.jpg 1536w\" sizes=\"(max-width: 300px) 100vw, 300px\" \/><\/a><\/h3>\n<p>F\u00fcr einen erfahrenen Atlastherapeuten ist die <strong>Atlaskorrektur<\/strong> keine schwierige Aufgabe. Zun\u00e4chst einmal wird dieser sich im Rahmen einer ausf\u00fchrlichen Anamnese eingehend mit Ihren Beschwerden und all Ihren Fragen rund um die Therapie befassen. Ihr Atlastherapeut erkl\u00e4rt Ihnen die atlasreflexTh.-Behandlung ausf\u00fchrlich und f\u00fchrt anschlie\u00dfend eine Befunderhebung durch. Ein manuelles Abtasten der Hals-Nackenregion sowie eine Analyse Ihrer K\u00f6rperhaltung geh\u00f6ren ebenfalls zur Untersuchung. Nachdem diese abgeschlossen ist, bespricht Ihr Atlastherapeut mit Ihnen den Befund.<\/p>\n<p>Wenn sich der Atlaswirbel an seiner korrekten Position befindet, ist keine <strong>Atlaskorrektur<\/strong> notwendig. M\u00f6glicherweise konnten bei der Untersuchung aber Parallelerkrankungen erkannt werden, die Ihre Beschwerden ausl\u00f6sen. Im Falle einer Fehlstellung des Atlaswirbels wird noch am selben Tag oder zu einem anderen Termin eine Korrektur des Atlaswirbels durchgef\u00fchrt. Ganz so, wie es Ihnen lieber ist.<\/p>\n<h3>Durch eine atlasreflexTh. Behandlung schonend von Schmerzen befreit<\/h3>\n<p>Die Korrektur des Atlaswirbels findet im Sitzen statt. Die Behandlung wird eingeleitet mit einer Tiefenmassage der umliegenden Muskulatur. Anschlie\u00dfend folgt die eigentliche Therapie mittels elektromechanischer Perkussion. Sobald sich der Atlaswirbel wieder in seiner korrekten Position befindet, ist die Behandlung abgeschlossen.<\/p>\n<p>Mit der Funktions\u00fcberpr\u00fcfung wird die Regenerationsphase eingeleitet. Ein bis zwei Wochen nach der <strong>Atlaskorrektur<\/strong> wird die Position des Atlaswirbels erneut \u00fcberpr\u00fcft. Bei dieser Gelegenheit k\u00f6nnen Sie auch Ihr Befinden und m\u00f6gliche Begleiterscheinungen w\u00e4hrend der Regenerationsphase mit Ihrem Therapeuten besprechen.<\/p>\n<h3>Bei diesen Beschwerden kann eine Korrektur des Atlaswirbels Abhilfe schaffen<a href=\"https:\/\/atlasreflex.com\/site\/nackenschmerzen\/nackenschmerzen-3\/\" rel=\"attachment wp-att-5323\"><img decoding=\"async\" class=\"size-medium wp-image-5323 alignleft\" src=\"https:\/\/atlasreflex.com\/wp-content\/uploads\/2017\/07\/Nackenschmerzen-300x185.jpg\" alt=\"Hilfe bei Nackenschmerzen\" width=\"300\" height=\"185\" srcset=\"https:\/\/atlasreflex.com\/wp-content\/uploads\/2017\/07\/Nackenschmerzen-200x123.jpg 200w, https:\/\/atlasreflex.com\/wp-content\/uploads\/2017\/07\/Nackenschmerzen-300x185.jpg 300w, https:\/\/atlasreflex.com\/wp-content\/uploads\/2017\/07\/Nackenschmerzen-400x246.jpg 400w, https:\/\/atlasreflex.com\/wp-content\/uploads\/2017\/07\/Nackenschmerzen-600x369.jpg 600w, https:\/\/atlasreflex.com\/wp-content\/uploads\/2017\/07\/Nackenschmerzen-768x473.jpg 768w, https:\/\/atlasreflex.com\/wp-content\/uploads\/2017\/07\/Nackenschmerzen-800x492.jpg 800w, https:\/\/atlasreflex.com\/wp-content\/uploads\/2017\/07\/Nackenschmerzen-1024x630.jpg 1024w, https:\/\/atlasreflex.com\/wp-content\/uploads\/2017\/07\/Nackenschmerzen-1200x739.jpg 1200w, https:\/\/atlasreflex.com\/wp-content\/uploads\/2017\/07\/Nackenschmerzen-1536x945.jpg 1536w\" sizes=\"(max-width: 300px) 100vw, 300px\" \/><\/a><\/h3>\n<p>Eine Atlasfehlstellung kann die unterschiedlichsten Beschwerden hervorrufen. Sie kann Kopfschmerzen und Schwindel ausl\u00f6sen sowie zu Kiefergelenkschmerzen f\u00fchren. Auch ein Bandscheibenvorfall oder ein Beckenschiefstand k\u00f6nnen durch eine Fehlstellung des Atlaswirbels ausgel\u00f6st werden. Weitere m\u00f6gliche Symptome sind das HWS- oder das Kiss-Syndrom sowie Nackenschmerzen oder -verspannungen. Auch bei Migr\u00e4ne oder Skoliose sowie anderen Verspannungen der Muskulatur kann eine <strong>Atlaskorrektur<\/strong> Ihnen Abhilfe schaffen.<\/p>\n<h3><\/h3>\n<h3><\/h3>\n<h3>Atlastherapeuten in Ihrer N\u00e4he finden<\/h3>\n<p>Wenn auch Sie durch die sanfte <strong>Atlaskorrektur<\/strong> von Ihren Beschwerden befreit werden wollen, dann ben\u00f6tigen Sie einen erfahrenen und gut ausgebildeten Atlastherapeuten. Auf unserer Internetseite finden Sie eine \u00dcbersicht aller Therapeuten in Ihrer N\u00e4he. Zu Ihrem Vorteil w\u00e4chst das Netzwerk aus kompetenten Atlastherapeuten immer weiter an. Neben Therapeuten in Deutschland sind auch solche in der Schweiz, Russland und der Ukraine in unserer \u00dcbersicht zu finden. Nutzen Sie bequem unsere Suchfunktion und vereinbaren Sie einen Ersttermin f\u00fcr eine Untersuchung und den Befund zur Atlastherapie. Die Therapie kann auch zur Pr\u00e4vention genutzt werden, wenn Sie noch keine Beschwerden haben.<\/p>\n<p>Sollten Sie hierzu noch weitere Fragen haben, kontaktieren Sie uns einfach. Wir freuen uns darauf, von Ihnen zu h\u00f6ren.<\/p>\n<\/div><\/div><\/div><\/div><\/div>\n","protected":false},"excerpt":{"rendered":"","protected":false},"author":2,"featured_media":0,"parent":0,"menu_order":0,"comment_status":"closed","ping_status":"closed","template":"","meta":{"om_disable_all_campaigns":false,"footnotes":""},"class_list":["post-6634","page","type-page","status-publish","hentry"],"yoast_head":"<!-- This site is optimized with the Yoast SEO Premium plugin v27.3 (Yoast SEO v27.3) - https:\/\/yoast.com\/product\/yoast-seo-premium-wordpress\/ -->\n<title>Atlaskorrektur, bei welchen Beschwerden sie hilft.<\/title>\n<meta name=\"description\" content=\"Atlaskorrektur ist eine sanfte Methode zur Korrektur des 1. Halswirbels und kann bei vielen Beschwerden angewendet werden.\" \/>\n<meta name=\"robots\" content=\"index, follow, max-snippet:-1, max-image-preview:large, max-video-preview:-1\" \/>\n<link rel=\"canonical\" href=\"https:\/\/atlasreflex.com\/atlaskorrektur\/\" \/>\n<meta property=\"og:locale\" content=\"de_DE\" \/>\n<meta property=\"og:type\" content=\"article\" \/>\n<meta property=\"og:title\" content=\"Atlaskorrektur bei vielf\u00e4ltigen Beschwerden\" \/>\n<meta property=\"og:description\" content=\"Atlaskorrektur ist eine sanfte Methode zur Korrektur des 1. Halswirbels und kann bei vielen Beschwerden angewendet werden.\" \/>\n<meta property=\"og:url\" content=\"https:\/\/atlasreflex.com\/atlaskorrektur\/\" \/>\n<meta property=\"og:site_name\" content=\"Atlastherapie Atlaskorrektur\" \/>\n<meta property=\"article:publisher\" content=\"https:\/\/de-de.facebook.com\/www.atlasreflex.de\/\" \/>\n<meta property=\"article:modified_time\" content=\"2024-09-05T07:19:20+00:00\" \/>\n<meta property=\"og:image\" content=\"https:\/\/atlasreflex.com\/wp-content\/uploads\/2014\/08\/2000x1231-Atlasgelenk-untersuchen-300x185.jpg\" \/>\n<meta name=\"twitter:card\" content=\"summary_large_image\" \/>\n<meta name=\"twitter:site\" content=\"@atlasreflex\" \/>\n<meta name=\"twitter:label1\" content=\"Gesch\u00e4tzte Lesezeit\" \/>\n\t<meta name=\"twitter:data1\" content=\"4\u00a0Minuten\" \/>\n<script type=\"application\/ld+json\" class=\"yoast-schema-graph\">{\"@context\":\"https:\\\/\\\/schema.org\",\"@graph\":[{\"@type\":\"WebPage\",\"@id\":\"https:\\\/\\\/atlasreflex.com\\\/atlastherapie\\\/atlaskorrektur-anwendung-u-wirkungsweise\\\/\",\"url\":\"https:\\\/\\\/atlasreflex.com\\\/atlaskorrektur\\\/\",\"name\":\"Atlaskorrektur, bei welchen Beschwerden sie hilft.\",\"isPartOf\":{\"@id\":\"https:\\\/\\\/atlasreflex.com\\\/atlastherapie\\\/#website\"},\"primaryImageOfPage\":{\"@id\":\"https:\\\/\\\/atlasreflex.com\\\/atlaskorrektur\\\/#primaryimage\"},\"image\":{\"@id\":\"https:\\\/\\\/atlasreflex.com\\\/atlaskorrektur\\\/#primaryimage\"},\"thumbnailUrl\":\"https:\\\/\\\/atlasreflex.com\\\/wp-content\\\/uploads\\\/2014\\\/08\\\/2000x1231-Atlasgelenk-untersuchen-300x185.jpg\",\"datePublished\":\"2020-03-18T11:45:51+00:00\",\"dateModified\":\"2024-09-05T07:19:20+00:00\",\"description\":\"Atlaskorrektur ist eine sanfte Methode zur Korrektur des 1. Halswirbels und kann bei vielen Beschwerden angewendet werden.\",\"breadcrumb\":{\"@id\":\"https:\\\/\\\/atlasreflex.com\\\/atlaskorrektur\\\/#breadcrumb\"},\"inLanguage\":\"de\",\"potentialAction\":[{\"@type\":\"ReadAction\",\"target\":[\"https:\\\/\\\/atlasreflex.com\\\/atlaskorrektur\\\/\"]}]},{\"@type\":\"ImageObject\",\"inLanguage\":\"de\",\"@id\":\"https:\\\/\\\/atlasreflex.com\\\/atlaskorrektur\\\/#primaryimage\",\"url\":\"https:\\\/\\\/atlasreflex.com\\\/wp-content\\\/uploads\\\/2014\\\/08\\\/2000x1231-Atlasgelenk-untersuchen-300x185.jpg\",\"contentUrl\":\"https:\\\/\\\/atlasreflex.com\\\/wp-content\\\/uploads\\\/2014\\\/08\\\/2000x1231-Atlasgelenk-untersuchen-300x185.jpg\"},{\"@type\":\"BreadcrumbList\",\"@id\":\"https:\\\/\\\/atlasreflex.com\\\/atlaskorrektur\\\/#breadcrumb\",\"itemListElement\":[{\"@type\":\"ListItem\",\"position\":1,\"name\":\"Atlastherapie Atlaskorrektur\",\"item\":\"https:\\\/\\\/atlasreflex.com\\\/atlastherapie\\\/\"},{\"@type\":\"ListItem\",\"position\":2,\"name\":\"Atlaskorrektur bei vielf\u00e4ltigen Beschwerden\"}]},{\"@type\":\"WebSite\",\"@id\":\"https:\\\/\\\/atlasreflex.com\\\/atlastherapie\\\/#website\",\"url\":\"https:\\\/\\\/atlasreflex.com\\\/atlastherapie\\\/\",\"name\":\"www.atlasreflex.com\\\/atlastherapie\\\/\",\"description\":\"Atlastherapie- Atlastherapeuten suchen u. finden - mit allen Infos u. Fragen zur Atlaskorrektur\",\"publisher\":{\"@id\":\"https:\\\/\\\/atlasreflex.com\\\/atlastherapie\\\/#organization\"},\"alternateName\":\"www.atlasreflex.com\",\"potentialAction\":[{\"@type\":\"SearchAction\",\"target\":{\"@type\":\"EntryPoint\",\"urlTemplate\":\"https:\\\/\\\/atlasreflex.com\\\/atlastherapie\\\/?s={search_term_string}\"},\"query-input\":{\"@type\":\"PropertyValueSpecification\",\"valueRequired\":true,\"valueName\":\"search_term_string\"}}],\"inLanguage\":\"de\"},{\"@type\":[\"Organization\",\"Place\",\"Physiotherapy\"],\"@id\":\"https:\\\/\\\/atlasreflex.com\\\/atlastherapie\\\/#organization\",\"name\":\"AtlasreflexTh. Netzwerk der Atlastherapeuten f\u00fcr die Atlastherapie \\\/ Atlaskorrektur Alle Infos u. die Beantwortung aller Fragen\",\"alternateName\":\"Atlastherapeuten f\u00fcr die Atlastherapie suchen u.finden\",\"url\":\"https:\\\/\\\/atlasreflex.com\\\/atlastherapie\\\/\",\"logo\":{\"@id\":\"https:\\\/\\\/atlasreflex.com\\\/atlaskorrektur\\\/#local-main-organization-logo\"},\"image\":{\"@id\":\"https:\\\/\\\/atlasreflex.com\\\/atlaskorrektur\\\/#local-main-organization-logo\"},\"sameAs\":[\"https:\\\/\\\/de-de.facebook.com\\\/www.atlasreflex.de\\\/\",\"https:\\\/\\\/x.com\\\/atlasreflex\",\"https:\\\/\\\/www.instagram.com\\\/atlasreflexdeutschland\\\/\",\"https:\\\/\\\/de.linkedin.com\\\/in\\\/atlasreflex-atlastherapie-410a1795?trk=pub-pbmap\",\"https:\\\/\\\/www.pinterest.de\\\/atlasreflexTh\\\/\",\"https:\\\/\\\/www.youtube.com\\\/channel\\\/UC2GiX5XuIzbx8wJWZJkf8MQ\"],\"description\":\"Die atlasreflexTh.\u00ae \u2013 Atlastherapie ist eine einmalige Anwendung, die den Atlas (1.Halswirbel) dauerhaft, v\u00f6llig schmerzfrei und ohne Risiko in seine nat\u00fcrliche Position zur\u00fcck bringt. Eingesetzt werden kann die Atlastherapie vielf\u00e4ltig. Sie ist als neurophysiologisches Konzept auch eine ganzheitliche Behandlungsmethode. Die hier ausgebildeten Atlastherapeuten setzen die Atlastherapie bei allen stress- und verspannungsbedingten Beschwerden, wie Kopfschmerzen, Hals- Nacken- und R\u00fcckenbeschwerden, Migr\u00e4ne, Schwindel mit Gleichgewichtsst\u00f6rungen ein. Positiv beeinflussen lassen sich beispielsweise auch neuromotorische St\u00f6rungen, die verschiedene Ursachen haben k\u00f6nnen. Sie wird auch bei Schmerzzust\u00e4nden des Bewegungssystems eingesetzt. Die Atlastherapie wirkt auf das Gleichgewicht, den Muskeltonus, die Eigenwahrnehmung, das Schmerzempfinden sowie auf die vegetativen Funktionen. Zudem ist diese Art der Atlaskorrektur auch eine hervorragende M\u00f6glichkeit, verschiedene Blockierungen der Wirbel zu l\u00f6sen. Das Netzwerk der Atlastherapeuten informiert \u00fcber alle Standorte der Atlas Spezialisten. Die Suchfunktion listet alle Atlas Therapeuten f\u00fcr alle Regionen in Deutschland auf. Alle Infos zu Kosten, Dauer und Vorgehensweise. Alle Fragen zur Methode werden beantwortet.\",\"legalName\":\"atlasreflexTh.\",\"publishingPrinciples\":\"https:\\\/\\\/atlasreflex.com\\\/atlastherapie\\\/\",\"ownershipFundingInfo\":\"https:\\\/\\\/atlasreflex.com\\\/atlastherapie\\\/impressum\\\/\",\"actionableFeedbackPolicy\":\"https:\\\/\\\/atlasreflex.com\\\/atlastherapie\\\/atlas-wirbel-durch-erfahrene-therapeuten-korrigieren-lassen\\\/\",\"correctionsPolicy\":\"https:\\\/\\\/atlasreflex.com\\\/atlastherapie\\\/atlas-behandlung\\\/\",\"geo\":{\"@type\":\"GeoCoordinates\",\"latitude\":\"50.3880153\",\"longitude\":\"7.3861772\"},\"telephone\":[\"01792326510\"],\"contactPoint\":{\"@type\":\"ContactPoint\",\"telephone\":\"01792326510\"},\"openingHoursSpecification\":[{\"@type\":\"OpeningHoursSpecification\",\"dayOfWeek\":[\"Monday\",\"Tuesday\",\"Wednesday\",\"Thursday\",\"Friday\",\"Saturday\",\"Sunday\"],\"opens\":\"09:00\",\"closes\":\"17:00\"}],\"email\":\"marcusrose1@gmx.de\",\"areaServed\":\"Plaidt\",\"currenciesAccepted\":\"Euro\",\"paymentAccepted\":\"bar\"},{\"@type\":\"ImageObject\",\"inLanguage\":\"de\",\"@id\":\"https:\\\/\\\/atlasreflex.com\\\/atlaskorrektur\\\/#local-main-organization-logo\",\"url\":\"https:\\\/\\\/atlasreflex.com\\\/wp-content\\\/uploads\\\/2014\\\/12\\\/cropped-apple-touch-icon-152x152-1.png\",\"contentUrl\":\"https:\\\/\\\/atlasreflex.com\\\/wp-content\\\/uploads\\\/2014\\\/12\\\/cropped-apple-touch-icon-152x152-1.png\",\"width\":512,\"height\":512,\"caption\":\"AtlasreflexTh. Netzwerk der Atlastherapeuten f\u00fcr die Atlastherapie \\\/ Atlaskorrektur Alle Infos u. die Beantwortung aller Fragen\"}]}<\/script>\n<meta name=\"geo.placename\" content=\"Plaidt\" \/>\n<meta name=\"geo.position\" content=\"50.3880153;7.3861772\" \/>\n<meta name=\"geo.region\" content=\"Deutschland\" \/>\n<!-- \/ Yoast SEO Premium plugin. -->","yoast_head_json":{"title":"Atlaskorrektur, bei welchen Beschwerden sie hilft.","description":"Atlaskorrektur ist eine sanfte Methode zur Korrektur des 1. Halswirbels und kann bei vielen Beschwerden angewendet werden.","robots":{"index":"index","follow":"follow","max-snippet":"max-snippet:-1","max-image-preview":"max-image-preview:large","max-video-preview":"max-video-preview:-1"},"canonical":"https:\/\/atlasreflex.com\/atlaskorrektur\/","og_locale":"de_DE","og_type":"article","og_title":"Atlaskorrektur bei vielf\u00e4ltigen Beschwerden","og_description":"Atlaskorrektur ist eine sanfte Methode zur Korrektur des 1. Halswirbels und kann bei vielen Beschwerden angewendet werden.","og_url":"https:\/\/atlasreflex.com\/atlaskorrektur\/","og_site_name":"Atlastherapie Atlaskorrektur","article_publisher":"https:\/\/de-de.facebook.com\/www.atlasreflex.de\/","article_modified_time":"2024-09-05T07:19:20+00:00","og_image":[{"url":"https:\/\/atlasreflex.com\/wp-content\/uploads\/2014\/08\/2000x1231-Atlasgelenk-untersuchen-300x185.jpg","type":"","width":"","height":""}],"twitter_card":"summary_large_image","twitter_site":"@atlasreflex","twitter_misc":{"Gesch\u00e4tzte Lesezeit":"4\u00a0Minuten"},"schema":{"@context":"https:\/\/schema.org","@graph":[{"@type":"WebPage","@id":"https:\/\/atlasreflex.com\/atlastherapie\/atlaskorrektur-anwendung-u-wirkungsweise\/","url":"https:\/\/atlasreflex.com\/atlaskorrektur\/","name":"Atlaskorrektur, bei welchen Beschwerden sie hilft.","isPartOf":{"@id":"https:\/\/atlasreflex.com\/atlastherapie\/#website"},"primaryImageOfPage":{"@id":"https:\/\/atlasreflex.com\/atlaskorrektur\/#primaryimage"},"image":{"@id":"https:\/\/atlasreflex.com\/atlaskorrektur\/#primaryimage"},"thumbnailUrl":"https:\/\/atlasreflex.com\/wp-content\/uploads\/2014\/08\/2000x1231-Atlasgelenk-untersuchen-300x185.jpg","datePublished":"2020-03-18T11:45:51+00:00","dateModified":"2024-09-05T07:19:20+00:00","description":"Atlaskorrektur ist eine sanfte Methode zur Korrektur des 1. Halswirbels und kann bei vielen Beschwerden angewendet werden.","breadcrumb":{"@id":"https:\/\/atlasreflex.com\/atlaskorrektur\/#breadcrumb"},"inLanguage":"de","potentialAction":[{"@type":"ReadAction","target":["https:\/\/atlasreflex.com\/atlaskorrektur\/"]}]},{"@type":"ImageObject","inLanguage":"de","@id":"https:\/\/atlasreflex.com\/atlaskorrektur\/#primaryimage","url":"https:\/\/atlasreflex.com\/wp-content\/uploads\/2014\/08\/2000x1231-Atlasgelenk-untersuchen-300x185.jpg","contentUrl":"https:\/\/atlasreflex.com\/wp-content\/uploads\/2014\/08\/2000x1231-Atlasgelenk-untersuchen-300x185.jpg"},{"@type":"BreadcrumbList","@id":"https:\/\/atlasreflex.com\/atlaskorrektur\/#breadcrumb","itemListElement":[{"@type":"ListItem","position":1,"name":"Atlastherapie Atlaskorrektur","item":"https:\/\/atlasreflex.com\/atlastherapie\/"},{"@type":"ListItem","position":2,"name":"Atlaskorrektur bei vielf\u00e4ltigen Beschwerden"}]},{"@type":"WebSite","@id":"https:\/\/atlasreflex.com\/atlastherapie\/#website","url":"https:\/\/atlasreflex.com\/atlastherapie\/","name":"www.atlasreflex.com\/atlastherapie\/","description":"Atlastherapie- Atlastherapeuten suchen u. finden - mit allen Infos u. Fragen zur Atlaskorrektur","publisher":{"@id":"https:\/\/atlasreflex.com\/atlastherapie\/#organization"},"alternateName":"www.atlasreflex.com","potentialAction":[{"@type":"SearchAction","target":{"@type":"EntryPoint","urlTemplate":"https:\/\/atlasreflex.com\/atlastherapie\/?s={search_term_string}"},"query-input":{"@type":"PropertyValueSpecification","valueRequired":true,"valueName":"search_term_string"}}],"inLanguage":"de"},{"@type":["Organization","Place","Physiotherapy"],"@id":"https:\/\/atlasreflex.com\/atlastherapie\/#organization","name":"AtlasreflexTh. Netzwerk der Atlastherapeuten f\u00fcr die Atlastherapie \/ Atlaskorrektur Alle Infos u. die Beantwortung aller Fragen","alternateName":"Atlastherapeuten f\u00fcr die Atlastherapie suchen u.finden","url":"https:\/\/atlasreflex.com\/atlastherapie\/","logo":{"@id":"https:\/\/atlasreflex.com\/atlaskorrektur\/#local-main-organization-logo"},"image":{"@id":"https:\/\/atlasreflex.com\/atlaskorrektur\/#local-main-organization-logo"},"sameAs":["https:\/\/de-de.facebook.com\/www.atlasreflex.de\/","https:\/\/x.com\/atlasreflex","https:\/\/www.instagram.com\/atlasreflexdeutschland\/","https:\/\/de.linkedin.com\/in\/atlasreflex-atlastherapie-410a1795?trk=pub-pbmap","https:\/\/www.pinterest.de\/atlasreflexTh\/","https:\/\/www.youtube.com\/channel\/UC2GiX5XuIzbx8wJWZJkf8MQ"],"description":"Die atlasreflexTh.\u00ae \u2013 Atlastherapie ist eine einmalige Anwendung, die den Atlas (1.Halswirbel) dauerhaft, v\u00f6llig schmerzfrei und ohne Risiko in seine nat\u00fcrliche Position zur\u00fcck bringt. Eingesetzt werden kann die Atlastherapie vielf\u00e4ltig. Sie ist als neurophysiologisches Konzept auch eine ganzheitliche Behandlungsmethode. Die hier ausgebildeten Atlastherapeuten setzen die Atlastherapie bei allen stress- und verspannungsbedingten Beschwerden, wie Kopfschmerzen, Hals- Nacken- und R\u00fcckenbeschwerden, Migr\u00e4ne, Schwindel mit Gleichgewichtsst\u00f6rungen ein. Positiv beeinflussen lassen sich beispielsweise auch neuromotorische St\u00f6rungen, die verschiedene Ursachen haben k\u00f6nnen. Sie wird auch bei Schmerzzust\u00e4nden des Bewegungssystems eingesetzt. Die Atlastherapie wirkt auf das Gleichgewicht, den Muskeltonus, die Eigenwahrnehmung, das Schmerzempfinden sowie auf die vegetativen Funktionen. Zudem ist diese Art der Atlaskorrektur auch eine hervorragende M\u00f6glichkeit, verschiedene Blockierungen der Wirbel zu l\u00f6sen. Das Netzwerk der Atlastherapeuten informiert \u00fcber alle Standorte der Atlas Spezialisten. Die Suchfunktion listet alle Atlas Therapeuten f\u00fcr alle Regionen in Deutschland auf. Alle Infos zu Kosten, Dauer und Vorgehensweise. Alle Fragen zur Methode werden beantwortet.","legalName":"atlasreflexTh.","publishingPrinciples":"https:\/\/atlasreflex.com\/atlastherapie\/","ownershipFundingInfo":"https:\/\/atlasreflex.com\/atlastherapie\/impressum\/","actionableFeedbackPolicy":"https:\/\/atlasreflex.com\/atlastherapie\/atlas-wirbel-durch-erfahrene-therapeuten-korrigieren-lassen\/","correctionsPolicy":"https:\/\/atlasreflex.com\/atlastherapie\/atlas-behandlung\/","geo":{"@type":"GeoCoordinates","latitude":"50.3880153","longitude":"7.3861772"},"telephone":["01792326510"],"contactPoint":{"@type":"ContactPoint","telephone":"01792326510"},"openingHoursSpecification":[{"@type":"OpeningHoursSpecification","dayOfWeek":["Monday","Tuesday","Wednesday","Thursday","Friday","Saturday","Sunday"],"opens":"09:00","closes":"17:00"}],"email":"marcusrose1@gmx.de","areaServed":"Plaidt","currenciesAccepted":"Euro","paymentAccepted":"bar"},{"@type":"ImageObject","inLanguage":"de","@id":"https:\/\/atlasreflex.com\/atlaskorrektur\/#local-main-organization-logo","url":"https:\/\/atlasreflex.com\/wp-content\/uploads\/2014\/12\/cropped-apple-touch-icon-152x152-1.png","contentUrl":"https:\/\/atlasreflex.com\/wp-content\/uploads\/2014\/12\/cropped-apple-touch-icon-152x152-1.png","width":512,"height":512,"caption":"AtlasreflexTh. Netzwerk der Atlastherapeuten f\u00fcr die Atlastherapie \/ Atlaskorrektur Alle Infos u. die Beantwortung aller Fragen"}]},"geo.placename":"Plaidt","geo.position":{"lat":"50.3880153","long":"7.3861772"},"geo.region":"Deutschland"},"_links":{"self":[{"href":"https:\/\/atlasreflex.com\/atlastherapie\/wp-json\/wp\/v2\/pages\/6634","targetHints":{"allow":["GET"]}}],"collection":[{"href":"https:\/\/atlasreflex.com\/atlastherapie\/wp-json\/wp\/v2\/pages"}],"about":[{"href":"https:\/\/atlasreflex.com\/atlastherapie\/wp-json\/wp\/v2\/types\/page"}],"author":[{"embeddable":true,"href":"https:\/\/atlasreflex.com\/atlastherapie\/wp-json\/wp\/v2\/users\/2"}],"replies":[{"embeddable":true,"href":"https:\/\/atlasreflex.com\/atlastherapie\/wp-json\/wp\/v2\/comments?post=6634"}],"version-history":[{"count":0,"href":"https:\/\/atlasreflex.com\/atlastherapie\/wp-json\/wp\/v2\/pages\/6634\/revisions"}],"wp:attachment":[{"href":"https:\/\/atlasreflex.com\/atlastherapie\/wp-json\/wp\/v2\/media?parent=6634"}],"curies":[{"name":"wp","href":"https:\/\/api.w.org\/{rel}","templated":true}]}}