{"id":6670,"date":"2020-06-18T10:06:22","date_gmt":"2020-06-18T08:06:22","guid":{"rendered":"https:\/\/atlasreflex.com\/?page_id=6670"},"modified":"2022-02-15T19:20:32","modified_gmt":"2022-02-15T17:20:32","slug":"atlaswirbel-funktion-bedeutung-einer-atlas-schiefstellung","status":"publish","type":"page","link":"https:\/\/atlasreflex.com\/atlastherapie\/atlaswirbel-funktion-bedeutung-einer-atlas-schiefstellung\/","title":{"rendered":"Atlaswirbel &#8211; Funktion, Bedeutung"},"content":{"rendered":"<div class=\"fusion-fullwidth fullwidth-box fusion-builder-row-1 fusion-flex-container nonhundred-percent-fullwidth non-hundred-percent-height-scrolling\" style=\"--awb-border-radius-top-left:0px;--awb-border-radius-top-right:0px;--awb-border-radius-bottom-right:0px;--awb-border-radius-bottom-left:0px;--awb-flex-wrap:wrap;\" ><div class=\"fusion-builder-row fusion-row fusion-flex-align-items-flex-start fusion-flex-content-wrap\" style=\"max-width:1216.8px;margin-left: calc(-4% \/ 2 );margin-right: calc(-4% \/ 2 );\"><div class=\"fusion-layout-column fusion_builder_column fusion-builder-column-0 fusion_builder_column_1_1 1_1 fusion-flex-column\" style=\"--awb-bg-size:cover;--awb-width-large:100%;--awb-margin-top-large:0px;--awb-spacing-right-large:1.92%;--awb-margin-bottom-large:0px;--awb-spacing-left-large:1.92%;--awb-width-medium:100%;--awb-spacing-right-medium:1.92%;--awb-spacing-left-medium:1.92%;--awb-width-small:100%;--awb-spacing-right-small:1.92%;--awb-spacing-left-small:1.92%;\"><div class=\"fusion-column-wrapper fusion-flex-justify-content-flex-start fusion-content-layout-column\"><div class=\"fusion-text fusion-text-1\"><h2>Atlaswirbel &#8211; Funktion, Bedeutung und m\u00f6gliche Probleme<\/h2>\n<p>Der\u00a0Atlaswirbel\u00a0ist derjenige Halswirbel, der dem Sch\u00e4del am n\u00e4chsten ist. Als erster Wirbel der Halswirbels\u00e4ule tr\u00e4gt er den Kopf und hat damit eine bedeutende Funktion. Daher hat der Wirbel auch seine Bezeichnung erhalten. Benannt ist er nach dem Titanen Atlas, der in der griechischen Mythologie das gesamte\u00a0Himmelsgew\u00f6lbe\u00a0auf seinen Schultern tragen musste. Aufgrund seiner Lage und seiner Funktion ist der Atlas fortlaufend einer hohen Beanspruchung ausgesetzt, was ihn in eine\u00a0Fehlstellung\u00a0bringen kann. Ist der\u00a0Atlaswirbel\u00a0aus seiner nat\u00fcrlichen Position geraten, kann dies schwerwiegende Auswirkungen auf den gesamten Organismus haben. Deshalb gilt es in einem solchen Fall schnell zu handeln.<\/p>\n<h3>Wenn der Atlas aus der Position geraten ist<\/h3>\n<p><img decoding=\"async\" class=\"size-medium wp-image-878 alignleft\" src=\"https:\/\/atlasreflex.com\/wp-content\/uploads\/2014\/12\/rotationsfehlstellung-des-atlas-300x211.jpg\" alt=\"Atlastherapie des Atlaswirbel\" width=\"300\" height=\"211\" srcset=\"https:\/\/atlasreflex.com\/wp-content\/uploads\/2014\/12\/rotationsfehlstellung-des-atlas-78x55.jpg 78w, https:\/\/atlasreflex.com\/wp-content\/uploads\/2014\/12\/rotationsfehlstellung-des-atlas-200x141.jpg 200w, https:\/\/atlasreflex.com\/wp-content\/uploads\/2014\/12\/rotationsfehlstellung-des-atlas-300x211.jpg 300w, https:\/\/atlasreflex.com\/wp-content\/uploads\/2014\/12\/rotationsfehlstellung-des-atlas-400x282.jpg 400w, https:\/\/atlasreflex.com\/wp-content\/uploads\/2014\/12\/rotationsfehlstellung-des-atlas.jpg 460w\" sizes=\"(max-width: 300px) 100vw, 300px\" \/>Eine\u00a0Atlasfehlstellung\u00a0kann die unterschiedlichsten Symptome ausl\u00f6sen. Zum einen k\u00f6nnen Kopfschmerzen und\u00a0Schwindelgef\u00fchle\u00a0auftreten. Auch Schmerzen im\u00a0Kiefergelenk\u00a0und\u00a0Nackenschmerzen\u00a0k\u00f6nnen in Folge einer\u00a0Atlasfehlstellung zu sp\u00fcren sein. Ein aus seiner nat\u00fcrlichen Position geratener\u00a0Atlaswirbel\u00a0kann die Bewegungsfreiheit des Kopfes einschr\u00e4nken und Schmerzen im gesamten R\u00fccken hervorrufen. Ein\u00a0Beklemmungsgef\u00fchl\u00a0im Brustkorb, ein Hexenschuss oder ein Bandscheibenvorfall k\u00f6nnen ebenfalls in Zusammenhang mit einer\u00a0Fehlstellung\u00a0des Atlas stehen. Selbst\u00a0Herzrhythmusst\u00f6rungen, Schlafst\u00f6rungen und die Beeintr\u00e4chtigung des\u00a0Seh- und H\u00f6rverm\u00f6gens sowie\u00a0Orientierungsschw\u00e4chen\u00a0k\u00f6nnen m\u00f6gliche Folgen sein.<\/p>\n<h3>Fehlstellungen des\u00a0Atlaswirbels\u00a0erkennen<\/h3>\n<p>Ein ausgebildeter\u00a0Atlastherapeut\u00a0erkennt schnell, ob Ihre Probleme von einer\u00a0Fehlstellung\u00a0des\u00a0Atlaswirbels\u00a0ausgel\u00f6st werden. Er f\u00fchrt dazu eine manuelle Funktions\u00fcberpr\u00fcfung durch. Bildgebende Verfahren, wie zum Beispiel das R\u00f6ntgen, das eine hohe Strahlenbelastung mit sich bringt, sind f\u00fcr die Diagnose nicht n\u00f6tig. Vielmehr verf\u00fcgt jeder\u00a0Atlastherapeut\u00a0\u00fcber ein hohes Fingerspitzengef\u00fchl und die n\u00f6tigen anatomischen Kenntnisse, um das\u00a0Atlasgelenk\u00a0und seine\u00a0Weichteilumgebung\u00a0beim Abtasten genau zu analysieren. Anschlie\u00dfend zeigt er Ihnen an einem anatomischen Modell die Lage des\u00a0Atlaswirbels\u00a0und welche Fehlstellungen gegebenenfalls bei Ihnen vorliegt.<\/p>\n<h3>Die Behandlung einer\u00a0Atlasfehlstellung<\/h3>\n<p>Vor der eigentlichen Behandlung der\u00a0Atlasfehlstellung\u00a0wird zun\u00e4chst die Muskulatur vorbereitet. Dazu verwenden\u00a0Atlastherapeuten\u00a0die\u00a0ThemPer\u00a0Technologie. Der\u00a0Atlaswirbel\u00a0erh\u00e4lt dabei kleine Impulse, die ihn ins Schwingen versetzen. Das entspannt die umliegenden Muskeln, Sehnen und B\u00e4nder. Anders als bei anderen Verfahren wird der Atlas bei unserer Methode nicht manuell verschoben. Vielmehr sorgt die physikalische Entspannung der Muskulatur daf\u00fcr, dass gen\u00fcgend Platz vorhanden ist, damit sich der\u00a0Atlaswirbel\u00a0selbstst\u00e4ndig in seine nat\u00fcrliche Position\u00a0zur\u00fcckbewegen\u00a0kann. Das physikalische\u00a0Entspannungsverfahren\u00a0ist mit keinerlei Schmerzen verbunden und absolut ungef\u00e4hrlich. Die Wirbels\u00e4ule kann bei dieser Methode nicht verletzt werden.<\/p>\n<h3>\u00dcbungen zur Festigung der nat\u00fcrlichen Lage des\u00a0Atlaswirbels<a href=\"https:\/\/atlasreflex.com\/ltq1nzi4njg3mq\/\"><img decoding=\"async\" class=\"size-medium wp-image-238 alignleft\" src=\"https:\/\/atlasreflex.com\/wp-content\/uploads\/2014\/08\/ltq1nzi4njg3mq-300x225.jpg\" alt=\"Nacken\u00fcbungen\" width=\"300\" height=\"225\" srcset=\"https:\/\/atlasreflex.com\/wp-content\/uploads\/2014\/08\/ltq1nzi4njg3mq-200x150.jpg 200w, https:\/\/atlasreflex.com\/wp-content\/uploads\/2014\/08\/ltq1nzi4njg3mq-300x225.jpg 300w, https:\/\/atlasreflex.com\/wp-content\/uploads\/2014\/08\/ltq1nzi4njg3mq-400x300.jpg 400w, https:\/\/atlasreflex.com\/wp-content\/uploads\/2014\/08\/ltq1nzi4njg3mq-600x450.jpg 600w, https:\/\/atlasreflex.com\/wp-content\/uploads\/2014\/08\/ltq1nzi4njg3mq.jpg 700w\" sizes=\"(max-width: 300px) 100vw, 300px\" \/><\/a><\/h3>\n<p>Um nach einer Korrektur der\u00a0Atlasfehlstellung\u00a0die nat\u00fcrliche Lage des Wirbels zu festigen, sollten regelm\u00e4\u00dfige \u00dcbungen durchgef\u00fchrt werden. Besonders gut dazu geeignet ist der Einsatz eines\u00a0Therabandes. Dieses ist in unterschiedlichen\u00a0St\u00e4rkegraden\u00a0erh\u00e4ltlich. Mit Hilfe dieses Gummibandes wird das\u00a0Atlasgelenk\u00a0stabilisiert und die Schulter- sowie die\u00a0Nackenmuskeln\u00a0gest\u00e4rkt. Das\u00a0Theraband\u00a0kann platzsparend verstaut werden und ist daher auch unterwegs der ideale Begleiter. Die einzelnen \u00dcbungen ben\u00f6tigen ansonsten nicht viel Platz und k\u00f6nnen auch im Alltag gut eingebaut werden. Ihr\u00a0Atlastherapeut\u00a0zeigt Ihnen gerne die korrekte Durchf\u00fchrung der \u00dcbungen.<\/p>\n<h3>Probleme mit dem\u00a0Atlaswirbel. Was tun?<\/h3>\n<p>Wenn Sie unter Symptomen leiden, die in Zusammenhang mit einer\u00a0Fehlstellung\u00a0des\u00a0Atlaswirbels\u00a0stehen k\u00f6nnten, dann kontaktieren Sie einen\u00a0Atlastherapeuten\u00a0in Ihrer N\u00e4he. Dieser untersucht zun\u00e4chst, ob tats\u00e4chlich eine\u00a0Atlasfehlstellungvorliegt. Ist dies der Fall, f\u00fchrt er die Vorbehandlung und die eigentliche Korrektur durch. Die Therapie dauert etwa eine Stunde. Nach etwa zwei Wochen erfolgt ein\u00a0Kontrolltermin, f\u00fcr den Sie etwa 30 Minuten einplanen sollten.\u00a0Atlastherapeuten\u00a0in Ihrer N\u00e4he finden schnell und unkompliziert \u00fcber unsere\u00a0PLZ-Suche.<\/p>\n<\/div><\/div><\/div><\/div><\/div>\n","protected":false},"excerpt":{"rendered":"","protected":false},"author":2,"featured_media":0,"parent":0,"menu_order":0,"comment_status":"closed","ping_status":"closed","template":"","meta":{"om_disable_all_campaigns":false,"footnotes":""},"class_list":["post-6670","page","type-page","status-publish","hentry"],"yoast_head":"<!-- This site is optimized with the Yoast SEO Premium plugin v27.3 (Yoast SEO v27.3) - https:\/\/yoast.com\/product\/yoast-seo-premium-wordpress\/ -->\n<title>Atlaswirbel - Funktion, Bedeutung<\/title>\n<meta name=\"description\" content=\"Als erster Wirbel der Halswirbels\u00e4ule tr\u00e4gt er den Kopf und hat damit eine bedeutende Funktion. Daher hat der Wirbel auch seine Bezeichnung erhalten.\" \/>\n<meta name=\"robots\" content=\"index, follow, max-snippet:-1, max-image-preview:large, max-video-preview:-1\" \/>\n<link rel=\"canonical\" href=\"https:\/\/atlasreflex.com\/atlastherapie\/atlaswirbel-funktion-bedeutung-einer-atlas-schiefstellung\/\" \/>\n<meta property=\"og:locale\" content=\"de_DE\" \/>\n<meta property=\"og:type\" content=\"article\" \/>\n<meta property=\"og:title\" content=\"Atlaswirbel - Funktion, Bedeutung\" \/>\n<meta property=\"og:description\" content=\"Als erster Wirbel der Halswirbels\u00e4ule tr\u00e4gt er den Kopf und hat damit eine bedeutende Funktion. Daher hat der Wirbel auch seine Bezeichnung erhalten.\" \/>\n<meta property=\"og:url\" content=\"https:\/\/atlasreflex.com\/atlastherapie\/atlaswirbel-funktion-bedeutung-einer-atlas-schiefstellung\/\" \/>\n<meta property=\"og:site_name\" content=\"Atlastherapie Atlaskorrektur\" \/>\n<meta property=\"article:publisher\" content=\"https:\/\/de-de.facebook.com\/www.atlasreflex.de\/\" \/>\n<meta property=\"article:modified_time\" content=\"2022-02-15T17:20:32+00:00\" \/>\n<meta property=\"og:image\" content=\"https:\/\/atlasreflex.com\/wp-content\/uploads\/2014\/12\/rotationsfehlstellung-des-atlas-300x211.jpg\" \/>\n<meta name=\"twitter:card\" content=\"summary_large_image\" \/>\n<meta name=\"twitter:site\" content=\"@atlasreflex\" \/>\n<meta name=\"twitter:label1\" content=\"Gesch\u00e4tzte Lesezeit\" \/>\n\t<meta name=\"twitter:data1\" content=\"4\u00a0Minuten\" \/>\n<script type=\"application\/ld+json\" class=\"yoast-schema-graph\">{\"@context\":\"https:\\\/\\\/schema.org\",\"@graph\":[{\"@type\":\"WebPage\",\"@id\":\"https:\\\/\\\/atlasreflex.com\\\/atlastherapie\\\/atlaswirbel-funktion-bedeutung-einer-atlas-schiefstellung\\\/\",\"url\":\"https:\\\/\\\/atlasreflex.com\\\/atlastherapie\\\/atlaswirbel-funktion-bedeutung-einer-atlas-schiefstellung\\\/\",\"name\":\"Atlaswirbel - Funktion, Bedeutung\",\"isPartOf\":{\"@id\":\"https:\\\/\\\/atlasreflex.com\\\/atlastherapie\\\/#website\"},\"primaryImageOfPage\":{\"@id\":\"https:\\\/\\\/atlasreflex.com\\\/atlastherapie\\\/atlaswirbel-funktion-bedeutung-einer-atlas-schiefstellung\\\/#primaryimage\"},\"image\":{\"@id\":\"https:\\\/\\\/atlasreflex.com\\\/atlastherapie\\\/atlaswirbel-funktion-bedeutung-einer-atlas-schiefstellung\\\/#primaryimage\"},\"thumbnailUrl\":\"https:\\\/\\\/atlasreflex.com\\\/wp-content\\\/uploads\\\/2014\\\/12\\\/rotationsfehlstellung-des-atlas-300x211.jpg\",\"datePublished\":\"2020-06-18T08:06:22+00:00\",\"dateModified\":\"2022-02-15T17:20:32+00:00\",\"description\":\"Als erster Wirbel der Halswirbels\u00e4ule tr\u00e4gt er den Kopf und hat damit eine bedeutende Funktion. Daher hat der Wirbel auch seine Bezeichnung erhalten.\",\"breadcrumb\":{\"@id\":\"https:\\\/\\\/atlasreflex.com\\\/atlastherapie\\\/atlaswirbel-funktion-bedeutung-einer-atlas-schiefstellung\\\/#breadcrumb\"},\"inLanguage\":\"de\",\"potentialAction\":[{\"@type\":\"ReadAction\",\"target\":[\"https:\\\/\\\/atlasreflex.com\\\/atlastherapie\\\/atlaswirbel-funktion-bedeutung-einer-atlas-schiefstellung\\\/\"]}]},{\"@type\":\"ImageObject\",\"inLanguage\":\"de\",\"@id\":\"https:\\\/\\\/atlasreflex.com\\\/atlastherapie\\\/atlaswirbel-funktion-bedeutung-einer-atlas-schiefstellung\\\/#primaryimage\",\"url\":\"https:\\\/\\\/atlasreflex.com\\\/wp-content\\\/uploads\\\/2014\\\/12\\\/rotationsfehlstellung-des-atlas-300x211.jpg\",\"contentUrl\":\"https:\\\/\\\/atlasreflex.com\\\/wp-content\\\/uploads\\\/2014\\\/12\\\/rotationsfehlstellung-des-atlas-300x211.jpg\"},{\"@type\":\"BreadcrumbList\",\"@id\":\"https:\\\/\\\/atlasreflex.com\\\/atlastherapie\\\/atlaswirbel-funktion-bedeutung-einer-atlas-schiefstellung\\\/#breadcrumb\",\"itemListElement\":[{\"@type\":\"ListItem\",\"position\":1,\"name\":\"Atlastherapie Atlaskorrektur\",\"item\":\"https:\\\/\\\/atlasreflex.com\\\/atlastherapie\\\/\"},{\"@type\":\"ListItem\",\"position\":2,\"name\":\"Atlaswirbel &#8211; Funktion, Bedeutung\"}]},{\"@type\":\"WebSite\",\"@id\":\"https:\\\/\\\/atlasreflex.com\\\/atlastherapie\\\/#website\",\"url\":\"https:\\\/\\\/atlasreflex.com\\\/atlastherapie\\\/\",\"name\":\"www.atlasreflex.com\\\/atlastherapie\\\/\",\"description\":\"Atlastherapie- Atlastherapeuten suchen u. finden - mit allen Infos u. Fragen zur Atlaskorrektur\",\"publisher\":{\"@id\":\"https:\\\/\\\/atlasreflex.com\\\/atlastherapie\\\/#organization\"},\"alternateName\":\"www.atlasreflex.com\",\"potentialAction\":[{\"@type\":\"SearchAction\",\"target\":{\"@type\":\"EntryPoint\",\"urlTemplate\":\"https:\\\/\\\/atlasreflex.com\\\/atlastherapie\\\/?s={search_term_string}\"},\"query-input\":{\"@type\":\"PropertyValueSpecification\",\"valueRequired\":true,\"valueName\":\"search_term_string\"}}],\"inLanguage\":\"de\"},{\"@type\":[\"Organization\",\"Place\",\"Physiotherapy\"],\"@id\":\"https:\\\/\\\/atlasreflex.com\\\/atlastherapie\\\/#organization\",\"name\":\"AtlasreflexTh. Netzwerk der Atlastherapeuten f\u00fcr die Atlastherapie \\\/ Atlaskorrektur Alle Infos u. die Beantwortung aller Fragen\",\"alternateName\":\"Atlastherapeuten f\u00fcr die Atlastherapie suchen u.finden\",\"url\":\"https:\\\/\\\/atlasreflex.com\\\/atlastherapie\\\/\",\"logo\":{\"@id\":\"https:\\\/\\\/atlasreflex.com\\\/atlastherapie\\\/atlaswirbel-funktion-bedeutung-einer-atlas-schiefstellung\\\/#local-main-organization-logo\"},\"image\":{\"@id\":\"https:\\\/\\\/atlasreflex.com\\\/atlastherapie\\\/atlaswirbel-funktion-bedeutung-einer-atlas-schiefstellung\\\/#local-main-organization-logo\"},\"sameAs\":[\"https:\\\/\\\/de-de.facebook.com\\\/www.atlasreflex.de\\\/\",\"https:\\\/\\\/x.com\\\/atlasreflex\",\"https:\\\/\\\/www.instagram.com\\\/atlasreflexdeutschland\\\/\",\"https:\\\/\\\/de.linkedin.com\\\/in\\\/atlasreflex-atlastherapie-410a1795?trk=pub-pbmap\",\"https:\\\/\\\/www.pinterest.de\\\/atlasreflexTh\\\/\",\"https:\\\/\\\/www.youtube.com\\\/channel\\\/UC2GiX5XuIzbx8wJWZJkf8MQ\"],\"description\":\"Die atlasreflexTh.\u00ae \u2013 Atlastherapie ist eine einmalige Anwendung, die den Atlas (1.Halswirbel) dauerhaft, v\u00f6llig schmerzfrei und ohne Risiko in seine nat\u00fcrliche Position zur\u00fcck bringt. Eingesetzt werden kann die Atlastherapie vielf\u00e4ltig. Sie ist als neurophysiologisches Konzept auch eine ganzheitliche Behandlungsmethode. Die hier ausgebildeten Atlastherapeuten setzen die Atlastherapie bei allen stress- und verspannungsbedingten Beschwerden, wie Kopfschmerzen, Hals- Nacken- und R\u00fcckenbeschwerden, Migr\u00e4ne, Schwindel mit Gleichgewichtsst\u00f6rungen ein. Positiv beeinflussen lassen sich beispielsweise auch neuromotorische St\u00f6rungen, die verschiedene Ursachen haben k\u00f6nnen. Sie wird auch bei Schmerzzust\u00e4nden des Bewegungssystems eingesetzt. Die Atlastherapie wirkt auf das Gleichgewicht, den Muskeltonus, die Eigenwahrnehmung, das Schmerzempfinden sowie auf die vegetativen Funktionen. Zudem ist diese Art der Atlaskorrektur auch eine hervorragende M\u00f6glichkeit, verschiedene Blockierungen der Wirbel zu l\u00f6sen. Das Netzwerk der Atlastherapeuten informiert \u00fcber alle Standorte der Atlas Spezialisten. Die Suchfunktion listet alle Atlas Therapeuten f\u00fcr alle Regionen in Deutschland auf. Alle Infos zu Kosten, Dauer und Vorgehensweise. Alle Fragen zur Methode werden beantwortet.\",\"legalName\":\"atlasreflexTh.\",\"publishingPrinciples\":\"https:\\\/\\\/atlasreflex.com\\\/atlastherapie\\\/\",\"ownershipFundingInfo\":\"https:\\\/\\\/atlasreflex.com\\\/atlastherapie\\\/impressum\\\/\",\"actionableFeedbackPolicy\":\"https:\\\/\\\/atlasreflex.com\\\/atlastherapie\\\/atlas-wirbel-durch-erfahrene-therapeuten-korrigieren-lassen\\\/\",\"correctionsPolicy\":\"https:\\\/\\\/atlasreflex.com\\\/atlastherapie\\\/atlas-behandlung\\\/\",\"geo\":{\"@type\":\"GeoCoordinates\",\"latitude\":\"50.3880153\",\"longitude\":\"7.3861772\"},\"telephone\":[\"01792326510\"],\"contactPoint\":{\"@type\":\"ContactPoint\",\"telephone\":\"01792326510\"},\"openingHoursSpecification\":[{\"@type\":\"OpeningHoursSpecification\",\"dayOfWeek\":[\"Monday\",\"Tuesday\",\"Wednesday\",\"Thursday\",\"Friday\",\"Saturday\",\"Sunday\"],\"opens\":\"09:00\",\"closes\":\"17:00\"}],\"email\":\"marcusrose1@gmx.de\",\"areaServed\":\"Plaidt\",\"currenciesAccepted\":\"Euro\",\"paymentAccepted\":\"bar\"},{\"@type\":\"ImageObject\",\"inLanguage\":\"de\",\"@id\":\"https:\\\/\\\/atlasreflex.com\\\/atlastherapie\\\/atlaswirbel-funktion-bedeutung-einer-atlas-schiefstellung\\\/#local-main-organization-logo\",\"url\":\"https:\\\/\\\/atlasreflex.com\\\/wp-content\\\/uploads\\\/2014\\\/12\\\/cropped-apple-touch-icon-152x152-1.png\",\"contentUrl\":\"https:\\\/\\\/atlasreflex.com\\\/wp-content\\\/uploads\\\/2014\\\/12\\\/cropped-apple-touch-icon-152x152-1.png\",\"width\":512,\"height\":512,\"caption\":\"AtlasreflexTh. Netzwerk der Atlastherapeuten f\u00fcr die Atlastherapie \\\/ Atlaskorrektur Alle Infos u. die Beantwortung aller Fragen\"}]}<\/script>\n<meta name=\"geo.placename\" content=\"Plaidt\" \/>\n<meta name=\"geo.position\" content=\"50.3880153;7.3861772\" \/>\n<meta name=\"geo.region\" content=\"Deutschland\" \/>\n<!-- \/ Yoast SEO Premium plugin. -->","yoast_head_json":{"title":"Atlaswirbel - Funktion, Bedeutung","description":"Als erster Wirbel der Halswirbels\u00e4ule tr\u00e4gt er den Kopf und hat damit eine bedeutende Funktion. Daher hat der Wirbel auch seine Bezeichnung erhalten.","robots":{"index":"index","follow":"follow","max-snippet":"max-snippet:-1","max-image-preview":"max-image-preview:large","max-video-preview":"max-video-preview:-1"},"canonical":"https:\/\/atlasreflex.com\/atlastherapie\/atlaswirbel-funktion-bedeutung-einer-atlas-schiefstellung\/","og_locale":"de_DE","og_type":"article","og_title":"Atlaswirbel - Funktion, Bedeutung","og_description":"Als erster Wirbel der Halswirbels\u00e4ule tr\u00e4gt er den Kopf und hat damit eine bedeutende Funktion. Daher hat der Wirbel auch seine Bezeichnung erhalten.","og_url":"https:\/\/atlasreflex.com\/atlastherapie\/atlaswirbel-funktion-bedeutung-einer-atlas-schiefstellung\/","og_site_name":"Atlastherapie Atlaskorrektur","article_publisher":"https:\/\/de-de.facebook.com\/www.atlasreflex.de\/","article_modified_time":"2022-02-15T17:20:32+00:00","og_image":[{"url":"https:\/\/atlasreflex.com\/wp-content\/uploads\/2014\/12\/rotationsfehlstellung-des-atlas-300x211.jpg","type":"","width":"","height":""}],"twitter_card":"summary_large_image","twitter_site":"@atlasreflex","twitter_misc":{"Gesch\u00e4tzte Lesezeit":"4\u00a0Minuten"},"schema":{"@context":"https:\/\/schema.org","@graph":[{"@type":"WebPage","@id":"https:\/\/atlasreflex.com\/atlastherapie\/atlaswirbel-funktion-bedeutung-einer-atlas-schiefstellung\/","url":"https:\/\/atlasreflex.com\/atlastherapie\/atlaswirbel-funktion-bedeutung-einer-atlas-schiefstellung\/","name":"Atlaswirbel - Funktion, Bedeutung","isPartOf":{"@id":"https:\/\/atlasreflex.com\/atlastherapie\/#website"},"primaryImageOfPage":{"@id":"https:\/\/atlasreflex.com\/atlastherapie\/atlaswirbel-funktion-bedeutung-einer-atlas-schiefstellung\/#primaryimage"},"image":{"@id":"https:\/\/atlasreflex.com\/atlastherapie\/atlaswirbel-funktion-bedeutung-einer-atlas-schiefstellung\/#primaryimage"},"thumbnailUrl":"https:\/\/atlasreflex.com\/wp-content\/uploads\/2014\/12\/rotationsfehlstellung-des-atlas-300x211.jpg","datePublished":"2020-06-18T08:06:22+00:00","dateModified":"2022-02-15T17:20:32+00:00","description":"Als erster Wirbel der Halswirbels\u00e4ule tr\u00e4gt er den Kopf und hat damit eine bedeutende Funktion. Daher hat der Wirbel auch seine Bezeichnung erhalten.","breadcrumb":{"@id":"https:\/\/atlasreflex.com\/atlastherapie\/atlaswirbel-funktion-bedeutung-einer-atlas-schiefstellung\/#breadcrumb"},"inLanguage":"de","potentialAction":[{"@type":"ReadAction","target":["https:\/\/atlasreflex.com\/atlastherapie\/atlaswirbel-funktion-bedeutung-einer-atlas-schiefstellung\/"]}]},{"@type":"ImageObject","inLanguage":"de","@id":"https:\/\/atlasreflex.com\/atlastherapie\/atlaswirbel-funktion-bedeutung-einer-atlas-schiefstellung\/#primaryimage","url":"https:\/\/atlasreflex.com\/wp-content\/uploads\/2014\/12\/rotationsfehlstellung-des-atlas-300x211.jpg","contentUrl":"https:\/\/atlasreflex.com\/wp-content\/uploads\/2014\/12\/rotationsfehlstellung-des-atlas-300x211.jpg"},{"@type":"BreadcrumbList","@id":"https:\/\/atlasreflex.com\/atlastherapie\/atlaswirbel-funktion-bedeutung-einer-atlas-schiefstellung\/#breadcrumb","itemListElement":[{"@type":"ListItem","position":1,"name":"Atlastherapie Atlaskorrektur","item":"https:\/\/atlasreflex.com\/atlastherapie\/"},{"@type":"ListItem","position":2,"name":"Atlaswirbel &#8211; Funktion, Bedeutung"}]},{"@type":"WebSite","@id":"https:\/\/atlasreflex.com\/atlastherapie\/#website","url":"https:\/\/atlasreflex.com\/atlastherapie\/","name":"www.atlasreflex.com\/atlastherapie\/","description":"Atlastherapie- Atlastherapeuten suchen u. finden - mit allen Infos u. Fragen zur Atlaskorrektur","publisher":{"@id":"https:\/\/atlasreflex.com\/atlastherapie\/#organization"},"alternateName":"www.atlasreflex.com","potentialAction":[{"@type":"SearchAction","target":{"@type":"EntryPoint","urlTemplate":"https:\/\/atlasreflex.com\/atlastherapie\/?s={search_term_string}"},"query-input":{"@type":"PropertyValueSpecification","valueRequired":true,"valueName":"search_term_string"}}],"inLanguage":"de"},{"@type":["Organization","Place","Physiotherapy"],"@id":"https:\/\/atlasreflex.com\/atlastherapie\/#organization","name":"AtlasreflexTh. Netzwerk der Atlastherapeuten f\u00fcr die Atlastherapie \/ Atlaskorrektur Alle Infos u. die Beantwortung aller Fragen","alternateName":"Atlastherapeuten f\u00fcr die Atlastherapie suchen u.finden","url":"https:\/\/atlasreflex.com\/atlastherapie\/","logo":{"@id":"https:\/\/atlasreflex.com\/atlastherapie\/atlaswirbel-funktion-bedeutung-einer-atlas-schiefstellung\/#local-main-organization-logo"},"image":{"@id":"https:\/\/atlasreflex.com\/atlastherapie\/atlaswirbel-funktion-bedeutung-einer-atlas-schiefstellung\/#local-main-organization-logo"},"sameAs":["https:\/\/de-de.facebook.com\/www.atlasreflex.de\/","https:\/\/x.com\/atlasreflex","https:\/\/www.instagram.com\/atlasreflexdeutschland\/","https:\/\/de.linkedin.com\/in\/atlasreflex-atlastherapie-410a1795?trk=pub-pbmap","https:\/\/www.pinterest.de\/atlasreflexTh\/","https:\/\/www.youtube.com\/channel\/UC2GiX5XuIzbx8wJWZJkf8MQ"],"description":"Die atlasreflexTh.\u00ae \u2013 Atlastherapie ist eine einmalige Anwendung, die den Atlas (1.Halswirbel) dauerhaft, v\u00f6llig schmerzfrei und ohne Risiko in seine nat\u00fcrliche Position zur\u00fcck bringt. Eingesetzt werden kann die Atlastherapie vielf\u00e4ltig. Sie ist als neurophysiologisches Konzept auch eine ganzheitliche Behandlungsmethode. Die hier ausgebildeten Atlastherapeuten setzen die Atlastherapie bei allen stress- und verspannungsbedingten Beschwerden, wie Kopfschmerzen, Hals- Nacken- und R\u00fcckenbeschwerden, Migr\u00e4ne, Schwindel mit Gleichgewichtsst\u00f6rungen ein. Positiv beeinflussen lassen sich beispielsweise auch neuromotorische St\u00f6rungen, die verschiedene Ursachen haben k\u00f6nnen. Sie wird auch bei Schmerzzust\u00e4nden des Bewegungssystems eingesetzt. Die Atlastherapie wirkt auf das Gleichgewicht, den Muskeltonus, die Eigenwahrnehmung, das Schmerzempfinden sowie auf die vegetativen Funktionen. Zudem ist diese Art der Atlaskorrektur auch eine hervorragende M\u00f6glichkeit, verschiedene Blockierungen der Wirbel zu l\u00f6sen. Das Netzwerk der Atlastherapeuten informiert \u00fcber alle Standorte der Atlas Spezialisten. Die Suchfunktion listet alle Atlas Therapeuten f\u00fcr alle Regionen in Deutschland auf. Alle Infos zu Kosten, Dauer und Vorgehensweise. Alle Fragen zur Methode werden beantwortet.","legalName":"atlasreflexTh.","publishingPrinciples":"https:\/\/atlasreflex.com\/atlastherapie\/","ownershipFundingInfo":"https:\/\/atlasreflex.com\/atlastherapie\/impressum\/","actionableFeedbackPolicy":"https:\/\/atlasreflex.com\/atlastherapie\/atlas-wirbel-durch-erfahrene-therapeuten-korrigieren-lassen\/","correctionsPolicy":"https:\/\/atlasreflex.com\/atlastherapie\/atlas-behandlung\/","geo":{"@type":"GeoCoordinates","latitude":"50.3880153","longitude":"7.3861772"},"telephone":["01792326510"],"contactPoint":{"@type":"ContactPoint","telephone":"01792326510"},"openingHoursSpecification":[{"@type":"OpeningHoursSpecification","dayOfWeek":["Monday","Tuesday","Wednesday","Thursday","Friday","Saturday","Sunday"],"opens":"09:00","closes":"17:00"}],"email":"marcusrose1@gmx.de","areaServed":"Plaidt","currenciesAccepted":"Euro","paymentAccepted":"bar"},{"@type":"ImageObject","inLanguage":"de","@id":"https:\/\/atlasreflex.com\/atlastherapie\/atlaswirbel-funktion-bedeutung-einer-atlas-schiefstellung\/#local-main-organization-logo","url":"https:\/\/atlasreflex.com\/wp-content\/uploads\/2014\/12\/cropped-apple-touch-icon-152x152-1.png","contentUrl":"https:\/\/atlasreflex.com\/wp-content\/uploads\/2014\/12\/cropped-apple-touch-icon-152x152-1.png","width":512,"height":512,"caption":"AtlasreflexTh. Netzwerk der Atlastherapeuten f\u00fcr die Atlastherapie \/ Atlaskorrektur Alle Infos u. die Beantwortung aller Fragen"}]},"geo.placename":"Plaidt","geo.position":{"lat":"50.3880153","long":"7.3861772"},"geo.region":"Deutschland"},"_links":{"self":[{"href":"https:\/\/atlasreflex.com\/atlastherapie\/wp-json\/wp\/v2\/pages\/6670","targetHints":{"allow":["GET"]}}],"collection":[{"href":"https:\/\/atlasreflex.com\/atlastherapie\/wp-json\/wp\/v2\/pages"}],"about":[{"href":"https:\/\/atlasreflex.com\/atlastherapie\/wp-json\/wp\/v2\/types\/page"}],"author":[{"embeddable":true,"href":"https:\/\/atlasreflex.com\/atlastherapie\/wp-json\/wp\/v2\/users\/2"}],"replies":[{"embeddable":true,"href":"https:\/\/atlasreflex.com\/atlastherapie\/wp-json\/wp\/v2\/comments?post=6670"}],"version-history":[{"count":0,"href":"https:\/\/atlasreflex.com\/atlastherapie\/wp-json\/wp\/v2\/pages\/6670\/revisions"}],"wp:attachment":[{"href":"https:\/\/atlasreflex.com\/atlastherapie\/wp-json\/wp\/v2\/media?parent=6670"}],"curies":[{"name":"wp","href":"https:\/\/api.w.org\/{rel}","templated":true}]}}