{"id":7125,"date":"2021-11-28T00:09:46","date_gmt":"2021-11-27T22:09:46","guid":{"rendered":"https:\/\/atlasreflex.com\/?page_id=7125"},"modified":"2021-11-28T00:09:46","modified_gmt":"2021-11-27T22:09:46","slug":"suche","status":"publish","type":"page","link":"https:\/\/atlasreflex.com\/atlastherapie\/suche\/","title":{"rendered":"suche"},"content":{"rendered":"<div id=\"map_search\" ><a id=\"map_top\"><\/a><form  onsubmit=\"searchLocations( 1 ); return false; \" name=\"location_search_form\" id=\"location_search_form\" action=\"https:\/\/atlasreflex.com\/atlastherapie\/suche\/\" method=\"post\"><div class=\"location_search\"><div><div class=\"location_search_title\">Find Locations Near:<\/div><\/div>\n\t<div id='location_search_0_tr' class='location_search_row'>\n\t\t<div class='location_search_name_cell  location_search_cell'>Place: <br \/><input type=\"text\" id=\"location_search_name_field\" name=\"location_search_name\" value=\"\" \/><\/div>\n\t\t<div class='location_search_street_cell  location_search_cell'>Street: <br \/><input type=\"text\" id=\"location_search_address_field\" name=\"location_search_address\" value=\"\" \/><\/div>\n\t\t<div class='location_search_city_cell  location_search_cell'>City: <br \/><input type=\"text\"  id=\"location_search_city_field\" name=\"location_search_city\" value=\"\" \/><\/div>\n\t<\/div> \n\t<div id='location_search_1_tr' class='location_search_row'>\n\t\t<div class='location_search_state_cell  location_search_cell'>State: <br \/><input type=\"text\" id=\"location_search_state_field\" name=\"location_search_state\" value=\"\" \/><\/div>\n\t\t<div class='location_search_zip_cell  location_search_cell'>Zip: <br \/><input type=\"text\" id=\"location_search_zip_field\" name=\"location_search_zip\" value=\"\" \/><\/div>\n\t\t<div class='location_search_empty_cell location_search_cell'><\/div>\n\t<\/div> \n\t<div id='location_search_2_tr' class='location_search_row'>\n\t\t<div class='location_search_empty_cell location_search_cell'><\/div>\n\t\t<div class='location_search_distance_cell  location_search_cell'>Select a distance: <\/div>\n\t\t<div id='location_search_distance_fields'><select id=\"location_search_distance_field\" name=\"location_search_distance\" ><option value=\"1\">1 km<\/option>\n<option value=\"5\">5 km<\/option>\n<option value=\"10\">10 km<\/option>\n<option value=\"25\">25 km<\/option>\n<option value=\"50\">50 km<\/option>\n<option value=\"100\">100 km<\/option>\n<option value=\"500\" selected='selected'>500 km<\/option>\n<option value=\"1000\">1000 km<\/option>\n<\/select><\/div>\n\t<\/div> \n\t<div id='location_search_3_tr' class='location_search_row'>\n\t\t<div class='location_search_empty_cell location_search_cell'><\/div>\n\t\t<div class='location_search_cat_cell location_search_taxonomy_cell location_search_cell'>Categories<\/div>\n\t\t<div id='location_search_sm-category_fields'><label for=\"location_search_sm_category_field_19\" class=\"no-linebreak\"><input rel=\"location_search_sm_category_field\" type=\"checkbox\" name=\"location_search_sm_category_19field\" id=\"location_search_sm_category_field_19\" value=\"19\" \/> Atlastherapie \/ Atlaskorrektur - Atlastherapeuten finden&nbsp;&nbsp;&nbsp;&nbsp;&nbsp;<\/label> <\/div>\n\t<\/div> \n\t<div id='location_search_5_tr' class='location_search_row'>\n\t\t<div class='location_search_empty_cell location_search_cell'><\/div>\n\t\t<div class='location_search_submit_cell  location_search_cell'><input type=\"submit\" value=\"Search\" id=\"location_search_submit_field\" class=\"submit\" \/><\/div>\n\t\t<div class='location_search_empty_cell location_search_cell'><\/div>\n\t<\/div><\/div><input type=\"hidden\" id=\"avail_sm_category\" value=\"\" \/> <input type=\"hidden\" id=\"avail_sm_tag\" value=\"\" \/><input type='hidden' id='location_search_default_lat' value='50.436848' \/><input type='hidden' id='location_search_default_lng' value='7.353342200000043' \/><input type='hidden' id='location_search_limit' value='0' \/><input type='hidden' id='location_is_search_results' name='sm-location-search' value='0' \/><\/form><\/div><div id=\"simplemap-updating\" style=\"height:400px;width:100%;\"><img decoding=\"async\" src=\"https:\/\/atlasreflex.com\/wp-content\/plugins\/simplemap\/inc\/images\/loading.gif\" alt=\"Loading new locations\" \/><\/div><div id=\"simplemap\" style=\"width: 100%; height: 400px;\"><\/div><div id=\"results\" style=\"width: 100%;\"><\/div><script type=\"text\/javascript\">(function($) { jQuery(document).ready(function() {\n\t\t\t\tvar lat = \"50.436848\";\n\t\t\t\tvar lng = \"7.353342200000043\";\n\t\t\t\tvar aspid = \"0\";\n\t\t\t\tvar ascid = \"0\";\n\t\t\t\tvar asma = \"0\";\n\t\t\t\tvar shortcode_zoom_level = \"10\";\n\t\t\t\tvar map_type = \"ROADMAP\";\n\t\t\t\tvar shortcode_autoload = \"none\";\n\t\t\t\tvar shortcode_scrollwheel = \"1\";\n\t\t\t\tvar shortcode_draggable = \"1\";\n\t\t\t\tvar auto_locate = \"\";\n\t\t\t\tvar sm_autolocate_complete = false;\n\t\t\t\tgeocoder = new google.maps.Geocoder();\n\n\t\t\t\tif ( !0 && auto_locate == \"ip\" ) {\n\t\t\t\t\tjQuery.getJSON( \"https:\/\/freegeoip.net\/json\/?callback=?\", function(location) {\n\t\t\t\t\t\tlat = location.latitude;\n\t\t\t\t\t\tlng = location.longitude;\n\n                    \tif ( document.getElementById(\"location_search_city_field\") ) {\n\t\t\t\t\t\t\tdocument.getElementById(\"location_search_city_field\").value = location.city;\n\t\t\t\t\t\t}\n\t                    if ( document.getElementById(\"location_search_country_field\") ) {\n\t\t\t\t\t\t\tdocument.getElementById(\"location_search_country_field\").value = location.country_code;\n\t\t\t\t\t\t}\n        \t            if ( document.getElementById(\"location_search_state_field\") ) {\n\t\t\t\t\t\t\tdocument.getElementById(\"location_search_state_field\").value = location.region_code;\n\t\t\t\t\t\t}\n\t\t\t    if ( document.getElementById(\"location_search_zip_field\") && typeof location.zipcode != \"undefined\" && location.zipcode != \"undefined\" ) {\n\t\t\t\t\t\t\tdocument.getElementById(\"location_search_zip_field\").value = location.zipcode;\n\t\t\t\t\t\t}\n\t\t\t\t\t\tif ( document.getElementById(\"location_search_default_lat\" ) ) {\n\t\t\t\t\t\t\tdocument.getElementById(\"location_search_default_lat\").value = lat;\n\t\t\t\t\t\t}\n\t\t\t\t\t\tif ( document.getElementById(\"location_search_default_lng\" ) ) {\n\t\t\t\t\t\t\tdocument.getElementById(\"location_search_default_lng\").value = lng;\n\t\t\t\t\t\t}\n\t\t\t\t\t\t\n\t\t\t\tload_simplemap( lat, lng, aspid, ascid, asma, shortcode_zoom_level, map_type, shortcode_autoload, shortcode_scrollwheel, shortcode_draggable );\n\t\t\t\t\/\/searchLocations( 0 );\n\t\t\t\n\t\t\t\t\t\tsearchLocations( 1 );\n\t\t\t\t\t}).error(function() {\n\t\t\t\t\t \t\n\t\t\t\tload_simplemap( lat, lng, aspid, ascid, asma, shortcode_zoom_level, map_type, shortcode_autoload, shortcode_scrollwheel, shortcode_draggable );\n\t\t\t\t\/\/searchLocations( 0 );\n\t\t\t\n\t\t\t\t\t\tsearchLocations( 0 );\n\t\t\t\t\t});\n\t\t\t\t}\n\t\t\t\telse if ( !0 && auto_locate == \"html5\" ) {\n\t\t\t\t\t\/\/ Ugly hack for FireFox \"Not Now\" option\n\t\t\t\t\tsetTimeout(function () { \n\t\t\t\t\t\tif ( sm_autolocate_complete == false ) {\n\t\t\t\t\t\t\t\n\t\t\t\tload_simplemap( lat, lng, aspid, ascid, asma, shortcode_zoom_level, map_type, shortcode_autoload, shortcode_scrollwheel, shortcode_draggable );\n\t\t\t\t\/\/searchLocations( 0 );\n\t\t\t searchLocations( 0 );\n\t\t\t\t\t\t}\n\t\t\t\t\t}, 10000);\n\n\t\t\t\t\tnavigator.geolocation.getCurrentPosition(\n\t\t\t\t\t\tfunction(position) {\n\t\t\t\t\t\t\tlat = position.coords.latitude;\n\t\t\t\t\t\t\tlng = position.coords.longitude;\n\t\t\t\t\t\t\tif ( document.getElementById(\"location_search_default_lat\" ) ) {\n\t\t\t\t\t\t\t\tdocument.getElementById(\"location_search_default_lat\").value = lat;\n\t\t\t\t\t\t\t}\n\t\t\t\t\t\t\tif ( document.getElementById(\"location_search_default_lng\" ) ) {\n\t\t\t\t\t\t\t\tdocument.getElementById(\"location_search_default_lng\").value = lng;\n\t\t\t\t\t\t\t}\n\t\t\t\t\t\t\tsm_autolocate_complete = true;\n\t\t\t\t\t\t\t\n\t\t\t\tload_simplemap( lat, lng, aspid, ascid, asma, shortcode_zoom_level, map_type, shortcode_autoload, shortcode_scrollwheel, shortcode_draggable );\n\t\t\t\t\/\/searchLocations( 0 );\n\t\t\t\n\t\t\t\t\t\t\tsearchLocations( 1 );\n\t\t\t\t\t\t},\n\t\t\t\t\t\tfunction(error) {\n\t\t\t\t\t\t\tsm_autolocate_complete = true;\n\t\t\t\t\t\t\t\n\t\t\t\tload_simplemap( lat, lng, aspid, ascid, asma, shortcode_zoom_level, map_type, shortcode_autoload, shortcode_scrollwheel, shortcode_draggable );\n\t\t\t\t\/\/searchLocations( 0 );\n\t\t\t\n\t\t\t\t\t\t\tsearchLocations( 0 );\n\t\t\t\t\t\t},\n\t\t\t\t\t\t{\n\t\t\t\t\t\t\tmaximumAge:300000,\n\t\t\t\t\t\t\ttimeout:5000\n\t\t\t\t\t\t}\n\t\t\t\t\t);\n\t\t\t\t}\n\t\t\t\telse {\n\t\t\t\t\tsm_autolocate_complete = true;\n\t\t\t\t\t\n\t\t\t\tload_simplemap( lat, lng, aspid, ascid, asma, shortcode_zoom_level, map_type, shortcode_autoload, shortcode_scrollwheel, shortcode_draggable );\n\t\t\t\t\/\/searchLocations( 0 );\n\t\t\t\n\t\t\t\t\tsearchLocations( 0 );\n\t\t\t\t}\n\t\t\t});})(jQuery);<\/script>\n","protected":false},"excerpt":{"rendered":"","protected":false},"author":2,"featured_media":0,"parent":0,"menu_order":0,"comment_status":"closed","ping_status":"closed","template":"","meta":{"om_disable_all_campaigns":false,"footnotes":""},"class_list":["post-7125","page","type-page","status-publish","hentry"],"yoast_head":"<!-- This site is optimized with the Yoast SEO Premium plugin v27.4 (Yoast SEO v27.4) - https:\/\/yoast.com\/product\/yoast-seo-premium-wordpress\/ -->\n<title>suche<\/title>\n<meta name=\"description\" content=\"suche\" \/>\n<meta name=\"robots\" content=\"index, follow, max-snippet:-1, max-image-preview:large, max-video-preview:-1\" \/>\n<link rel=\"canonical\" href=\"https:\/\/atlasreflex.com\/atlastherapie\/suche\/\" \/>\n<meta property=\"og:locale\" content=\"de_DE\" \/>\n<meta property=\"og:type\" content=\"article\" \/>\n<meta property=\"og:title\" content=\"suche\" \/>\n<meta property=\"og:description\" content=\"suche\" \/>\n<meta property=\"og:url\" content=\"https:\/\/atlasreflex.com\/atlastherapie\/suche\/\" \/>\n<meta property=\"og:site_name\" content=\"Atlastherapie Atlaskorrektur\" \/>\n<meta property=\"article:publisher\" content=\"https:\/\/de-de.facebook.com\/www.atlasreflex.de\/\" \/>\n<meta property=\"og:image\" content=\"https:\/\/atlasreflex.com\/wp-content\/uploads\/2021\/10\/Atlastherapie-Atlaskorrektur-Logo-e1633541341545.jpg\" \/>\n\t<meta property=\"og:image:width\" content=\"550\" \/>\n\t<meta property=\"og:image:height\" content=\"157\" \/>\n\t<meta property=\"og:image:type\" content=\"image\/jpeg\" \/>\n<meta name=\"twitter:card\" content=\"summary_large_image\" \/>\n<meta name=\"twitter:site\" content=\"@atlasreflex\" \/>\n<script type=\"application\/ld+json\" class=\"yoast-schema-graph\">{\"@context\":\"https:\\\/\\\/schema.org\",\"@graph\":[{\"@type\":\"WebPage\",\"@id\":\"https:\\\/\\\/atlasreflex.com\\\/atlastherapie\\\/suche\\\/\",\"url\":\"https:\\\/\\\/atlasreflex.com\\\/atlastherapie\\\/suche\\\/\",\"name\":\"suche\",\"isPartOf\":{\"@id\":\"https:\\\/\\\/atlasreflex.com\\\/atlastherapie\\\/#website\"},\"datePublished\":\"2021-11-27T22:09:46+00:00\",\"description\":\"suche\",\"breadcrumb\":{\"@id\":\"https:\\\/\\\/atlasreflex.com\\\/atlastherapie\\\/suche\\\/#breadcrumb\"},\"inLanguage\":\"de\",\"potentialAction\":[{\"@type\":\"ReadAction\",\"target\":[\"https:\\\/\\\/atlasreflex.com\\\/atlastherapie\\\/suche\\\/\"]}]},{\"@type\":\"BreadcrumbList\",\"@id\":\"https:\\\/\\\/atlasreflex.com\\\/atlastherapie\\\/suche\\\/#breadcrumb\",\"itemListElement\":[{\"@type\":\"ListItem\",\"position\":1,\"name\":\"Atlastherapie Atlaskorrektur\",\"item\":\"https:\\\/\\\/atlasreflex.com\\\/atlastherapie\\\/\"},{\"@type\":\"ListItem\",\"position\":2,\"name\":\"suche\"}]},{\"@type\":\"WebSite\",\"@id\":\"https:\\\/\\\/atlasreflex.com\\\/atlastherapie\\\/#website\",\"url\":\"https:\\\/\\\/atlasreflex.com\\\/atlastherapie\\\/\",\"name\":\"www.atlasreflex.com\\\/atlastherapie\\\/\",\"description\":\"Atlastherapie- Atlastherapeuten suchen u. finden - mit allen Infos u. Fragen zur Atlaskorrektur\",\"publisher\":{\"@id\":\"https:\\\/\\\/atlasreflex.com\\\/atlastherapie\\\/#organization\"},\"alternateName\":\"www.atlasreflex.com\",\"potentialAction\":[{\"@type\":\"SearchAction\",\"target\":{\"@type\":\"EntryPoint\",\"urlTemplate\":\"https:\\\/\\\/atlasreflex.com\\\/atlastherapie\\\/?s={search_term_string}\"},\"query-input\":{\"@type\":\"PropertyValueSpecification\",\"valueRequired\":true,\"valueName\":\"search_term_string\"}}],\"inLanguage\":\"de\"},{\"@type\":[\"Organization\",\"Place\",\"Physiotherapy\"],\"@id\":\"https:\\\/\\\/atlasreflex.com\\\/atlastherapie\\\/#organization\",\"name\":\"AtlasreflexTh. Netzwerk der Atlastherapeuten f\u00fcr die Atlastherapie \\\/ Atlaskorrektur Alle Infos u. die Beantwortung aller Fragen\",\"alternateName\":\"Atlastherapeuten f\u00fcr die Atlastherapie suchen u.finden\",\"url\":\"https:\\\/\\\/atlasreflex.com\\\/atlastherapie\\\/\",\"logo\":{\"@id\":\"https:\\\/\\\/atlasreflex.com\\\/atlastherapie\\\/suche\\\/#local-main-organization-logo\"},\"image\":{\"@id\":\"https:\\\/\\\/atlasreflex.com\\\/atlastherapie\\\/suche\\\/#local-main-organization-logo\"},\"sameAs\":[\"https:\\\/\\\/de-de.facebook.com\\\/www.atlasreflex.de\\\/\",\"https:\\\/\\\/x.com\\\/atlasreflex\",\"https:\\\/\\\/www.instagram.com\\\/atlasreflexdeutschland\\\/\",\"https:\\\/\\\/de.linkedin.com\\\/in\\\/atlasreflex-atlastherapie-410a1795?trk=pub-pbmap\",\"https:\\\/\\\/www.pinterest.de\\\/atlasreflexTh\\\/\",\"https:\\\/\\\/www.youtube.com\\\/channel\\\/UC2GiX5XuIzbx8wJWZJkf8MQ\"],\"description\":\"Die atlasreflexTh.\u00ae \u2013 Atlastherapie ist eine einmalige Anwendung, die den Atlas (1.Halswirbel) dauerhaft, v\u00f6llig schmerzfrei und ohne Risiko in seine nat\u00fcrliche Position zur\u00fcck bringt. Eingesetzt werden kann die Atlastherapie vielf\u00e4ltig. Sie ist als neurophysiologisches Konzept auch eine ganzheitliche Behandlungsmethode. Die hier ausgebildeten Atlastherapeuten setzen die Atlastherapie bei allen stress- und verspannungsbedingten Beschwerden, wie Kopfschmerzen, Hals- Nacken- und R\u00fcckenbeschwerden, Migr\u00e4ne, Schwindel mit Gleichgewichtsst\u00f6rungen ein. Positiv beeinflussen lassen sich beispielsweise auch neuromotorische St\u00f6rungen, die verschiedene Ursachen haben k\u00f6nnen. Sie wird auch bei Schmerzzust\u00e4nden des Bewegungssystems eingesetzt. Die Atlastherapie wirkt auf das Gleichgewicht, den Muskeltonus, die Eigenwahrnehmung, das Schmerzempfinden sowie auf die vegetativen Funktionen. Zudem ist diese Art der Atlaskorrektur auch eine hervorragende M\u00f6glichkeit, verschiedene Blockierungen der Wirbel zu l\u00f6sen. Das Netzwerk der Atlastherapeuten informiert \u00fcber alle Standorte der Atlas Spezialisten. Die Suchfunktion listet alle Atlas Therapeuten f\u00fcr alle Regionen in Deutschland auf. Alle Infos zu Kosten, Dauer und Vorgehensweise. Alle Fragen zur Methode werden beantwortet.\",\"legalName\":\"atlasreflexTh.\",\"publishingPrinciples\":\"https:\\\/\\\/atlasreflex.com\\\/atlastherapie\\\/\",\"ownershipFundingInfo\":\"https:\\\/\\\/atlasreflex.com\\\/atlastherapie\\\/impressum\\\/\",\"actionableFeedbackPolicy\":\"https:\\\/\\\/atlasreflex.com\\\/atlastherapie\\\/atlas-wirbel-durch-erfahrene-therapeuten-korrigieren-lassen\\\/\",\"correctionsPolicy\":\"https:\\\/\\\/atlasreflex.com\\\/atlastherapie\\\/atlas-behandlung\\\/\",\"geo\":{\"@type\":\"GeoCoordinates\",\"latitude\":\"50.3880153\",\"longitude\":\"7.3861772\"},\"telephone\":[\"01792326510\"],\"contactPoint\":{\"@type\":\"ContactPoint\",\"telephone\":\"01792326510\"},\"openingHoursSpecification\":[{\"@type\":\"OpeningHoursSpecification\",\"dayOfWeek\":[\"Monday\",\"Tuesday\",\"Wednesday\",\"Thursday\",\"Friday\",\"Saturday\",\"Sunday\"],\"opens\":\"09:00\",\"closes\":\"17:00\"}],\"email\":\"marcusrose1@gmx.de\",\"areaServed\":\"Plaidt\",\"currenciesAccepted\":\"Euro\",\"paymentAccepted\":\"bar\"},{\"@type\":\"ImageObject\",\"inLanguage\":\"de\",\"@id\":\"https:\\\/\\\/atlasreflex.com\\\/atlastherapie\\\/suche\\\/#local-main-organization-logo\",\"url\":\"https:\\\/\\\/atlasreflex.com\\\/wp-content\\\/uploads\\\/2014\\\/12\\\/cropped-apple-touch-icon-152x152-1.png\",\"contentUrl\":\"https:\\\/\\\/atlasreflex.com\\\/wp-content\\\/uploads\\\/2014\\\/12\\\/cropped-apple-touch-icon-152x152-1.png\",\"width\":512,\"height\":512,\"caption\":\"AtlasreflexTh. Netzwerk der Atlastherapeuten f\u00fcr die Atlastherapie \\\/ Atlaskorrektur Alle Infos u. die Beantwortung aller Fragen\"}]}<\/script>\n<meta name=\"geo.placename\" content=\"Plaidt\" \/>\n<meta name=\"geo.position\" content=\"50.3880153;7.3861772\" \/>\n<meta name=\"geo.region\" content=\"Deutschland\" \/>\n<!-- \/ Yoast SEO Premium plugin. -->","yoast_head_json":{"title":"suche","description":"suche","robots":{"index":"index","follow":"follow","max-snippet":"max-snippet:-1","max-image-preview":"max-image-preview:large","max-video-preview":"max-video-preview:-1"},"canonical":"https:\/\/atlasreflex.com\/atlastherapie\/suche\/","og_locale":"de_DE","og_type":"article","og_title":"suche","og_description":"suche","og_url":"https:\/\/atlasreflex.com\/atlastherapie\/suche\/","og_site_name":"Atlastherapie Atlaskorrektur","article_publisher":"https:\/\/de-de.facebook.com\/www.atlasreflex.de\/","og_image":[{"width":550,"height":157,"url":"https:\/\/atlasreflex.com\/wp-content\/uploads\/2021\/10\/Atlastherapie-Atlaskorrektur-Logo-e1633541341545.jpg","type":"image\/jpeg"}],"twitter_card":"summary_large_image","twitter_site":"@atlasreflex","schema":{"@context":"https:\/\/schema.org","@graph":[{"@type":"WebPage","@id":"https:\/\/atlasreflex.com\/atlastherapie\/suche\/","url":"https:\/\/atlasreflex.com\/atlastherapie\/suche\/","name":"suche","isPartOf":{"@id":"https:\/\/atlasreflex.com\/atlastherapie\/#website"},"datePublished":"2021-11-27T22:09:46+00:00","description":"suche","breadcrumb":{"@id":"https:\/\/atlasreflex.com\/atlastherapie\/suche\/#breadcrumb"},"inLanguage":"de","potentialAction":[{"@type":"ReadAction","target":["https:\/\/atlasreflex.com\/atlastherapie\/suche\/"]}]},{"@type":"BreadcrumbList","@id":"https:\/\/atlasreflex.com\/atlastherapie\/suche\/#breadcrumb","itemListElement":[{"@type":"ListItem","position":1,"name":"Atlastherapie Atlaskorrektur","item":"https:\/\/atlasreflex.com\/atlastherapie\/"},{"@type":"ListItem","position":2,"name":"suche"}]},{"@type":"WebSite","@id":"https:\/\/atlasreflex.com\/atlastherapie\/#website","url":"https:\/\/atlasreflex.com\/atlastherapie\/","name":"www.atlasreflex.com\/atlastherapie\/","description":"Atlastherapie- Atlastherapeuten suchen u. finden - mit allen Infos u. Fragen zur Atlaskorrektur","publisher":{"@id":"https:\/\/atlasreflex.com\/atlastherapie\/#organization"},"alternateName":"www.atlasreflex.com","potentialAction":[{"@type":"SearchAction","target":{"@type":"EntryPoint","urlTemplate":"https:\/\/atlasreflex.com\/atlastherapie\/?s={search_term_string}"},"query-input":{"@type":"PropertyValueSpecification","valueRequired":true,"valueName":"search_term_string"}}],"inLanguage":"de"},{"@type":["Organization","Place","Physiotherapy"],"@id":"https:\/\/atlasreflex.com\/atlastherapie\/#organization","name":"AtlasreflexTh. Netzwerk der Atlastherapeuten f\u00fcr die Atlastherapie \/ Atlaskorrektur Alle Infos u. die Beantwortung aller Fragen","alternateName":"Atlastherapeuten f\u00fcr die Atlastherapie suchen u.finden","url":"https:\/\/atlasreflex.com\/atlastherapie\/","logo":{"@id":"https:\/\/atlasreflex.com\/atlastherapie\/suche\/#local-main-organization-logo"},"image":{"@id":"https:\/\/atlasreflex.com\/atlastherapie\/suche\/#local-main-organization-logo"},"sameAs":["https:\/\/de-de.facebook.com\/www.atlasreflex.de\/","https:\/\/x.com\/atlasreflex","https:\/\/www.instagram.com\/atlasreflexdeutschland\/","https:\/\/de.linkedin.com\/in\/atlasreflex-atlastherapie-410a1795?trk=pub-pbmap","https:\/\/www.pinterest.de\/atlasreflexTh\/","https:\/\/www.youtube.com\/channel\/UC2GiX5XuIzbx8wJWZJkf8MQ"],"description":"Die atlasreflexTh.\u00ae \u2013 Atlastherapie ist eine einmalige Anwendung, die den Atlas (1.Halswirbel) dauerhaft, v\u00f6llig schmerzfrei und ohne Risiko in seine nat\u00fcrliche Position zur\u00fcck bringt. Eingesetzt werden kann die Atlastherapie vielf\u00e4ltig. Sie ist als neurophysiologisches Konzept auch eine ganzheitliche Behandlungsmethode. Die hier ausgebildeten Atlastherapeuten setzen die Atlastherapie bei allen stress- und verspannungsbedingten Beschwerden, wie Kopfschmerzen, Hals- Nacken- und R\u00fcckenbeschwerden, Migr\u00e4ne, Schwindel mit Gleichgewichtsst\u00f6rungen ein. Positiv beeinflussen lassen sich beispielsweise auch neuromotorische St\u00f6rungen, die verschiedene Ursachen haben k\u00f6nnen. Sie wird auch bei Schmerzzust\u00e4nden des Bewegungssystems eingesetzt. Die Atlastherapie wirkt auf das Gleichgewicht, den Muskeltonus, die Eigenwahrnehmung, das Schmerzempfinden sowie auf die vegetativen Funktionen. Zudem ist diese Art der Atlaskorrektur auch eine hervorragende M\u00f6glichkeit, verschiedene Blockierungen der Wirbel zu l\u00f6sen. Das Netzwerk der Atlastherapeuten informiert \u00fcber alle Standorte der Atlas Spezialisten. Die Suchfunktion listet alle Atlas Therapeuten f\u00fcr alle Regionen in Deutschland auf. Alle Infos zu Kosten, Dauer und Vorgehensweise. Alle Fragen zur Methode werden beantwortet.","legalName":"atlasreflexTh.","publishingPrinciples":"https:\/\/atlasreflex.com\/atlastherapie\/","ownershipFundingInfo":"https:\/\/atlasreflex.com\/atlastherapie\/impressum\/","actionableFeedbackPolicy":"https:\/\/atlasreflex.com\/atlastherapie\/atlas-wirbel-durch-erfahrene-therapeuten-korrigieren-lassen\/","correctionsPolicy":"https:\/\/atlasreflex.com\/atlastherapie\/atlas-behandlung\/","geo":{"@type":"GeoCoordinates","latitude":"50.3880153","longitude":"7.3861772"},"telephone":["01792326510"],"contactPoint":{"@type":"ContactPoint","telephone":"01792326510"},"openingHoursSpecification":[{"@type":"OpeningHoursSpecification","dayOfWeek":["Monday","Tuesday","Wednesday","Thursday","Friday","Saturday","Sunday"],"opens":"09:00","closes":"17:00"}],"email":"marcusrose1@gmx.de","areaServed":"Plaidt","currenciesAccepted":"Euro","paymentAccepted":"bar"},{"@type":"ImageObject","inLanguage":"de","@id":"https:\/\/atlasreflex.com\/atlastherapie\/suche\/#local-main-organization-logo","url":"https:\/\/atlasreflex.com\/wp-content\/uploads\/2014\/12\/cropped-apple-touch-icon-152x152-1.png","contentUrl":"https:\/\/atlasreflex.com\/wp-content\/uploads\/2014\/12\/cropped-apple-touch-icon-152x152-1.png","width":512,"height":512,"caption":"AtlasreflexTh. Netzwerk der Atlastherapeuten f\u00fcr die Atlastherapie \/ Atlaskorrektur Alle Infos u. die Beantwortung aller Fragen"}]},"geo.placename":"Plaidt","geo.position":{"lat":"50.3880153","long":"7.3861772"},"geo.region":"Deutschland"},"_links":{"self":[{"href":"https:\/\/atlasreflex.com\/atlastherapie\/wp-json\/wp\/v2\/pages\/7125","targetHints":{"allow":["GET"]}}],"collection":[{"href":"https:\/\/atlasreflex.com\/atlastherapie\/wp-json\/wp\/v2\/pages"}],"about":[{"href":"https:\/\/atlasreflex.com\/atlastherapie\/wp-json\/wp\/v2\/types\/page"}],"author":[{"embeddable":true,"href":"https:\/\/atlasreflex.com\/atlastherapie\/wp-json\/wp\/v2\/users\/2"}],"replies":[{"embeddable":true,"href":"https:\/\/atlasreflex.com\/atlastherapie\/wp-json\/wp\/v2\/comments?post=7125"}],"version-history":[{"count":0,"href":"https:\/\/atlasreflex.com\/atlastherapie\/wp-json\/wp\/v2\/pages\/7125\/revisions"}],"wp:attachment":[{"href":"https:\/\/atlasreflex.com\/atlastherapie\/wp-json\/wp\/v2\/media?parent=7125"}],"curies":[{"name":"wp","href":"https:\/\/api.w.org\/{rel}","templated":true}]}}